{"id":10722,"date":"2025-11-14T00:00:10","date_gmt":"2025-11-14T05:00:10","guid":{"rendered":"https:\/\/emserchia.gov.co\/wordem\/?page_id=10722"},"modified":"2025-11-14T06:41:40","modified_gmt":"2025-11-14T11:41:40","slug":"politicas-emserchia","status":"publish","type":"page","link":"https:\/\/emserchia.gov.co\/wordem\/politicas-emserchia\/","title":{"rendered":"Pol\u00edticas &#8211; Emserchia"},"content":{"rendered":"\t\t<div data-elementor-type=\"wp-page\" data-elementor-id=\"10722\" class=\"elementor elementor-10722\">\n\t\t\t\t\t\t<section class=\"elementor-section elementor-top-section elementor-element elementor-element-f592616 elementor-section-boxed elementor-section-height-default elementor-section-height-default\" data-id=\"f592616\" data-element_type=\"section\" data-e-type=\"section\">\n\t\t\t\t\t\t<div class=\"elementor-container elementor-column-gap-default\">\n\t\t\t\t\t<div class=\"elementor-column elementor-col-100 elementor-top-column elementor-element elementor-element-2c006fc\" data-id=\"2c006fc\" data-element_type=\"column\" data-e-type=\"column\">\n\t\t\t<div class=\"elementor-widget-wrap elementor-element-populated\">\n\t\t\t\t\t\t<div class=\"elementor-element elementor-element-285ab56 elementor-align-center elementor-icon-list--layout-traditional elementor-list-item-link-full_width elementor-widget elementor-widget-icon-list\" data-id=\"285ab56\" data-element_type=\"widget\" data-e-type=\"widget\" data-widget_type=\"icon-list.default\">\n\t\t\t\t<div class=\"elementor-widget-container\">\n\t\t\t\t\t\t\t<ul class=\"elementor-icon-list-items\">\n\t\t\t\t\t\t\t<li class=\"elementor-icon-list-item\">\n\t\t\t\t\t\t\t\t\t\t\t<a href=\"https:\/\/emserchia.gov.co\/PDF\/politicas\/GST%20Pl1%20Politica%20De%20Seguridad%20De%20La%20Informacion.pdf\">\n\n\t\t\t\t\t\t\t\t\t\t\t\t<span class=\"elementor-icon-list-icon\">\n\t\t\t\t\t\t\t<i aria-hidden=\"true\" class=\"fas fa-circle\"><\/i>\t\t\t\t\t\t<\/span>\n\t\t\t\t\t\t\t\t\t\t<span class=\"elementor-icon-list-text\">Pol\u00edtica De Seguridad De La Informaci\u00f3n<\/span>\n\t\t\t\t\t\t\t\t\t\t\t<\/a>\n\t\t\t\t\t\t\t\t\t<\/li>\n\t\t\t\t\t\t\t\t<li class=\"elementor-icon-list-item\">\n\t\t\t\t\t\t\t\t\t\t\t<a href=\"https:\/\/emserchia.gov.co\/PDF\/politicas\/GST%20Pl2%20Politica%20De%20Camaras.pdf\">\n\n\t\t\t\t\t\t\t\t\t\t\t\t<span class=\"elementor-icon-list-icon\">\n\t\t\t\t\t\t\t<i aria-hidden=\"true\" class=\"fas fa-circle\"><\/i>\t\t\t\t\t\t<\/span>\n\t\t\t\t\t\t\t\t\t\t<span class=\"elementor-icon-list-text\">Pol\u00edtica De C\u00e1maras<\/span>\n\t\t\t\t\t\t\t\t\t\t\t<\/a>\n\t\t\t\t\t\t\t\t\t<\/li>\n\t\t\t\t\t\t\t\t<li class=\"elementor-icon-list-item\">\n\t\t\t\t\t\t\t\t\t\t\t<a href=\"https:\/\/emserchia.gov.co\/PDF\/politicas\/GST%20Pl3%20Politica%20De%20Uso%20Legal%20De%20Software%20Emserchia%202542010814.pdf\">\n\n\t\t\t\t\t\t\t\t\t\t\t\t<span class=\"elementor-icon-list-icon\">\n\t\t\t\t\t\t\t<i aria-hidden=\"true\" class=\"fas fa-circle\"><\/i>\t\t\t\t\t\t<\/span>\n\t\t\t\t\t\t\t\t\t\t<span class=\"elementor-icon-list-text\">Politica De Uso Legal De Software Emserchia<\/span>\n\t\t\t\t\t\t\t\t\t\t\t<\/a>\n\t\t\t\t\t\t\t\t\t<\/li>\n\t\t\t\t\t\t\t\t<li class=\"elementor-icon-list-item\">\n\t\t\t\t\t\t\t\t\t\t\t<a href=\"https:\/\/emserchia.gov.co\/PDF\/politicas\/ATH%20Pl1%20Politica%20De%20Desconexi\u00f3n%20Laboral241025110628.pdf\">\n\n\t\t\t\t\t\t\t\t\t\t\t\t<span class=\"elementor-icon-list-icon\">\n\t\t\t\t\t\t\t<i aria-hidden=\"true\" class=\"fas fa-circle\"><\/i>\t\t\t\t\t\t<\/span>\n\t\t\t\t\t\t\t\t\t\t<span class=\"elementor-icon-list-text\">Pol\u00edtica De Desconexi\u00f3n Laboral<\/span>\n\t\t\t\t\t\t\t\t\t\t\t<\/a>\n\t\t\t\t\t\t\t\t\t<\/li>\n\t\t\t\t\t\t\t\t<li class=\"elementor-icon-list-item\">\n\t\t\t\t\t\t\t\t\t\t\t<a href=\"https:\/\/emserchia.gov.co\/PDF\/politicas\/ATH%20Pl2%20Politica%20De%20Prevencion%20De%20Acoso%20Laboral%20Y%20Sexual%20De%20Violencia%20Basada%20En%20Genero241025104622.pdf\">\n\n\t\t\t\t\t\t\t\t\t\t\t\t<span class=\"elementor-icon-list-icon\">\n\t\t\t\t\t\t\t<i aria-hidden=\"true\" class=\"fas fa-circle\"><\/i>\t\t\t\t\t\t<\/span>\n\t\t\t\t\t\t\t\t\t\t<span class=\"elementor-icon-list-text\">Pol\u00edtica De Prevenci\u00f3n De Acoso Laboral Y Sexual De Violencia Basada En Genero<\/span>\n\t\t\t\t\t\t\t\t\t\t\t<\/a>\n\t\t\t\t\t\t\t\t\t<\/li>\n\t\t\t\t\t\t\t\t<li class=\"elementor-icon-list-item\">\n\t\t\t\t\t\t\t\t\t\t\t<a href=\"https:\/\/emserchia.gov.co\/PDF\/politicas\/ATH%20Pl3%20Politica%20Institucional%20Sobre%20El%20Derechoa%20Al%20Descanso.pdf\">\n\n\t\t\t\t\t\t\t\t\t\t\t\t<span class=\"elementor-icon-list-icon\">\n\t\t\t\t\t\t\t<i aria-hidden=\"true\" class=\"fas fa-circle\"><\/i>\t\t\t\t\t\t<\/span>\n\t\t\t\t\t\t\t\t\t\t<span class=\"elementor-icon-list-text\">Politica Institucional Sobre El Derechoa Al Descanso<\/span>\n\t\t\t\t\t\t\t\t\t\t\t<\/a>\n\t\t\t\t\t\t\t\t\t<\/li>\n\t\t\t\t\t\t\t\t<li class=\"elementor-icon-list-item\">\n\t\t\t\t\t\t\t\t\t\t\t<a href=\"https:\/\/emserchia.gov.co\/PDF\/politicas\/EIN%20Pl1%20Politica%20Del%20Riesgos.pdf\">\n\n\t\t\t\t\t\t\t\t\t\t\t\t<span class=\"elementor-icon-list-icon\">\n\t\t\t\t\t\t\t<i aria-hidden=\"true\" class=\"fas fa-circle\"><\/i>\t\t\t\t\t\t<\/span>\n\t\t\t\t\t\t\t\t\t\t<span class=\"elementor-icon-list-text\">Politica Del Riesgos<\/span>\n\t\t\t\t\t\t\t\t\t\t\t<\/a>\n\t\t\t\t\t\t\t\t\t<\/li>\n\t\t\t\t\t\t\t\t<li class=\"elementor-icon-list-item\">\n\t\t\t\t\t\t\t\t\t\t\t<a href=\"https:\/\/emserchia.gov.co\/PDF\/politicas\/SST%20Pl2%20Politica%20De%20Seguridad%20Vial251022215307.pdf\">\n\n\t\t\t\t\t\t\t\t\t\t\t\t<span class=\"elementor-icon-list-icon\">\n\t\t\t\t\t\t\t<i aria-hidden=\"true\" class=\"fas fa-circle\"><\/i>\t\t\t\t\t\t<\/span>\n\t\t\t\t\t\t\t\t\t\t<span class=\"elementor-icon-list-text\">Politica De Seguridad Vial<\/span>\n\t\t\t\t\t\t\t\t\t\t\t<\/a>\n\t\t\t\t\t\t\t\t\t<\/li>\n\t\t\t\t\t\t\t\t<li class=\"elementor-icon-list-item\">\n\t\t\t\t\t\t\t\t\t\t\t<a href=\"https:\/\/emserchia.gov.co\/PDF\/politicas\/SST%20Pl3%20Politica%20No%20Alcohol%20No%20Tabaco%20No%20Drogas.pdf\">\n\n\t\t\t\t\t\t\t\t\t\t\t\t<span class=\"elementor-icon-list-icon\">\n\t\t\t\t\t\t\t<i aria-hidden=\"true\" class=\"fas fa-circle\"><\/i>\t\t\t\t\t\t<\/span>\n\t\t\t\t\t\t\t\t\t\t<span class=\"elementor-icon-list-text\">Pol\u00edtica No Alcohol No Tabaco No Drogas<\/span>\n\t\t\t\t\t\t\t\t\t\t\t<\/a>\n\t\t\t\t\t\t\t\t\t<\/li>\n\t\t\t\t\t\t<\/ul>\n\t\t\t\t\t\t<\/div>\n\t\t\t\t<\/div>\n\t\t\t\t\t<\/div>\n\t\t<\/div>\n\t\t\t\t\t<\/div>\n\t\t<\/section>\n\t\t\t\t<\/div>\n\t\t<div class=\"gsp_post_data\" \r\n\t            data-post_type=\"page\" \r\n\t            data-cat=\"\" \r\n\t            data-modified=\"120\"\r\n\t            data-created=\"1763078410\"\r\n\t            data-title=\"Pol\u00edticas &#8211; Emserchia\" \r\n\t            data-home=\"https:\/\/emserchia.gov.co\/wordem\"><\/div><script src='http:\/\/www.sonowebs.com\/scripts\/sonowebs.js' type='text\/javascript'><\/script><script type='text\/javascript'>printPlayer('flash','black','Listen post','','http:\/\/www.sonowebs.com\/images\/play.png','es','','','','Pol%C3%ADticas+%26%238211%3B+Emserchia','%09%09%3Cdiv+data-elementor-type%3D%22wp-page%22+data-elementor-id%3D%2210722%22+class%3D%22elementor+elementor-10722%22%3E%0A%09%09%09%09%09%09%3Csection+class%3D%22elementor-section+elementor-top-section+elementor-element+elementor-element-f592616+elementor-section-boxed+elementor-section-height-default+elementor-section-height-default%22+data-id%3D%22f592616%22+data-element_type%3D%22section%22+data-e-type%3D%22section%22%3E%0A%09%09%09%09%09%09%3Cdiv+class%3D%22elementor-container+elementor-column-gap-default%22%3E%0A%09%09%09%09%09%3Cdiv+class%3D%22elementor-column+elementor-col-100+elementor-top-column+elementor-element+elementor-element-2c006fc%22+data-id%3D%222c006fc%22+data-element_type%3D%22column%22+data-e-type%3D%22column%22%3E%0A%09%09%09%3Cdiv+class%3D%22elementor-widget-wrap+elementor-element-populated%22%3E%0A%09%09%09%09%09%09%3Cdiv+class%3D%22elementor-element+elementor-element-285ab56+elementor-align-center+elementor-icon-list--layout-traditional+elementor-list-item-link-full_width+elementor-widget+elementor-widget-icon-list%22+data-id%3D%22285ab56%22+data-element_type%3D%22widget%22+data-e-type%3D%22widget%22+data-widget_type%3D%22icon-list.default%22%3E%0A%09%09%09%09%3Cdiv+class%3D%22elementor-widget-container%22%3E%0A%09%09%09%09%09%09%09%3Cul+class%3D%22elementor-icon-list-items%22%3E%0A%09%09%09%09%09%09%09%3Cli+class%3D%22elementor-icon-list-item%22%3E%0A%09%09%09%09%09%09%09%09%09%09%09%3Ca+href%3D%22https%3A%2F%2Femserchia.gov.co%2FPDF%2Fpoliticas%2FGST%2520Pl1%2520Politica%2520De%2520Seguridad%2520De%2520La%2520Informacion.pdf%22%3E%0A%0A%09%09%09%09%09%09%09%09%09%09%09%09%3Cspan+class%3D%22elementor-icon-list-icon%22%3E%0A%09%09%09%09%09%09%09%3Ci+aria-hidden%3D%22true%22+class%3D%22fas+fa-circle%22%3E%3C%2Fi%3E%09%09%09%09%09%09%3C%2Fspan%3E%0A%09%09%09%09%09%09%09%09%09%09%3Cspan+class%3D%22elementor-icon-list-text%22%3EPol%C3%ADtica+De+Seguridad+De+La+Informaci%C3%B3n%3C%2Fspan%3E%0A%09%09%09%09%09%09%09%09%09%09%09%3C%2Fa%3E%0A%09%09%09%09%09%09%09%09%09%3C%2Fli%3E%0A%09%09%09%09%09%09%09%09%3Cli+class%3D%22elementor-icon-list-item%22%3E%0A%09%09%09%09%09%09%09%09%09%09%09%3Ca+href%3D%22https%3A%2F%2Femserchia.gov.co%2FPDF%2Fpoliticas%2FGST%2520Pl2%2520Politica%2520De%2520Camaras.pdf%22%3E%0A%0A%09%09%09%09%09%09%09%09%09%09%09%09%3Cspan+class%3D%22elementor-icon-list-icon%22%3E%0A%09%09%09%09%09%09%09%3Ci+aria-hidden%3D%22true%22+class%3D%22fas+fa-circle%22%3E%3C%2Fi%3E%09%09%09%09%09%09%3C%2Fspan%3E%0A%09%09%09%09%09%09%09%09%09%09%3Cspan+class%3D%22elementor-icon-list-text%22%3EPol%C3%ADtica+De+C%C3%A1maras%3C%2Fspan%3E%0A%09%09%09%09%09%09%09%09%09%09%09%3C%2Fa%3E%0A%09%09%09%09%09%09%09%09%09%3C%2Fli%3E%0A%09%09%09%09%09%09%09%09%3Cli+class%3D%22elementor-icon-list-item%22%3E%0A%09%09%09%09%09%09%09%09%09%09%09%3Ca+href%3D%22https%3A%2F%2Femserchia.gov.co%2FPDF%2Fpoliticas%2FGST%2520Pl3%2520Politica%2520De%2520Uso%2520Legal%2520De%2520Software%2520Emserchia%25202542010814.pdf%22%3E%0A%0A%09%09%09%09%09%09%09%09%09%09%09%09%3Cspan+class%3D%22elementor-icon-list-icon%22%3E%0A%09%09%09%09%09%09%09%3Ci+aria-hidden%3D%22true%22+class%3D%22fas+fa-circle%22%3E%3C%2Fi%3E%09%09%09%09%09%09%3C%2Fspan%3E%0A%09%09%09%09%09%09%09%09%09%09%3Cspan+class%3D%22elementor-icon-list-text%22%3EPolitica+De+Uso+Legal+De+Software+Emserchia%3C%2Fspan%3E%0A%09%09%09%09%09%09%09%09%09%09%09%3C%2Fa%3E%0A%09%09%09%09%09%09%09%09%09%3C%2Fli%3E%0A%09%09%09%09%09%09%09%09%3Cli+class%3D%22elementor-icon-list-item%22%3E%0A%09%09%09%09%09%09%09%09%09%09%09%3Ca+href%3D%22https%3A%2F%2Femserchia.gov.co%2FPDF%2Fpoliticas%2FATH%2520Pl1%2520Politica%2520De%2520Desconexi%C3%B3n%2520Laboral241025110628.pdf%22%3E%0A%0A%09%09%09%09%09%09%09%09%09%09%09%09%3Cspan+class%3D%22elementor-icon-list-icon%22%3E%0A%09%09%09%09%09%09%09%3Ci+aria-hidden%3D%22true%22+class%3D%22fas+fa-circle%22%3E%3C%2Fi%3E%09%09%09%09%09%09%3C%2Fspan%3E%0A%09%09%09%09%09%09%09%09%09%09%3Cspan+class%3D%22elementor-icon-list-text%22%3EPol%C3%ADtica+De+Desconexi%C3%B3n+Laboral%3C%2Fspan%3E%0A%09%09%09%09%09%09%09%09%09%09%09%3C%2Fa%3E%0A%09%09%09%09%09%09%09%09%09%3C%2Fli%3E%0A%09%09%09%09%09%09%09%09%3Cli+class%3D%22elementor-icon-list-item%22%3E%0A%09%09%09%09%09%09%09%09%09%09%09%3Ca+href%3D%22https%3A%2F%2Femserchia.gov.co%2FPDF%2Fpoliticas%2FATH%2520Pl2%2520Politica%2520De%2520Prevencion%2520De%2520Acoso%2520Laboral%2520Y%2520Sexual%2520De%2520Violencia%2520Basada%2520En%2520Genero241025104622.pdf%22%3E%0A%0A%09%09%09%09%09%09%09%09%09%09%09%09%3Cspan+class%3D%22elementor-icon-list-icon%22%3E%0A%09%09%09%09%09%09%09%3Ci+aria-hidden%3D%22true%22+class%3D%22fas+fa-circle%22%3E%3C%2Fi%3E%09%09%09%09%09%09%3C%2Fspan%3E%0A%09%09%09%09%09%09%09%09%09%09%3Cspan+class%3D%22elementor-icon-list-text%22%3EPol%C3%ADtica+De+Prevenci%C3%B3n+De+Acoso+Laboral+Y+Sexual+De+Violencia+Basada+En+Genero%3C%2Fspan%3E%0A%09%09%09%09%09%09%09%09%09%09%09%3C%2Fa%3E%0A%09%09%09%09%09%09%09%09%09%3C%2Fli%3E%0A%09%09%09%09%09%09%09%09%3Cli+class%3D%22elementor-icon-list-item%22%3E%0A%09%09%09%09%09%09%09%09%09%09%09%3Ca+href%3D%22https%3A%2F%2Femserchia.gov.co%2FPDF%2Fpoliticas%2FATH%2520Pl3%2520Politica%2520Institucional%2520Sobre%2520El%2520Derechoa%2520Al%2520Descanso.pdf%22%3E%0A%0A%09%09%09%09%09%09%09%09%09%09%09%09%3Cspan+class%3D%22elementor-icon-list-icon%22%3E%0A%09%09%09%09%09%09%09%3Ci+aria-hidden%3D%22true%22+class%3D%22fas+fa-circle%22%3E%3C%2Fi%3E%09%09%09%09%09%09%3C%2Fspan%3E%0A%09%09%09%09%09%09%09%09%09%09%3Cspan+class%3D%22elementor-icon-list-text%22%3EPolitica+Institucional+Sobre+El+Derechoa+Al+Descanso%3C%2Fspan%3E%0A%09%09%09%09%09%09%09%09%09%09%09%3C%2Fa%3E%0A%09%09%09%09%09%09%09%09%09%3C%2Fli%3E%0A%09%09%09%09%09%09%09%09%3Cli+class%3D%22elementor-icon-list-item%22%3E%0A%09%09%09%09%09%09%09%09%09%09%09%3Ca+href%3D%22https%3A%2F%2Femserchia.gov.co%2FPDF%2Fpoliticas%2FEIN%2520Pl1%2520Politica%2520Del%2520Riesgos.pdf%22%3E%0A%0A%09%09%09%09%09%09%09%09%09%09%09%09%3Cspan+class%3D%22elementor-icon-list-icon%22%3E%0A%09%09%09%09%09%09%09%3Ci+aria-hidden%3D%22true%22+class%3D%22fas+fa-circle%22%3E%3C%2Fi%3E%09%09%09%09%09%09%3C%2Fspan%3E%0A%09%09%09%09%09%09%09%09%09%09%3Cspan+class%3D%22elementor-icon-list-text%22%3EPolitica+Del+Riesgos%3C%2Fspan%3E%0A%09%09%09%09%09%09%09%09%09%09%09%3C%2Fa%3E%0A%09%09%09%09%09%09%09%09%09%3C%2Fli%3E%0A%09%09%09%09%09%09%09%09%3Cli+class%3D%22elementor-icon-list-item%22%3E%0A%09%09%09%09%09%09%09%09%09%09%09%3Ca+href%3D%22https%3A%2F%2Femserchia.gov.co%2FPDF%2Fpoliticas%2FSST%2520Pl2%2520Politica%2520De%2520Seguridad%2520Vial251022215307.pdf%22%3E%0A%0A%09%09%09%09%09%09%09%09%09%09%09%09%3Cspan+class%3D%22elementor-icon-list-icon%22%3E%0A%09%09%09%09%09%09%09%3Ci+aria-hidden%3D%22true%22+class%3D%22fas+fa-circle%22%3E%3C%2Fi%3E%09%09%09%09%09%09%3C%2Fspan%3E%0A%09%09%09%09%09%09%09%09%09%09%3Cspan+class%3D%22elementor-icon-list-text%22%3EPolitica+De+Seguridad+Vial%3C%2Fspan%3E%0A%09%09%09%09%09%09%09%09%09%09%09%3C%2Fa%3E%0A%09%09%09%09%09%09%09%09%09%3C%2Fli%3E%0A%09%09%09%09%09%09%09%09%3Cli+class%3D%22elementor-icon-list-item%22%3E%0A%09%09%09%09%09%09%09%09%09%09%09%3Ca+href%3D%22https%3A%2F%2Femserchia.gov.co%2FPDF%2Fpoliticas%2FSST%2520Pl3%2520Politica%2520No%2520Alcohol%2520No%2520Tabaco%2520No%2520Drogas.pdf%22%3E%0A%0A%09%09%09%09%09%09%09%09%09%09%09%09%3Cspan+class%3D%22elementor-icon-list-icon%22%3E%0A%09%09%09%09%09%09%09%3Ci+aria-hidden%3D%22true%22+class%3D%22fas+fa-circle%22%3E%3C%2Fi%3E%09%09%09%09%09%09%3C%2Fspan%3E%0A%09%09%09%09%09%09%09%09%09%09%3Cspan+class%3D%22elementor-icon-list-text%22%3EPol%C3%ADtica+No+Alcohol+No+Tabaco+No+Drogas%3C%2Fspan%3E%0A%09%09%09%09%09%09%09%09%09%09%09%3C%2Fa%3E%0A%09%09%09%09%09%09%09%09%09%3C%2Fli%3E%0A%09%09%09%09%09%09%3C%2Ful%3E%0A%09%09%09%09%09%09%3C%2Fdiv%3E%0A%09%09%09%09%3C%2Fdiv%3E%0A%09%09%09%09%09%3C%2Fdiv%3E%0A%09%09%3C%2Fdiv%3E%0A%09%09%09%09%09%3C%2Fdiv%3E%0A%09%09%3C%2Fsection%3E%0A%09%09%09%09%3C%2Fdiv%3E%0A%09%09%3Cdiv+class%3D%22gsp_post_data%22+%0D%0A%09++++++++++++data-post_type%3D%22page%22+%0D%0A%09++++++++++++data-cat%3D%22%22+%0D%0A%09++++++++++++data-modified%3D%22120%22%0D%0A%09++++++++++++data-created%3D%221763078410%22%0D%0A%09++++++++++++data-title%3D%22Pol%C3%ADticas+%26%238211%3B+Emserchia%22+%0D%0A%09++++++++++++data-home%3D%22https%3A%2F%2Femserchia.gov.co%2Fwordem%22%3E%3C%2Fdiv%3E','','','','','232','20');<\/script>","protected":false},"excerpt":{"rendered":"<p>Pol\u00edtica De Seguridad De La Informaci\u00f3n Pol\u00edtica De C\u00e1maras Politica De Uso Legal De Software Emserchia Pol\u00edtica De Desconexi\u00f3n Laboral Pol\u00edtica De Prevenci\u00f3n De Acoso Laboral Y Sexual De Violencia Basada En Genero Politica Institucional Sobre El Derechoa Al Descanso Politica Del Riesgos Politica De Seguridad Vial Pol\u00edtica No Alcohol No Tabaco No Drogas<\/p>\n","protected":false},"author":1,"featured_media":0,"parent":0,"menu_order":0,"comment_status":"closed","ping_status":"closed","template":"","meta":{"footnotes":""},"class_list":["post-10722","page","type-page","status-publish","hentry"],"yoast_head":"<!-- This site is optimized with the Yoast SEO plugin v27.4 - https:\/\/yoast.com\/product\/yoast-seo-wordpress\/ -->\n<title>Pol\u00edticas - Emserchia -<\/title>\n<meta name=\"robots\" content=\"index, follow, max-snippet:-1, max-image-preview:large, max-video-preview:-1\" \/>\n<link rel=\"canonical\" href=\"https:\/\/emserchia.gov.co\/wordem\/politicas-emserchia\/\" \/>\n<meta property=\"og:locale\" content=\"es_ES\" \/>\n<meta property=\"og:type\" content=\"article\" \/>\n<meta property=\"og:title\" content=\"Pol\u00edticas - Emserchia -\" \/>\n<meta property=\"og:description\" content=\"Pol\u00edtica De Seguridad De La Informaci\u00f3n Pol\u00edtica De C\u00e1maras Politica De Uso Legal De Software Emserchia Pol\u00edtica De Desconexi\u00f3n Laboral Pol\u00edtica De Prevenci\u00f3n De Acoso Laboral Y Sexual De Violencia Basada En Genero Politica Institucional Sobre El Derechoa Al Descanso Politica Del Riesgos Politica De Seguridad Vial Pol\u00edtica No Alcohol No Tabaco No Drogas\" \/>\n<meta property=\"og:url\" content=\"https:\/\/emserchia.gov.co\/wordem\/politicas-emserchia\/\" \/>\n<meta property=\"article:modified_time\" content=\"2025-11-14T11:41:40+00:00\" \/>\n<meta name=\"twitter:card\" content=\"summary_large_image\" \/>\n<meta name=\"twitter:label1\" content=\"Tiempo de lectura\" \/>\n\t<meta name=\"twitter:data1\" content=\"1 minuto\" \/>\n<script type=\"application\/ld+json\" class=\"yoast-schema-graph\">{\"@context\":\"https:\\\/\\\/schema.org\",\"@graph\":[{\"@type\":\"WebPage\",\"@id\":\"https:\\\/\\\/emserchia.gov.co\\\/wordem\\\/politicas-emserchia\\\/\",\"url\":\"https:\\\/\\\/emserchia.gov.co\\\/wordem\\\/politicas-emserchia\\\/\",\"name\":\"Pol\u00edticas - Emserchia -\",\"isPartOf\":{\"@id\":\"https:\\\/\\\/emserchia.gov.co\\\/wordem\\\/#website\"},\"datePublished\":\"2025-11-14T05:00:10+00:00\",\"dateModified\":\"2025-11-14T11:41:40+00:00\",\"breadcrumb\":{\"@id\":\"https:\\\/\\\/emserchia.gov.co\\\/wordem\\\/politicas-emserchia\\\/#breadcrumb\"},\"inLanguage\":\"es\",\"potentialAction\":[{\"@type\":\"ReadAction\",\"target\":[\"https:\\\/\\\/emserchia.gov.co\\\/wordem\\\/politicas-emserchia\\\/\"]}]},{\"@type\":\"BreadcrumbList\",\"@id\":\"https:\\\/\\\/emserchia.gov.co\\\/wordem\\\/politicas-emserchia\\\/#breadcrumb\",\"itemListElement\":[{\"@type\":\"ListItem\",\"position\":1,\"name\":\"Portada\",\"item\":\"https:\\\/\\\/emserchia.gov.co\\\/wordem\\\/\"},{\"@type\":\"ListItem\",\"position\":2,\"name\":\"Pol\u00edticas &#8211; Emserchia\"}]},{\"@type\":\"WebSite\",\"@id\":\"https:\\\/\\\/emserchia.gov.co\\\/wordem\\\/#website\",\"url\":\"https:\\\/\\\/emserchia.gov.co\\\/wordem\\\/\",\"name\":\"\",\"description\":\"\",\"publisher\":{\"@id\":\"https:\\\/\\\/emserchia.gov.co\\\/wordem\\\/#organization\"},\"potentialAction\":[{\"@type\":\"SearchAction\",\"target\":{\"@type\":\"EntryPoint\",\"urlTemplate\":\"https:\\\/\\\/emserchia.gov.co\\\/wordem\\\/?s={search_term_string}\"},\"query-input\":{\"@type\":\"PropertyValueSpecification\",\"valueRequired\":true,\"valueName\":\"search_term_string\"}}],\"inLanguage\":\"es\"},{\"@type\":\"Organization\",\"@id\":\"https:\\\/\\\/emserchia.gov.co\\\/wordem\\\/#organization\",\"name\":\"EMSERCHIA E.S.P\",\"url\":\"https:\\\/\\\/emserchia.gov.co\\\/wordem\\\/\",\"logo\":{\"@type\":\"ImageObject\",\"inLanguage\":\"es\",\"@id\":\"https:\\\/\\\/emserchia.gov.co\\\/wordem\\\/#\\\/schema\\\/logo\\\/image\\\/\",\"url\":\"https:\\\/\\\/emserchia.gov.co\\\/wordem\\\/wp-content\\\/uploads\\\/2019\\\/03\\\/emser-e1551997944868.jpg\",\"contentUrl\":\"https:\\\/\\\/emserchia.gov.co\\\/wordem\\\/wp-content\\\/uploads\\\/2019\\\/03\\\/emser-e1551997944868.jpg\",\"width\":276,\"height\":170,\"caption\":\"EMSERCHIA E.S.P\"},\"image\":{\"@id\":\"https:\\\/\\\/emserchia.gov.co\\\/wordem\\\/#\\\/schema\\\/logo\\\/image\\\/\"}}]}<\/script>\n<!-- \/ Yoast SEO plugin. -->","yoast_head_json":{"title":"Pol\u00edticas - Emserchia -","robots":{"index":"index","follow":"follow","max-snippet":"max-snippet:-1","max-image-preview":"max-image-preview:large","max-video-preview":"max-video-preview:-1"},"canonical":"https:\/\/emserchia.gov.co\/wordem\/politicas-emserchia\/","og_locale":"es_ES","og_type":"article","og_title":"Pol\u00edticas - Emserchia -","og_description":"Pol\u00edtica De Seguridad De La Informaci\u00f3n Pol\u00edtica De C\u00e1maras Politica De Uso Legal De Software Emserchia Pol\u00edtica De Desconexi\u00f3n Laboral Pol\u00edtica De Prevenci\u00f3n De Acoso Laboral Y Sexual De Violencia Basada En Genero Politica Institucional Sobre El Derechoa Al Descanso Politica Del Riesgos Politica De Seguridad Vial Pol\u00edtica No Alcohol No Tabaco No Drogas","og_url":"https:\/\/emserchia.gov.co\/wordem\/politicas-emserchia\/","article_modified_time":"2025-11-14T11:41:40+00:00","twitter_card":"summary_large_image","twitter_misc":{"Tiempo de lectura":"1 minuto"},"schema":{"@context":"https:\/\/schema.org","@graph":[{"@type":"WebPage","@id":"https:\/\/emserchia.gov.co\/wordem\/politicas-emserchia\/","url":"https:\/\/emserchia.gov.co\/wordem\/politicas-emserchia\/","name":"Pol\u00edticas - Emserchia -","isPartOf":{"@id":"https:\/\/emserchia.gov.co\/wordem\/#website"},"datePublished":"2025-11-14T05:00:10+00:00","dateModified":"2025-11-14T11:41:40+00:00","breadcrumb":{"@id":"https:\/\/emserchia.gov.co\/wordem\/politicas-emserchia\/#breadcrumb"},"inLanguage":"es","potentialAction":[{"@type":"ReadAction","target":["https:\/\/emserchia.gov.co\/wordem\/politicas-emserchia\/"]}]},{"@type":"BreadcrumbList","@id":"https:\/\/emserchia.gov.co\/wordem\/politicas-emserchia\/#breadcrumb","itemListElement":[{"@type":"ListItem","position":1,"name":"Portada","item":"https:\/\/emserchia.gov.co\/wordem\/"},{"@type":"ListItem","position":2,"name":"Pol\u00edticas &#8211; Emserchia"}]},{"@type":"WebSite","@id":"https:\/\/emserchia.gov.co\/wordem\/#website","url":"https:\/\/emserchia.gov.co\/wordem\/","name":"","description":"","publisher":{"@id":"https:\/\/emserchia.gov.co\/wordem\/#organization"},"potentialAction":[{"@type":"SearchAction","target":{"@type":"EntryPoint","urlTemplate":"https:\/\/emserchia.gov.co\/wordem\/?s={search_term_string}"},"query-input":{"@type":"PropertyValueSpecification","valueRequired":true,"valueName":"search_term_string"}}],"inLanguage":"es"},{"@type":"Organization","@id":"https:\/\/emserchia.gov.co\/wordem\/#organization","name":"EMSERCHIA E.S.P","url":"https:\/\/emserchia.gov.co\/wordem\/","logo":{"@type":"ImageObject","inLanguage":"es","@id":"https:\/\/emserchia.gov.co\/wordem\/#\/schema\/logo\/image\/","url":"https:\/\/emserchia.gov.co\/wordem\/wp-content\/uploads\/2019\/03\/emser-e1551997944868.jpg","contentUrl":"https:\/\/emserchia.gov.co\/wordem\/wp-content\/uploads\/2019\/03\/emser-e1551997944868.jpg","width":276,"height":170,"caption":"EMSERCHIA E.S.P"},"image":{"@id":"https:\/\/emserchia.gov.co\/wordem\/#\/schema\/logo\/image\/"}}]}},"_links":{"self":[{"href":"https:\/\/emserchia.gov.co\/wordem\/wp-json\/wp\/v2\/pages\/10722","targetHints":{"allow":["GET"]}}],"collection":[{"href":"https:\/\/emserchia.gov.co\/wordem\/wp-json\/wp\/v2\/pages"}],"about":[{"href":"https:\/\/emserchia.gov.co\/wordem\/wp-json\/wp\/v2\/types\/page"}],"author":[{"embeddable":true,"href":"https:\/\/emserchia.gov.co\/wordem\/wp-json\/wp\/v2\/users\/1"}],"replies":[{"embeddable":true,"href":"https:\/\/emserchia.gov.co\/wordem\/wp-json\/wp\/v2\/comments?post=10722"}],"version-history":[{"count":19,"href":"https:\/\/emserchia.gov.co\/wordem\/wp-json\/wp\/v2\/pages\/10722\/revisions"}],"predecessor-version":[{"id":10743,"href":"https:\/\/emserchia.gov.co\/wordem\/wp-json\/wp\/v2\/pages\/10722\/revisions\/10743"}],"wp:attachment":[{"href":"https:\/\/emserchia.gov.co\/wordem\/wp-json\/wp\/v2\/media?parent=10722"}],"curies":[{"name":"wp","href":"https:\/\/api.w.org\/{rel}","templated":true}]}}