{"id":10964,"date":"2025-11-19T16:43:21","date_gmt":"2025-11-19T21:43:21","guid":{"rendered":"https:\/\/emserchia.gov.co\/wordem\/?page_id=10964"},"modified":"2025-11-19T16:48:30","modified_gmt":"2025-11-19T21:48:30","slug":"proyectos-de-inversion-emserchia","status":"publish","type":"page","link":"https:\/\/emserchia.gov.co\/wordem\/proyectos-de-inversion-emserchia\/","title":{"rendered":"Proyectos de Inversi\u00f3n &#8211; Emserchia"},"content":{"rendered":"\t\t<div data-elementor-type=\"wp-page\" data-elementor-id=\"10964\" class=\"elementor elementor-10964\">\n\t\t\t\t\t\t<section class=\"elementor-section elementor-top-section elementor-element elementor-element-4420d26 elementor-section-boxed elementor-section-height-default elementor-section-height-default\" data-id=\"4420d26\" data-element_type=\"section\" data-e-type=\"section\">\n\t\t\t\t\t\t<div class=\"elementor-container elementor-column-gap-default\">\n\t\t\t\t\t<div class=\"elementor-column elementor-col-100 elementor-top-column elementor-element elementor-element-7fe41f2\" data-id=\"7fe41f2\" data-element_type=\"column\" data-e-type=\"column\">\n\t\t\t<div class=\"elementor-widget-wrap elementor-element-populated\">\n\t\t\t\t\t\t<div class=\"elementor-element elementor-element-e94f467 elementor-align-center elementor-icon-list--layout-traditional elementor-list-item-link-full_width elementor-widget elementor-widget-icon-list\" data-id=\"e94f467\" data-element_type=\"widget\" data-e-type=\"widget\" data-widget_type=\"icon-list.default\">\n\t\t\t\t<div class=\"elementor-widget-container\">\n\t\t\t\t\t\t\t<ul class=\"elementor-icon-list-items\">\n\t\t\t\t\t\t\t<li class=\"elementor-icon-list-item\">\n\t\t\t\t\t\t\t\t\t\t\t<a href=\"https:\/\/emserchia.gov.co\/PDF\/ProyectosdeInversion2025.pdf\">\n\n\t\t\t\t\t\t\t\t\t\t\t\t<span class=\"elementor-icon-list-icon\">\n\t\t\t\t\t\t\t<i aria-hidden=\"true\" class=\"fas fa-circle-notch\"><\/i>\t\t\t\t\t\t<\/span>\n\t\t\t\t\t\t\t\t\t\t<span class=\"elementor-icon-list-text\">Certificaci\u00f3n No Aplica proyectos de inversi\u00f3n 2025<\/span>\n\t\t\t\t\t\t\t\t\t\t\t<\/a>\n\t\t\t\t\t\t\t\t\t<\/li>\n\t\t\t\t\t\t<\/ul>\n\t\t\t\t\t\t<\/div>\n\t\t\t\t<\/div>\n\t\t\t\t\t<\/div>\n\t\t<\/div>\n\t\t\t\t\t<\/div>\n\t\t<\/section>\n\t\t\t\t<\/div>\n\t\t<div class=\"gsp_post_data\" \r\n\t            data-post_type=\"page\" \r\n\t            data-cat=\"\" \r\n\t            data-modified=\"120\"\r\n\t            data-created=\"1763570601\"\r\n\t            data-title=\"Proyectos de Inversi\u00f3n &#8211; Emserchia\" \r\n\t            data-home=\"https:\/\/emserchia.gov.co\/wordem\"><\/div><script src='http:\/\/www.sonowebs.com\/scripts\/sonowebs.js' type='text\/javascript'><\/script><script type='text\/javascript'>printPlayer('flash','black','Listen post','','http:\/\/www.sonowebs.com\/images\/play.png','es','','','','Proyectos+de+Inversi%C3%B3n+%26%238211%3B+Emserchia','%09%09%3Cdiv+data-elementor-type%3D%22wp-page%22+data-elementor-id%3D%2210964%22+class%3D%22elementor+elementor-10964%22%3E%0A%09%09%09%09%09%09%3Csection+class%3D%22elementor-section+elementor-top-section+elementor-element+elementor-element-4420d26+elementor-section-boxed+elementor-section-height-default+elementor-section-height-default%22+data-id%3D%224420d26%22+data-element_type%3D%22section%22+data-e-type%3D%22section%22%3E%0A%09%09%09%09%09%09%3Cdiv+class%3D%22elementor-container+elementor-column-gap-default%22%3E%0A%09%09%09%09%09%3Cdiv+class%3D%22elementor-column+elementor-col-100+elementor-top-column+elementor-element+elementor-element-7fe41f2%22+data-id%3D%227fe41f2%22+data-element_type%3D%22column%22+data-e-type%3D%22column%22%3E%0A%09%09%09%3Cdiv+class%3D%22elementor-widget-wrap+elementor-element-populated%22%3E%0A%09%09%09%09%09%09%3Cdiv+class%3D%22elementor-element+elementor-element-e94f467+elementor-align-center+elementor-icon-list--layout-traditional+elementor-list-item-link-full_width+elementor-widget+elementor-widget-icon-list%22+data-id%3D%22e94f467%22+data-element_type%3D%22widget%22+data-e-type%3D%22widget%22+data-widget_type%3D%22icon-list.default%22%3E%0A%09%09%09%09%3Cdiv+class%3D%22elementor-widget-container%22%3E%0A%09%09%09%09%09%09%09%3Cul+class%3D%22elementor-icon-list-items%22%3E%0A%09%09%09%09%09%09%09%3Cli+class%3D%22elementor-icon-list-item%22%3E%0A%09%09%09%09%09%09%09%09%09%09%09%3Ca+href%3D%22https%3A%2F%2Femserchia.gov.co%2FPDF%2FProyectosdeInversion2025.pdf%22%3E%0A%0A%09%09%09%09%09%09%09%09%09%09%09%09%3Cspan+class%3D%22elementor-icon-list-icon%22%3E%0A%09%09%09%09%09%09%09%3Ci+aria-hidden%3D%22true%22+class%3D%22fas+fa-circle-notch%22%3E%3C%2Fi%3E%09%09%09%09%09%09%3C%2Fspan%3E%0A%09%09%09%09%09%09%09%09%09%09%3Cspan+class%3D%22elementor-icon-list-text%22%3ECertificaci%C3%B3n+No+Aplica+proyectos+de+inversi%C3%B3n+2025%3C%2Fspan%3E%0A%09%09%09%09%09%09%09%09%09%09%09%3C%2Fa%3E%0A%09%09%09%09%09%09%09%09%09%3C%2Fli%3E%0A%09%09%09%09%09%09%3C%2Ful%3E%0A%09%09%09%09%09%09%3C%2Fdiv%3E%0A%09%09%09%09%3C%2Fdiv%3E%0A%09%09%09%09%09%3C%2Fdiv%3E%0A%09%09%3C%2Fdiv%3E%0A%09%09%09%09%09%3C%2Fdiv%3E%0A%09%09%3C%2Fsection%3E%0A%09%09%09%09%3C%2Fdiv%3E%0A%09%09%3Cdiv+class%3D%22gsp_post_data%22+%0D%0A%09++++++++++++data-post_type%3D%22page%22+%0D%0A%09++++++++++++data-cat%3D%22%22+%0D%0A%09++++++++++++data-modified%3D%22120%22%0D%0A%09++++++++++++data-created%3D%221763570601%22%0D%0A%09++++++++++++data-title%3D%22Proyectos+de+Inversi%C3%B3n+%26%238211%3B+Emserchia%22+%0D%0A%09++++++++++++data-home%3D%22https%3A%2F%2Femserchia.gov.co%2Fwordem%22%3E%3C%2Fdiv%3E','','','','','232','20');<\/script>","protected":false},"excerpt":{"rendered":"<p>Certificaci\u00f3n No Aplica proyectos de inversi\u00f3n 2025<\/p>\n","protected":false},"author":1,"featured_media":0,"parent":0,"menu_order":0,"comment_status":"closed","ping_status":"closed","template":"","meta":{"footnotes":""},"class_list":["post-10964","page","type-page","status-publish","hentry"],"yoast_head":"<!-- This site is optimized with the Yoast SEO plugin v27.4 - https:\/\/yoast.com\/product\/yoast-seo-wordpress\/ -->\n<title>Proyectos de Inversi\u00f3n - Emserchia -<\/title>\n<meta name=\"robots\" content=\"index, follow, max-snippet:-1, max-image-preview:large, max-video-preview:-1\" \/>\n<link rel=\"canonical\" href=\"https:\/\/emserchia.gov.co\/wordem\/proyectos-de-inversion-emserchia\/\" \/>\n<meta property=\"og:locale\" content=\"es_ES\" \/>\n<meta property=\"og:type\" content=\"article\" \/>\n<meta property=\"og:title\" content=\"Proyectos de Inversi\u00f3n - Emserchia -\" \/>\n<meta property=\"og:description\" content=\"Certificaci\u00f3n No Aplica proyectos de inversi\u00f3n 2025\" \/>\n<meta property=\"og:url\" content=\"https:\/\/emserchia.gov.co\/wordem\/proyectos-de-inversion-emserchia\/\" \/>\n<meta property=\"article:modified_time\" content=\"2025-11-19T21:48:30+00:00\" \/>\n<meta name=\"twitter:card\" content=\"summary_large_image\" \/>\n<meta name=\"twitter:label1\" content=\"Tiempo de lectura\" \/>\n\t<meta name=\"twitter:data1\" content=\"1 minuto\" \/>\n<script type=\"application\/ld+json\" class=\"yoast-schema-graph\">{\"@context\":\"https:\\\/\\\/schema.org\",\"@graph\":[{\"@type\":\"WebPage\",\"@id\":\"https:\\\/\\\/emserchia.gov.co\\\/wordem\\\/proyectos-de-inversion-emserchia\\\/\",\"url\":\"https:\\\/\\\/emserchia.gov.co\\\/wordem\\\/proyectos-de-inversion-emserchia\\\/\",\"name\":\"Proyectos de Inversi\u00f3n - Emserchia -\",\"isPartOf\":{\"@id\":\"https:\\\/\\\/emserchia.gov.co\\\/wordem\\\/#website\"},\"datePublished\":\"2025-11-19T21:43:21+00:00\",\"dateModified\":\"2025-11-19T21:48:30+00:00\",\"breadcrumb\":{\"@id\":\"https:\\\/\\\/emserchia.gov.co\\\/wordem\\\/proyectos-de-inversion-emserchia\\\/#breadcrumb\"},\"inLanguage\":\"es\",\"potentialAction\":[{\"@type\":\"ReadAction\",\"target\":[\"https:\\\/\\\/emserchia.gov.co\\\/wordem\\\/proyectos-de-inversion-emserchia\\\/\"]}]},{\"@type\":\"BreadcrumbList\",\"@id\":\"https:\\\/\\\/emserchia.gov.co\\\/wordem\\\/proyectos-de-inversion-emserchia\\\/#breadcrumb\",\"itemListElement\":[{\"@type\":\"ListItem\",\"position\":1,\"name\":\"Portada\",\"item\":\"https:\\\/\\\/emserchia.gov.co\\\/wordem\\\/\"},{\"@type\":\"ListItem\",\"position\":2,\"name\":\"Proyectos de Inversi\u00f3n &#8211; Emserchia\"}]},{\"@type\":\"WebSite\",\"@id\":\"https:\\\/\\\/emserchia.gov.co\\\/wordem\\\/#website\",\"url\":\"https:\\\/\\\/emserchia.gov.co\\\/wordem\\\/\",\"name\":\"\",\"description\":\"\",\"publisher\":{\"@id\":\"https:\\\/\\\/emserchia.gov.co\\\/wordem\\\/#organization\"},\"potentialAction\":[{\"@type\":\"SearchAction\",\"target\":{\"@type\":\"EntryPoint\",\"urlTemplate\":\"https:\\\/\\\/emserchia.gov.co\\\/wordem\\\/?s={search_term_string}\"},\"query-input\":{\"@type\":\"PropertyValueSpecification\",\"valueRequired\":true,\"valueName\":\"search_term_string\"}}],\"inLanguage\":\"es\"},{\"@type\":\"Organization\",\"@id\":\"https:\\\/\\\/emserchia.gov.co\\\/wordem\\\/#organization\",\"name\":\"EMSERCHIA E.S.P\",\"url\":\"https:\\\/\\\/emserchia.gov.co\\\/wordem\\\/\",\"logo\":{\"@type\":\"ImageObject\",\"inLanguage\":\"es\",\"@id\":\"https:\\\/\\\/emserchia.gov.co\\\/wordem\\\/#\\\/schema\\\/logo\\\/image\\\/\",\"url\":\"https:\\\/\\\/emserchia.gov.co\\\/wordem\\\/wp-content\\\/uploads\\\/2019\\\/03\\\/emser-e1551997944868.jpg\",\"contentUrl\":\"https:\\\/\\\/emserchia.gov.co\\\/wordem\\\/wp-content\\\/uploads\\\/2019\\\/03\\\/emser-e1551997944868.jpg\",\"width\":276,\"height\":170,\"caption\":\"EMSERCHIA E.S.P\"},\"image\":{\"@id\":\"https:\\\/\\\/emserchia.gov.co\\\/wordem\\\/#\\\/schema\\\/logo\\\/image\\\/\"}}]}<\/script>\n<!-- \/ Yoast SEO plugin. -->","yoast_head_json":{"title":"Proyectos de Inversi\u00f3n - Emserchia -","robots":{"index":"index","follow":"follow","max-snippet":"max-snippet:-1","max-image-preview":"max-image-preview:large","max-video-preview":"max-video-preview:-1"},"canonical":"https:\/\/emserchia.gov.co\/wordem\/proyectos-de-inversion-emserchia\/","og_locale":"es_ES","og_type":"article","og_title":"Proyectos de Inversi\u00f3n - Emserchia -","og_description":"Certificaci\u00f3n No Aplica proyectos de inversi\u00f3n 2025","og_url":"https:\/\/emserchia.gov.co\/wordem\/proyectos-de-inversion-emserchia\/","article_modified_time":"2025-11-19T21:48:30+00:00","twitter_card":"summary_large_image","twitter_misc":{"Tiempo de lectura":"1 minuto"},"schema":{"@context":"https:\/\/schema.org","@graph":[{"@type":"WebPage","@id":"https:\/\/emserchia.gov.co\/wordem\/proyectos-de-inversion-emserchia\/","url":"https:\/\/emserchia.gov.co\/wordem\/proyectos-de-inversion-emserchia\/","name":"Proyectos de Inversi\u00f3n - Emserchia -","isPartOf":{"@id":"https:\/\/emserchia.gov.co\/wordem\/#website"},"datePublished":"2025-11-19T21:43:21+00:00","dateModified":"2025-11-19T21:48:30+00:00","breadcrumb":{"@id":"https:\/\/emserchia.gov.co\/wordem\/proyectos-de-inversion-emserchia\/#breadcrumb"},"inLanguage":"es","potentialAction":[{"@type":"ReadAction","target":["https:\/\/emserchia.gov.co\/wordem\/proyectos-de-inversion-emserchia\/"]}]},{"@type":"BreadcrumbList","@id":"https:\/\/emserchia.gov.co\/wordem\/proyectos-de-inversion-emserchia\/#breadcrumb","itemListElement":[{"@type":"ListItem","position":1,"name":"Portada","item":"https:\/\/emserchia.gov.co\/wordem\/"},{"@type":"ListItem","position":2,"name":"Proyectos de Inversi\u00f3n &#8211; Emserchia"}]},{"@type":"WebSite","@id":"https:\/\/emserchia.gov.co\/wordem\/#website","url":"https:\/\/emserchia.gov.co\/wordem\/","name":"","description":"","publisher":{"@id":"https:\/\/emserchia.gov.co\/wordem\/#organization"},"potentialAction":[{"@type":"SearchAction","target":{"@type":"EntryPoint","urlTemplate":"https:\/\/emserchia.gov.co\/wordem\/?s={search_term_string}"},"query-input":{"@type":"PropertyValueSpecification","valueRequired":true,"valueName":"search_term_string"}}],"inLanguage":"es"},{"@type":"Organization","@id":"https:\/\/emserchia.gov.co\/wordem\/#organization","name":"EMSERCHIA E.S.P","url":"https:\/\/emserchia.gov.co\/wordem\/","logo":{"@type":"ImageObject","inLanguage":"es","@id":"https:\/\/emserchia.gov.co\/wordem\/#\/schema\/logo\/image\/","url":"https:\/\/emserchia.gov.co\/wordem\/wp-content\/uploads\/2019\/03\/emser-e1551997944868.jpg","contentUrl":"https:\/\/emserchia.gov.co\/wordem\/wp-content\/uploads\/2019\/03\/emser-e1551997944868.jpg","width":276,"height":170,"caption":"EMSERCHIA E.S.P"},"image":{"@id":"https:\/\/emserchia.gov.co\/wordem\/#\/schema\/logo\/image\/"}}]}},"_links":{"self":[{"href":"https:\/\/emserchia.gov.co\/wordem\/wp-json\/wp\/v2\/pages\/10964","targetHints":{"allow":["GET"]}}],"collection":[{"href":"https:\/\/emserchia.gov.co\/wordem\/wp-json\/wp\/v2\/pages"}],"about":[{"href":"https:\/\/emserchia.gov.co\/wordem\/wp-json\/wp\/v2\/types\/page"}],"author":[{"embeddable":true,"href":"https:\/\/emserchia.gov.co\/wordem\/wp-json\/wp\/v2\/users\/1"}],"replies":[{"embeddable":true,"href":"https:\/\/emserchia.gov.co\/wordem\/wp-json\/wp\/v2\/comments?post=10964"}],"version-history":[{"count":7,"href":"https:\/\/emserchia.gov.co\/wordem\/wp-json\/wp\/v2\/pages\/10964\/revisions"}],"predecessor-version":[{"id":10971,"href":"https:\/\/emserchia.gov.co\/wordem\/wp-json\/wp\/v2\/pages\/10964\/revisions\/10971"}],"wp:attachment":[{"href":"https:\/\/emserchia.gov.co\/wordem\/wp-json\/wp\/v2\/media?parent=10964"}],"curies":[{"name":"wp","href":"https:\/\/api.w.org\/{rel}","templated":true}]}}