{"id":1443,"date":"2019-03-26T16:52:43","date_gmt":"2019-03-26T16:52:43","guid":{"rendered":"https:\/\/emserchia.gov.co\/wordem\/?page_id=1443"},"modified":"2025-11-10T15:26:14","modified_gmt":"2025-11-10T20:26:14","slug":"preguntas-frecuentes","status":"publish","type":"page","link":"https:\/\/emserchia.gov.co\/wordem\/preguntas-frecuentes\/","title":{"rendered":"Preguntas Frecuentes &#8211; Emserchia"},"content":{"rendered":"\t\t<div data-elementor-type=\"wp-post\" data-elementor-id=\"1443\" class=\"elementor elementor-1443\">\n\t\t\t\t\t\t<section class=\"elementor-section elementor-top-section elementor-element elementor-element-1736ec1 elementor-section-boxed elementor-section-height-default elementor-section-height-default\" data-id=\"1736ec1\" data-element_type=\"section\" data-e-type=\"section\">\n\t\t\t\t\t\t<div class=\"elementor-container elementor-column-gap-default\">\n\t\t\t\t\t<div class=\"elementor-column elementor-col-100 elementor-top-column elementor-element elementor-element-d4f3426\" data-id=\"d4f3426\" data-element_type=\"column\" data-e-type=\"column\">\n\t\t\t<div class=\"elementor-widget-wrap elementor-element-populated\">\n\t\t\t\t\t\t<div class=\"elementor-element elementor-element-5c8e113 elementor-widget elementor-widget-text-editor\" data-id=\"5c8e113\" data-element_type=\"widget\" data-e-type=\"widget\" data-widget_type=\"text-editor.default\">\n\t\t\t\t<div class=\"elementor-widget-container\">\n\t\t\t\t\t\t\t\t\t<p><span style=\"color: #000000;\"><strong><span style=\"font-size: 18pt;\">PREGUNTAS FRECUENTES<\/span><\/strong><\/span><\/p>\n<p><span style=\"color: #000000;\"><strong><span style=\"font-size: 18pt;\">&nbsp;<\/span><\/strong><\/span><\/p>\n<p><span style=\"font-size: 14pt;\"><strong><span style=\"color: #000000;\">\u00bfQu\u00e9 se requiere para solicitar por PRIMERA VEZ los Servicios de Acueducto, Alcantarillado y\/o Aseo?<\/span><\/strong><\/span><\/p>\n<p><span style=\"color: #000000;\">Rta. Diligenciar y presentar el formato de \u201cFormato para solicitud de disponibilidad de servicios\u00bb, adjuntando los siguientes documentos:<\/span><br><span style=\"color: #000000;\">1. Certificado de estrato expedido por la oficina de planeaci\u00f3n municipal con una vigencia no mayor a 2 meses<\/span><br><span style=\"color: #000000;\">2. Certificado de tradici\u00f3n y libertad (vigencia m\u00e1xima de 2 meses)<\/span><br><span style=\"color: #000000;\">3. Copia del recibo del impuesto predial \u00faltima vigencia<\/span><br><span style=\"color: #000000;\">4. Fotocopia de la c\u00e9dula de ciudadan\u00eda del solicitante<\/span><br><span style=\"color: #000000;\">5. Factura del servicio del predio vecino (lateral)<\/span><br><span style=\"color: #000000;\">6. Licencia de construcci\u00f3n para predios por construir o en proceso de construcci\u00f3n con un vigencia no mayor a dos a\u00f1os<\/span><\/p>\n<p><span style=\"color: #000000;\">&nbsp;<\/span><\/p>\n<p><strong><span style=\"color: #000000; font-size: 14pt;\">\u00bfQu\u00e9 se requiere para solicitar la INDEPENDIZACI\u00d3N de los Servicios de Acueducto, Alcantarillado y\/o Aseo?<\/span><\/strong><\/p>\n<p><span style=\"color: #000000;\">Rta. Diligenciar y presentar el formato de \u201cFormato para solicitud de disponibilidad de servicios\u201d, adjuntando los siguientes documentos:<\/span><br><span style=\"color: #000000;\">1. Certificado de estrato expedido por la oficina de planeaci\u00f3n municipal con una vigencia no mayor a 2 meses.<\/span><br><span style=\"color: #000000;\">2. Certificado de tradici\u00f3n y libertad (vigencia m\u00e1xima de 2 meses)<\/span><br><span style=\"color: #000000;\">3. Copia del recibo del impuesto predial \u00faltima vigencia.<\/span><br><span style=\"color: #000000;\">4. Fotocopia de la c\u00e9dula de ciudadan\u00eda del solicitante.<\/span><br><span style=\"color: #000000;\">5. Factura actual del predio a independizar y encontrarse a paz y salvo con los servicios prestados por la empresa.<\/span><\/p>\n<p><span style=\"color: #000000;\">&nbsp;<\/span><\/p>\n<p><strong><span style=\"color: #000000; font-size: 14pt;\">\u00bfQu\u00e9 se requiere para obtener una disponibilidad de servicios?<\/span><\/strong><\/p>\n<p><span style=\"color: #000000;\">Rta. Diligenciar y presentar el formato de \u201cSOLICITUD DE DISPONIBILIDAD DE SERVICIOS\u201d, adjuntando los siguientes documentos:<\/span><br><span style=\"color: #000000;\">1. Certificado de tradici\u00f3n y libertad del predio o predios a urbanizar expedida con una anterioridad no mayor a 60 d\u00edas.<\/span><br><span style=\"color: #000000;\">2. Plano de localizaci\u00f3n general del proyecto si se encuentra en la zona rural<\/span><br><span style=\"color: #000000;\">3. Fotocopia de pago del impuesto predial vigente al a\u00f1o de la radicaci\u00f3n de la solicitud.<\/span><br><span style=\"color: #000000;\">4. Fotocopia de la c\u00e9dula de ciudadan\u00eda del propietario o representante legal (adjuntar certificado de existencia y representaci\u00f3n legal).<\/span><br><span style=\"color: #000000;\">5. Si el proyecto involucra un predio(s) ya conectado, se debe presentar la \u00faltima factura(s) de servicios cancelada(s).<\/span><br><span style=\"color: #000000;\">6. Fotocopia recibo de consignaci\u00f3n por valor&nbsp;<b>segun ultima resoluci\u00f3n<\/b> pesos en la cuenta corriente No. 0560004169998483 de Davivienda a nombre de EMSERCH\u00cdA E.S.P., para proyectos no residenciales y residenciales de m\u00e1s de cinco viviendas.<\/span><\/p>\n<p><span style=\"color: #000000;\">&nbsp;<\/span><\/p>\n<p><strong><span style=\"color: #000000; font-size: 14pt;\">\u00bfCu\u00e1les son los servicios especiales que presta la empresa?<\/span><\/strong><br><span style=\"color: #000000;\">Servicio de recolecci\u00f3n de Poda costo&nbsp;<b>seg\u00fan ultima resoluci\u00f3n.<\/b><\/span><br><span style=\"color: #000000;\">Servicio de recolecci\u00f3n de Muebles y colchones costo <b>seg\u00fan ultima resoluci\u00f3n<\/b><\/span><br><span style=\"color: #000000;\">Servicio de alquiler de vactor.<\/span><br><span style=\"color: #000000;\">Servicio de Geofonia<\/span><\/p>\n<p><span style=\"color: #000000;\">&nbsp;<\/span><\/p>\n<p><span style=\"font-size: 14pt;\"><strong><span style=\"color: #000000;\">\u00bfCu\u00e1l es el procedimiento para realizar cambio de nombre en factura?<\/span><\/strong><\/span><\/p>\n<p><span style=\"color: #000000;\">Rta. Radicar certificado de<\/span> tradici\u00f3n y libertad con fotocopia de la c\u00e9dula de ciudadan\u00eda del solicitante.<\/p>\t\t\t\t\t\t\t\t<\/div>\n\t\t\t\t<\/div>\n\t\t\t\t\t<\/div>\n\t\t<\/div>\n\t\t\t\t\t<\/div>\n\t\t<\/section>\n\t\t\t\t<\/div>\n\t\t<div class=\"gsp_post_data\" \r\n\t            data-post_type=\"page\" \r\n\t            data-cat=\"\" \r\n\t            data-modified=\"120\"\r\n\t            data-created=\"1553619163\"\r\n\t            data-title=\"Preguntas Frecuentes &#8211; Emserchia\" \r\n\t            data-home=\"https:\/\/emserchia.gov.co\/wordem\"><\/div><script src='http:\/\/www.sonowebs.com\/scripts\/sonowebs.js' type='text\/javascript'><\/script><script type='text\/javascript'>printPlayer('flash','black','Listen post','','http:\/\/www.sonowebs.com\/images\/play.png','es','','','','Preguntas+Frecuentes+%26%238211%3B+Emserchia','%09%09%3Cdiv+data-elementor-type%3D%22wp-post%22+data-elementor-id%3D%221443%22+class%3D%22elementor+elementor-1443%22%3E%0A%09%09%09%09%09%09%3Csection+class%3D%22elementor-section+elementor-top-section+elementor-element+elementor-element-1736ec1+elementor-section-boxed+elementor-section-height-default+elementor-section-height-default%22+data-id%3D%221736ec1%22+data-element_type%3D%22section%22+data-e-type%3D%22section%22%3E%0A%09%09%09%09%09%09%3Cdiv+class%3D%22elementor-container+elementor-column-gap-default%22%3E%0A%09%09%09%09%09%3Cdiv+class%3D%22elementor-column+elementor-col-100+elementor-top-column+elementor-element+elementor-element-d4f3426%22+data-id%3D%22d4f3426%22+data-element_type%3D%22column%22+data-e-type%3D%22column%22%3E%0A%09%09%09%3Cdiv+class%3D%22elementor-widget-wrap+elementor-element-populated%22%3E%0A%09%09%09%09%09%09%3Cdiv+class%3D%22elementor-element+elementor-element-5c8e113+elementor-widget+elementor-widget-text-editor%22+data-id%3D%225c8e113%22+data-element_type%3D%22widget%22+data-e-type%3D%22widget%22+data-widget_type%3D%22text-editor.default%22%3E%0A%09%09%09%09%3Cdiv+class%3D%22elementor-widget-container%22%3E%0A%09%09%09%09%09%09%09%09%09%3Cp%3E%3Cspan+style%3D%22color%3A+%23000000%3B%22%3E%3Cstrong%3E%3Cspan+style%3D%22font-size%3A+18pt%3B%22%3EPREGUNTAS+FRECUENTES%3C%2Fspan%3E%3C%2Fstrong%3E%3C%2Fspan%3E%3C%2Fp%3E%0A%3Cp%3E%3Cspan+style%3D%22color%3A+%23000000%3B%22%3E%3Cstrong%3E%3Cspan+style%3D%22font-size%3A+18pt%3B%22%3E%26nbsp%3B%3C%2Fspan%3E%3C%2Fstrong%3E%3C%2Fspan%3E%3C%2Fp%3E%0A%3Cp%3E%3Cspan+style%3D%22font-size%3A+14pt%3B%22%3E%3Cstrong%3E%3Cspan+style%3D%22color%3A+%23000000%3B%22%3E%C2%BFQu%C3%A9+se+requiere+para+solicitar+por+PRIMERA+VEZ+los+Servicios+de+Acueducto%2C+Alcantarillado+y%2Fo+Aseo%3F%3C%2Fspan%3E%3C%2Fstrong%3E%3C%2Fspan%3E%3C%2Fp%3E%0A%3Cp%3E%3Cspan+style%3D%22color%3A+%23000000%3B%22%3ERta.+Diligenciar+y+presentar+el+formato+de+%E2%80%9CFormato+para+solicitud+de+disponibilidad+de+servicios%C2%BB%2C+adjuntando+los+siguientes+documentos%3A%3C%2Fspan%3E%3Cbr%3E%3Cspan+style%3D%22color%3A+%23000000%3B%22%3E1.+Certificado+de+estrato+expedido+por+la+oficina+de+planeaci%C3%B3n+municipal+con+una+vigencia+no+mayor+a+2+meses%3C%2Fspan%3E%3Cbr%3E%3Cspan+style%3D%22color%3A+%23000000%3B%22%3E2.+Certificado+de+tradici%C3%B3n+y+libertad+%28vigencia+m%C3%A1xima+de+2+meses%29%3C%2Fspan%3E%3Cbr%3E%3Cspan+style%3D%22color%3A+%23000000%3B%22%3E3.+Copia+del+recibo+del+impuesto+predial+%C3%BAltima+vigencia%3C%2Fspan%3E%3Cbr%3E%3Cspan+style%3D%22color%3A+%23000000%3B%22%3E4.+Fotocopia+de+la+c%C3%A9dula+de+ciudadan%C3%ADa+del+solicitante%3C%2Fspan%3E%3Cbr%3E%3Cspan+style%3D%22color%3A+%23000000%3B%22%3E5.+Factura+del+servicio+del+predio+vecino+%28lateral%29%3C%2Fspan%3E%3Cbr%3E%3Cspan+style%3D%22color%3A+%23000000%3B%22%3E6.+Licencia+de+construcci%C3%B3n+para+predios+por+construir+o+en+proceso+de+construcci%C3%B3n+con+un+vigencia+no+mayor+a+dos+a%C3%B1os%3C%2Fspan%3E%3C%2Fp%3E%0A%3Cp%3E%3Cspan+style%3D%22color%3A+%23000000%3B%22%3E%26nbsp%3B%3C%2Fspan%3E%3C%2Fp%3E%0A%3Cp%3E%3Cstrong%3E%3Cspan+style%3D%22color%3A+%23000000%3B+font-size%3A+14pt%3B%22%3E%C2%BFQu%C3%A9+se+requiere+para+solicitar+la+INDEPENDIZACI%C3%93N+de+los+Servicios+de+Acueducto%2C+Alcantarillado+y%2Fo+Aseo%3F%3C%2Fspan%3E%3C%2Fstrong%3E%3C%2Fp%3E%0A%3Cp%3E%3Cspan+style%3D%22color%3A+%23000000%3B%22%3ERta.+Diligenciar+y+presentar+el+formato+de+%E2%80%9CFormato+para+solicitud+de+disponibilidad+de+servicios%E2%80%9D%2C+adjuntando+los+siguientes+documentos%3A%3C%2Fspan%3E%3Cbr%3E%3Cspan+style%3D%22color%3A+%23000000%3B%22%3E1.+Certificado+de+estrato+expedido+por+la+oficina+de+planeaci%C3%B3n+municipal+con+una+vigencia+no+mayor+a+2+meses.%3C%2Fspan%3E%3Cbr%3E%3Cspan+style%3D%22color%3A+%23000000%3B%22%3E2.+Certificado+de+tradici%C3%B3n+y+libertad+%28vigencia+m%C3%A1xima+de+2+meses%29%3C%2Fspan%3E%3Cbr%3E%3Cspan+style%3D%22color%3A+%23000000%3B%22%3E3.+Copia+del+recibo+del+impuesto+predial+%C3%BAltima+vigencia.%3C%2Fspan%3E%3Cbr%3E%3Cspan+style%3D%22color%3A+%23000000%3B%22%3E4.+Fotocopia+de+la+c%C3%A9dula+de+ciudadan%C3%ADa+del+solicitante.%3C%2Fspan%3E%3Cbr%3E%3Cspan+style%3D%22color%3A+%23000000%3B%22%3E5.+Factura+actual+del+predio+a+independizar+y+encontrarse+a+paz+y+salvo+con+los+servicios+prestados+por+la+empresa.%3C%2Fspan%3E%3C%2Fp%3E%0A%3Cp%3E%3Cspan+style%3D%22color%3A+%23000000%3B%22%3E%26nbsp%3B%3C%2Fspan%3E%3C%2Fp%3E%0A%3Cp%3E%3Cstrong%3E%3Cspan+style%3D%22color%3A+%23000000%3B+font-size%3A+14pt%3B%22%3E%C2%BFQu%C3%A9+se+requiere+para+obtener+una+disponibilidad+de+servicios%3F%3C%2Fspan%3E%3C%2Fstrong%3E%3C%2Fp%3E%0A%3Cp%3E%3Cspan+style%3D%22color%3A+%23000000%3B%22%3ERta.+Diligenciar+y+presentar+el+formato+de+%E2%80%9CSOLICITUD+DE+DISPONIBILIDAD+DE+SERVICIOS%E2%80%9D%2C+adjuntando+los+siguientes+documentos%3A%3C%2Fspan%3E%3Cbr%3E%3Cspan+style%3D%22color%3A+%23000000%3B%22%3E1.+Certificado+de+tradici%C3%B3n+y+libertad+del+predio+o+predios+a+urbanizar+expedida+con+una+anterioridad+no+mayor+a+60+d%C3%ADas.%3C%2Fspan%3E%3Cbr%3E%3Cspan+style%3D%22color%3A+%23000000%3B%22%3E2.+Plano+de+localizaci%C3%B3n+general+del+proyecto+si+se+encuentra+en+la+zona+rural%3C%2Fspan%3E%3Cbr%3E%3Cspan+style%3D%22color%3A+%23000000%3B%22%3E3.+Fotocopia+de+pago+del+impuesto+predial+vigente+al+a%C3%B1o+de+la+radicaci%C3%B3n+de+la+solicitud.%3C%2Fspan%3E%3Cbr%3E%3Cspan+style%3D%22color%3A+%23000000%3B%22%3E4.+Fotocopia+de+la+c%C3%A9dula+de+ciudadan%C3%ADa+del+propietario+o+representante+legal+%28adjuntar+certificado+de+existencia+y+representaci%C3%B3n+legal%29.%3C%2Fspan%3E%3Cbr%3E%3Cspan+style%3D%22color%3A+%23000000%3B%22%3E5.+Si+el+proyecto+involucra+un+predio%28s%29+ya+conectado%2C+se+debe+presentar+la+%C3%BAltima+factura%28s%29+de+servicios+cancelada%28s%29.%3C%2Fspan%3E%3Cbr%3E%3Cspan+style%3D%22color%3A+%23000000%3B%22%3E6.+Fotocopia+recibo+de+consignaci%C3%B3n+por+valor%26nbsp%3B%3Cb%3Esegun+ultima+resoluci%C3%B3n%3C%2Fb%3E+pesos+en+la+cuenta+corriente+No.+0560004169998483+de+Davivienda+a+nombre+de+EMSERCH%C3%8DA+E.S.P.%2C+para+proyectos+no+residenciales+y+residenciales+de+m%C3%A1s+de+cinco+viviendas.%3C%2Fspan%3E%3C%2Fp%3E%0A%3Cp%3E%3Cspan+style%3D%22color%3A+%23000000%3B%22%3E%26nbsp%3B%3C%2Fspan%3E%3C%2Fp%3E%0A%3Cp%3E%3Cstrong%3E%3Cspan+style%3D%22color%3A+%23000000%3B+font-size%3A+14pt%3B%22%3E%C2%BFCu%C3%A1les+son+los+servicios+especiales+que+presta+la+empresa%3F%3C%2Fspan%3E%3C%2Fstrong%3E%3Cbr%3E%3Cspan+style%3D%22color%3A+%23000000%3B%22%3EServicio+de+recolecci%C3%B3n+de+Poda+costo%26nbsp%3B%3Cb%3Eseg%C3%BAn+ultima+resoluci%C3%B3n.%3C%2Fb%3E%3C%2Fspan%3E%3Cbr%3E%3Cspan+style%3D%22color%3A+%23000000%3B%22%3EServicio+de+recolecci%C3%B3n+de+Muebles+y+colchones+costo+%3Cb%3Eseg%C3%BAn+ultima+resoluci%C3%B3n%3C%2Fb%3E%3C%2Fspan%3E%3Cbr%3E%3Cspan+style%3D%22color%3A+%23000000%3B%22%3EServicio+de+alquiler+de+vactor.%3C%2Fspan%3E%3Cbr%3E%3Cspan+style%3D%22color%3A+%23000000%3B%22%3EServicio+de+Geofonia%3C%2Fspan%3E%3C%2Fp%3E%0A%3Cp%3E%3Cspan+style%3D%22color%3A+%23000000%3B%22%3E%26nbsp%3B%3C%2Fspan%3E%3C%2Fp%3E%0A%3Cp%3E%3Cspan+style%3D%22font-size%3A+14pt%3B%22%3E%3Cstrong%3E%3Cspan+style%3D%22color%3A+%23000000%3B%22%3E%C2%BFCu%C3%A1l+es+el+procedimiento+para+realizar+cambio+de+nombre+en+factura%3F%3C%2Fspan%3E%3C%2Fstrong%3E%3C%2Fspan%3E%3C%2Fp%3E%0A%3Cp%3E%3Cspan+style%3D%22color%3A+%23000000%3B%22%3ERta.+Radicar+certificado+de%3C%2Fspan%3E+tradici%C3%B3n+y+libertad+con+fotocopia+de+la+c%C3%A9dula+de+ciudadan%C3%ADa+del+solicitante.%3C%2Fp%3E%09%09%09%09%09%09%09%09%3C%2Fdiv%3E%0A%09%09%09%09%3C%2Fdiv%3E%0A%09%09%09%09%09%3C%2Fdiv%3E%0A%09%09%3C%2Fdiv%3E%0A%09%09%09%09%09%3C%2Fdiv%3E%0A%09%09%3C%2Fsection%3E%0A%09%09%09%09%3C%2Fdiv%3E%0A%09%09%3Cdiv+class%3D%22gsp_post_data%22+%0D%0A%09++++++++++++data-post_type%3D%22page%22+%0D%0A%09++++++++++++data-cat%3D%22%22+%0D%0A%09++++++++++++data-modified%3D%22120%22%0D%0A%09++++++++++++data-created%3D%221553619163%22%0D%0A%09++++++++++++data-title%3D%22Preguntas+Frecuentes+%26%238211%3B+Emserchia%22+%0D%0A%09++++++++++++data-home%3D%22https%3A%2F%2Femserchia.gov.co%2Fwordem%22%3E%3C%2Fdiv%3E','','','','','232','20');<\/script>","protected":false},"excerpt":{"rendered":"<p>PREGUNTAS FRECUENTES &nbsp; \u00bfQu\u00e9 se requiere para solicitar por PRIMERA VEZ los Servicios de Acueducto, Alcantarillado y\/o Aseo? Rta. Diligenciar y presentar el formato de \u201cFormato para solicitud de disponibilidad de servicios\u00bb, adjuntando los siguientes documentos:1. Certificado de estrato expedido por la oficina de planeaci\u00f3n municipal con una vigencia no mayor a 2 meses2. Certificado [&hellip;]<\/p>\n","protected":false},"author":1,"featured_media":0,"parent":0,"menu_order":0,"comment_status":"closed","ping_status":"closed","template":"","meta":{"footnotes":""},"class_list":["post-1443","page","type-page","status-publish","hentry"],"yoast_head":"<!-- This site is optimized with the Yoast SEO plugin v27.5 - https:\/\/yoast.com\/product\/yoast-seo-wordpress\/ -->\n<title>Preguntas Frecuentes - Emserchia -<\/title>\n<meta name=\"robots\" content=\"index, follow, max-snippet:-1, max-image-preview:large, max-video-preview:-1\" \/>\n<link rel=\"canonical\" href=\"https:\/\/emserchia.gov.co\/wordem\/preguntas-frecuentes\/\" \/>\n<meta property=\"og:locale\" content=\"es_ES\" \/>\n<meta property=\"og:type\" content=\"article\" \/>\n<meta property=\"og:title\" content=\"Preguntas Frecuentes - Emserchia -\" \/>\n<meta property=\"og:description\" content=\"PREGUNTAS FRECUENTES &nbsp; \u00bfQu\u00e9 se requiere para solicitar por PRIMERA VEZ los Servicios de Acueducto, Alcantarillado y\/o Aseo? Rta. Diligenciar y presentar el formato de \u201cFormato para solicitud de disponibilidad de servicios\u00bb, adjuntando los siguientes documentos:1. Certificado de estrato expedido por la oficina de planeaci\u00f3n municipal con una vigencia no mayor a 2 meses2. Certificado [&hellip;]\" \/>\n<meta property=\"og:url\" content=\"https:\/\/emserchia.gov.co\/wordem\/preguntas-frecuentes\/\" \/>\n<meta property=\"article:modified_time\" content=\"2025-11-10T20:26:14+00:00\" \/>\n<meta name=\"twitter:card\" content=\"summary_large_image\" \/>\n<meta name=\"twitter:label1\" content=\"Tiempo de lectura\" \/>\n\t<meta name=\"twitter:data1\" content=\"2 minutos\" \/>\n<script type=\"application\/ld+json\" class=\"yoast-schema-graph\">{\"@context\":\"https:\\\/\\\/schema.org\",\"@graph\":[{\"@type\":\"WebPage\",\"@id\":\"https:\\\/\\\/emserchia.gov.co\\\/wordem\\\/preguntas-frecuentes\\\/\",\"url\":\"https:\\\/\\\/emserchia.gov.co\\\/wordem\\\/preguntas-frecuentes\\\/\",\"name\":\"Preguntas Frecuentes - Emserchia -\",\"isPartOf\":{\"@id\":\"https:\\\/\\\/emserchia.gov.co\\\/wordem\\\/#website\"},\"datePublished\":\"2019-03-26T16:52:43+00:00\",\"dateModified\":\"2025-11-10T20:26:14+00:00\",\"breadcrumb\":{\"@id\":\"https:\\\/\\\/emserchia.gov.co\\\/wordem\\\/preguntas-frecuentes\\\/#breadcrumb\"},\"inLanguage\":\"es\",\"potentialAction\":[{\"@type\":\"ReadAction\",\"target\":[\"https:\\\/\\\/emserchia.gov.co\\\/wordem\\\/preguntas-frecuentes\\\/\"]}]},{\"@type\":\"BreadcrumbList\",\"@id\":\"https:\\\/\\\/emserchia.gov.co\\\/wordem\\\/preguntas-frecuentes\\\/#breadcrumb\",\"itemListElement\":[{\"@type\":\"ListItem\",\"position\":1,\"name\":\"Portada\",\"item\":\"https:\\\/\\\/emserchia.gov.co\\\/wordem\\\/\"},{\"@type\":\"ListItem\",\"position\":2,\"name\":\"Preguntas Frecuentes &#8211; Emserchia\"}]},{\"@type\":\"WebSite\",\"@id\":\"https:\\\/\\\/emserchia.gov.co\\\/wordem\\\/#website\",\"url\":\"https:\\\/\\\/emserchia.gov.co\\\/wordem\\\/\",\"name\":\"\",\"description\":\"\",\"publisher\":{\"@id\":\"https:\\\/\\\/emserchia.gov.co\\\/wordem\\\/#organization\"},\"potentialAction\":[{\"@type\":\"SearchAction\",\"target\":{\"@type\":\"EntryPoint\",\"urlTemplate\":\"https:\\\/\\\/emserchia.gov.co\\\/wordem\\\/?s={search_term_string}\"},\"query-input\":{\"@type\":\"PropertyValueSpecification\",\"valueRequired\":true,\"valueName\":\"search_term_string\"}}],\"inLanguage\":\"es\"},{\"@type\":\"Organization\",\"@id\":\"https:\\\/\\\/emserchia.gov.co\\\/wordem\\\/#organization\",\"name\":\"EMSERCHIA E.S.P\",\"url\":\"https:\\\/\\\/emserchia.gov.co\\\/wordem\\\/\",\"logo\":{\"@type\":\"ImageObject\",\"inLanguage\":\"es\",\"@id\":\"https:\\\/\\\/emserchia.gov.co\\\/wordem\\\/#\\\/schema\\\/logo\\\/image\\\/\",\"url\":\"https:\\\/\\\/emserchia.gov.co\\\/wordem\\\/wp-content\\\/uploads\\\/2019\\\/03\\\/emser-e1551997944868.jpg\",\"contentUrl\":\"https:\\\/\\\/emserchia.gov.co\\\/wordem\\\/wp-content\\\/uploads\\\/2019\\\/03\\\/emser-e1551997944868.jpg\",\"width\":276,\"height\":170,\"caption\":\"EMSERCHIA E.S.P\"},\"image\":{\"@id\":\"https:\\\/\\\/emserchia.gov.co\\\/wordem\\\/#\\\/schema\\\/logo\\\/image\\\/\"}}]}<\/script>\n<!-- \/ Yoast SEO plugin. -->","yoast_head_json":{"title":"Preguntas Frecuentes - Emserchia -","robots":{"index":"index","follow":"follow","max-snippet":"max-snippet:-1","max-image-preview":"max-image-preview:large","max-video-preview":"max-video-preview:-1"},"canonical":"https:\/\/emserchia.gov.co\/wordem\/preguntas-frecuentes\/","og_locale":"es_ES","og_type":"article","og_title":"Preguntas Frecuentes - Emserchia -","og_description":"PREGUNTAS FRECUENTES &nbsp; \u00bfQu\u00e9 se requiere para solicitar por PRIMERA VEZ los Servicios de Acueducto, Alcantarillado y\/o Aseo? Rta. Diligenciar y presentar el formato de \u201cFormato para solicitud de disponibilidad de servicios\u00bb, adjuntando los siguientes documentos:1. Certificado de estrato expedido por la oficina de planeaci\u00f3n municipal con una vigencia no mayor a 2 meses2. Certificado [&hellip;]","og_url":"https:\/\/emserchia.gov.co\/wordem\/preguntas-frecuentes\/","article_modified_time":"2025-11-10T20:26:14+00:00","twitter_card":"summary_large_image","twitter_misc":{"Tiempo de lectura":"2 minutos"},"schema":{"@context":"https:\/\/schema.org","@graph":[{"@type":"WebPage","@id":"https:\/\/emserchia.gov.co\/wordem\/preguntas-frecuentes\/","url":"https:\/\/emserchia.gov.co\/wordem\/preguntas-frecuentes\/","name":"Preguntas Frecuentes - Emserchia -","isPartOf":{"@id":"https:\/\/emserchia.gov.co\/wordem\/#website"},"datePublished":"2019-03-26T16:52:43+00:00","dateModified":"2025-11-10T20:26:14+00:00","breadcrumb":{"@id":"https:\/\/emserchia.gov.co\/wordem\/preguntas-frecuentes\/#breadcrumb"},"inLanguage":"es","potentialAction":[{"@type":"ReadAction","target":["https:\/\/emserchia.gov.co\/wordem\/preguntas-frecuentes\/"]}]},{"@type":"BreadcrumbList","@id":"https:\/\/emserchia.gov.co\/wordem\/preguntas-frecuentes\/#breadcrumb","itemListElement":[{"@type":"ListItem","position":1,"name":"Portada","item":"https:\/\/emserchia.gov.co\/wordem\/"},{"@type":"ListItem","position":2,"name":"Preguntas Frecuentes &#8211; Emserchia"}]},{"@type":"WebSite","@id":"https:\/\/emserchia.gov.co\/wordem\/#website","url":"https:\/\/emserchia.gov.co\/wordem\/","name":"","description":"","publisher":{"@id":"https:\/\/emserchia.gov.co\/wordem\/#organization"},"potentialAction":[{"@type":"SearchAction","target":{"@type":"EntryPoint","urlTemplate":"https:\/\/emserchia.gov.co\/wordem\/?s={search_term_string}"},"query-input":{"@type":"PropertyValueSpecification","valueRequired":true,"valueName":"search_term_string"}}],"inLanguage":"es"},{"@type":"Organization","@id":"https:\/\/emserchia.gov.co\/wordem\/#organization","name":"EMSERCHIA E.S.P","url":"https:\/\/emserchia.gov.co\/wordem\/","logo":{"@type":"ImageObject","inLanguage":"es","@id":"https:\/\/emserchia.gov.co\/wordem\/#\/schema\/logo\/image\/","url":"https:\/\/emserchia.gov.co\/wordem\/wp-content\/uploads\/2019\/03\/emser-e1551997944868.jpg","contentUrl":"https:\/\/emserchia.gov.co\/wordem\/wp-content\/uploads\/2019\/03\/emser-e1551997944868.jpg","width":276,"height":170,"caption":"EMSERCHIA E.S.P"},"image":{"@id":"https:\/\/emserchia.gov.co\/wordem\/#\/schema\/logo\/image\/"}}]}},"_links":{"self":[{"href":"https:\/\/emserchia.gov.co\/wordem\/wp-json\/wp\/v2\/pages\/1443","targetHints":{"allow":["GET"]}}],"collection":[{"href":"https:\/\/emserchia.gov.co\/wordem\/wp-json\/wp\/v2\/pages"}],"about":[{"href":"https:\/\/emserchia.gov.co\/wordem\/wp-json\/wp\/v2\/types\/page"}],"author":[{"embeddable":true,"href":"https:\/\/emserchia.gov.co\/wordem\/wp-json\/wp\/v2\/users\/1"}],"replies":[{"embeddable":true,"href":"https:\/\/emserchia.gov.co\/wordem\/wp-json\/wp\/v2\/comments?post=1443"}],"version-history":[{"count":24,"href":"https:\/\/emserchia.gov.co\/wordem\/wp-json\/wp\/v2\/pages\/1443\/revisions"}],"predecessor-version":[{"id":10527,"href":"https:\/\/emserchia.gov.co\/wordem\/wp-json\/wp\/v2\/pages\/1443\/revisions\/10527"}],"wp:attachment":[{"href":"https:\/\/emserchia.gov.co\/wordem\/wp-json\/wp\/v2\/media?parent=1443"}],"curies":[{"name":"wp","href":"https:\/\/api.w.org\/{rel}","templated":true}]}}