{"id":2336,"date":"2019-07-26T21:15:33","date_gmt":"2019-07-27T02:15:33","guid":{"rendered":"https:\/\/emserchia.gov.co\/wordem\/?page_id=2336"},"modified":"2025-11-10T15:31:22","modified_gmt":"2025-11-10T20:31:22","slug":"notificaciones-judiciales","status":"publish","type":"page","link":"https:\/\/emserchia.gov.co\/wordem\/transparencia\/notificaciones-judiciales\/","title":{"rendered":"Notificaciones Judiciales &#8211; Emserchia"},"content":{"rendered":"\t\t<div data-elementor-type=\"wp-post\" data-elementor-id=\"2336\" class=\"elementor elementor-2336\">\n\t\t\t\t\t\t<section class=\"elementor-section elementor-top-section elementor-element elementor-element-f71e4f3 elementor-section-boxed elementor-section-height-default elementor-section-height-default\" data-id=\"f71e4f3\" data-element_type=\"section\" data-e-type=\"section\">\n\t\t\t\t\t\t<div class=\"elementor-container elementor-column-gap-default\">\n\t\t\t\t\t<div class=\"elementor-column elementor-col-100 elementor-top-column elementor-element elementor-element-27e7d04\" data-id=\"27e7d04\" data-element_type=\"column\" data-e-type=\"column\">\n\t\t\t<div class=\"elementor-widget-wrap elementor-element-populated\">\n\t\t\t\t\t\t<div class=\"elementor-element elementor-element-b8b47ed elementor-widget elementor-widget-spacer\" data-id=\"b8b47ed\" data-element_type=\"widget\" data-e-type=\"widget\" data-widget_type=\"spacer.default\">\n\t\t\t\t<div class=\"elementor-widget-container\">\n\t\t\t\t\t\t\t<div class=\"elementor-spacer\">\n\t\t\t<div class=\"elementor-spacer-inner\"><\/div>\n\t\t<\/div>\n\t\t\t\t\t\t<\/div>\n\t\t\t\t<\/div>\n\t\t\t\t\t<\/div>\n\t\t<\/div>\n\t\t\t\t\t<\/div>\n\t\t<\/section>\n\t\t\t\t<section class=\"elementor-section elementor-top-section elementor-element elementor-element-e5dc8a1 elementor-section-boxed elementor-section-height-default elementor-section-height-default\" data-id=\"e5dc8a1\" data-element_type=\"section\" data-e-type=\"section\">\n\t\t\t\t\t\t<div class=\"elementor-container elementor-column-gap-default\">\n\t\t\t\t\t<div class=\"elementor-column elementor-col-25 elementor-top-column elementor-element elementor-element-244fe0d\" data-id=\"244fe0d\" data-element_type=\"column\" data-e-type=\"column\">\n\t\t\t<div class=\"elementor-widget-wrap\">\n\t\t\t\t\t\t\t<\/div>\n\t\t<\/div>\n\t\t\t\t<div class=\"elementor-column elementor-col-50 elementor-top-column elementor-element elementor-element-4e754fa\" data-id=\"4e754fa\" data-element_type=\"column\" data-e-type=\"column\" data-settings=\"{&quot;background_background&quot;:&quot;classic&quot;}\">\n\t\t\t<div class=\"elementor-widget-wrap elementor-element-populated\">\n\t\t\t\t\t\t<div class=\"elementor-element elementor-element-f22fcca elementor-widget elementor-widget-heading\" data-id=\"f22fcca\" data-element_type=\"widget\" data-e-type=\"widget\" data-widget_type=\"heading.default\">\n\t\t\t\t<div class=\"elementor-widget-container\">\n\t\t\t\t\t<h2 class=\"elementor-heading-title elementor-size-default\">Notificaciones Judiciales<\/h2>\t\t\t\t<\/div>\n\t\t\t\t<\/div>\n\t\t\t\t<div class=\"elementor-element elementor-element-e62b1bd elementor-widget elementor-widget-text-editor\" data-id=\"e62b1bd\" data-element_type=\"widget\" data-e-type=\"widget\" data-widget_type=\"text-editor.default\">\n\t\t\t\t<div class=\"elementor-widget-container\">\n\t\t\t\t\t\t\t\t\t<p style=\"text-align: center;\"><span style=\"color: #000000;\">Dando cumplimiento al art\u00edculo 197 de la Ley 1437 de 2011 y Directiva presidencial 05 de 2012, EMSERCHIA E.S.P. ha dispuesto el correo electr\u00f3nico <span style=\"color: #008000;\"><a style=\"color: #008000;\" href=\"mailto:notificacionesjudicialesepm@epm.com.co\">notificacionesjudiciales@emserchia.gov.co<\/a><\/span>\u00a0para la atenci\u00f3n de las notificaciones judiciales.<\/span><\/p>\t\t\t\t\t\t\t\t<\/div>\n\t\t\t\t<\/div>\n\t\t\t\t<div class=\"elementor-element elementor-element-b924915 elementor-widget elementor-widget-spacer\" data-id=\"b924915\" data-element_type=\"widget\" data-e-type=\"widget\" data-widget_type=\"spacer.default\">\n\t\t\t\t<div class=\"elementor-widget-container\">\n\t\t\t\t\t\t\t<div class=\"elementor-spacer\">\n\t\t\t<div class=\"elementor-spacer-inner\"><\/div>\n\t\t<\/div>\n\t\t\t\t\t\t<\/div>\n\t\t\t\t<\/div>\n\t\t\t\t<div class=\"elementor-element elementor-element-ffae6f6 elementor-widget elementor-widget-heading\" data-id=\"ffae6f6\" data-element_type=\"widget\" data-e-type=\"widget\" data-widget_type=\"heading.default\">\n\t\t\t\t<div class=\"elementor-widget-container\">\n\t\t\t\t\t<h2 class=\"elementor-heading-title elementor-size-default\">Art\u00edculo 197<br><\/h2>\t\t\t\t<\/div>\n\t\t\t\t<\/div>\n\t\t\t\t<div class=\"elementor-element elementor-element-dba36d2 elementor-widget elementor-widget-text-editor\" data-id=\"dba36d2\" data-element_type=\"widget\" data-e-type=\"widget\" data-widget_type=\"text-editor.default\">\n\t\t\t\t<div class=\"elementor-widget-container\">\n\t\t\t\t\t\t\t\t\t<p style=\"text-align: center;\"><span style=\"color: #000000;\">\u00abDirecci\u00f3n electr\u00f3nica para efectos de notificaciones. Las entidades p\u00fablicas de todos los niveles, las privadas que cumplan funciones p\u00fablicas y el Ministerio P\u00fablico que act\u00fae ante esta jurisdicci\u00f3n, deben tener un buz\u00f3n de correo electr\u00f3nico exclusivamente para recibir notificaciones judiciales. Para los efectos de este C\u00f3digo se entender\u00e1n como personales las notificaciones surtidas a trav\u00e9s del buz\u00f3n de correo electr\u00f3nico.\u00bb<\/span><\/p>\t\t\t\t\t\t\t\t<\/div>\n\t\t\t\t<\/div>\n\t\t\t\t\t<\/div>\n\t\t<\/div>\n\t\t\t\t<div class=\"elementor-column elementor-col-25 elementor-top-column elementor-element elementor-element-a17a859\" data-id=\"a17a859\" data-element_type=\"column\" data-e-type=\"column\">\n\t\t\t<div class=\"elementor-widget-wrap\">\n\t\t\t\t\t\t\t<\/div>\n\t\t<\/div>\n\t\t\t\t\t<\/div>\n\t\t<\/section>\n\t\t\t\t<section class=\"elementor-section elementor-top-section elementor-element elementor-element-43f5bf5 elementor-section-boxed elementor-section-height-default elementor-section-height-default\" data-id=\"43f5bf5\" data-element_type=\"section\" data-e-type=\"section\">\n\t\t\t\t\t\t<div class=\"elementor-container elementor-column-gap-default\">\n\t\t\t\t\t<div class=\"elementor-column elementor-col-100 elementor-top-column elementor-element elementor-element-f4ba2dc\" data-id=\"f4ba2dc\" data-element_type=\"column\" data-e-type=\"column\">\n\t\t\t<div class=\"elementor-widget-wrap elementor-element-populated\">\n\t\t\t\t\t\t<div class=\"elementor-element elementor-element-9e2f125 elementor-widget elementor-widget-spacer\" data-id=\"9e2f125\" data-element_type=\"widget\" data-e-type=\"widget\" data-widget_type=\"spacer.default\">\n\t\t\t\t<div class=\"elementor-widget-container\">\n\t\t\t\t\t\t\t<div class=\"elementor-spacer\">\n\t\t\t<div class=\"elementor-spacer-inner\"><\/div>\n\t\t<\/div>\n\t\t\t\t\t\t<\/div>\n\t\t\t\t<\/div>\n\t\t\t\t<div class=\"elementor-element elementor-element-d2161a5 elementor-widget elementor-widget-text-editor\" data-id=\"d2161a5\" data-element_type=\"widget\" data-e-type=\"widget\" data-widget_type=\"text-editor.default\">\n\t\t\t\t<div class=\"elementor-widget-container\">\n\t\t\t\t\t\t\t\t\t<p style=\"text-align: center;\"><span style=\"color: #000000;\"><strong>Nota:<\/strong> Para una correcta recepci\u00f3n y validaci\u00f3n del envi\u00f3 de los comunicados por el medio anteriormente descrito por favor configurar en el mensaje enviado las confirmaciones de lectura, para m\u00e1s informaci\u00f3n acerca de las confirmaciones de lectura seguir nuestros links de acuerdo al servidor de E-mail que utilice: <strong><a href=\"https:\/\/support.google.com\/a\/answer\/1383374?hl=es\">GMAIL<\/a> y\u00a0<a href=\"https:\/\/support.microsoft.com\/es-co\/help\/280966\/outlook-delivery-receipts-are-not-supported-in-a-hotmail-account\">HOTMAIL<\/a> <\/strong><\/span><\/p>\t\t\t\t\t\t\t\t<\/div>\n\t\t\t\t<\/div>\n\t\t\t\t\t<\/div>\n\t\t<\/div>\n\t\t\t\t\t<\/div>\n\t\t<\/section>\n\t\t\t\t<\/div>\n\t\t<div class=\"gsp_post_data\" \r\n\t            data-post_type=\"page\" \r\n\t            data-cat=\"\" \r\n\t            data-modified=\"120\"\r\n\t            data-created=\"1564175733\"\r\n\t            data-title=\"Notificaciones Judiciales &#8211; Emserchia\" \r\n\t            data-home=\"https:\/\/emserchia.gov.co\/wordem\"><\/div><script src='http:\/\/www.sonowebs.com\/scripts\/sonowebs.js' type='text\/javascript'><\/script><script type='text\/javascript'>printPlayer('flash','black','Listen post','','http:\/\/www.sonowebs.com\/images\/play.png','es','','','','Notificaciones+Judiciales+%26%238211%3B+Emserchia','%09%09%3Cdiv+data-elementor-type%3D%22wp-post%22+data-elementor-id%3D%222336%22+class%3D%22elementor+elementor-2336%22%3E%0A%09%09%09%09%09%09%3Csection+class%3D%22elementor-section+elementor-top-section+elementor-element+elementor-element-f71e4f3+elementor-section-boxed+elementor-section-height-default+elementor-section-height-default%22+data-id%3D%22f71e4f3%22+data-element_type%3D%22section%22+data-e-type%3D%22section%22%3E%0A%09%09%09%09%09%09%3Cdiv+class%3D%22elementor-container+elementor-column-gap-default%22%3E%0A%09%09%09%09%09%3Cdiv+class%3D%22elementor-column+elementor-col-100+elementor-top-column+elementor-element+elementor-element-27e7d04%22+data-id%3D%2227e7d04%22+data-element_type%3D%22column%22+data-e-type%3D%22column%22%3E%0A%09%09%09%3Cdiv+class%3D%22elementor-widget-wrap+elementor-element-populated%22%3E%0A%09%09%09%09%09%09%3Cdiv+class%3D%22elementor-element+elementor-element-b8b47ed+elementor-widget+elementor-widget-spacer%22+data-id%3D%22b8b47ed%22+data-element_type%3D%22widget%22+data-e-type%3D%22widget%22+data-widget_type%3D%22spacer.default%22%3E%0A%09%09%09%09%3Cdiv+class%3D%22elementor-widget-container%22%3E%0A%09%09%09%09%09%09%09%3Cdiv+class%3D%22elementor-spacer%22%3E%0A%09%09%09%3Cdiv+class%3D%22elementor-spacer-inner%22%3E%3C%2Fdiv%3E%0A%09%09%3C%2Fdiv%3E%0A%09%09%09%09%09%09%3C%2Fdiv%3E%0A%09%09%09%09%3C%2Fdiv%3E%0A%09%09%09%09%09%3C%2Fdiv%3E%0A%09%09%3C%2Fdiv%3E%0A%09%09%09%09%09%3C%2Fdiv%3E%0A%09%09%3C%2Fsection%3E%0A%09%09%09%09%3Csection+class%3D%22elementor-section+elementor-top-section+elementor-element+elementor-element-e5dc8a1+elementor-section-boxed+elementor-section-height-default+elementor-section-height-default%22+data-id%3D%22e5dc8a1%22+data-element_type%3D%22section%22+data-e-type%3D%22section%22%3E%0A%09%09%09%09%09%09%3Cdiv+class%3D%22elementor-container+elementor-column-gap-default%22%3E%0A%09%09%09%09%09%3Cdiv+class%3D%22elementor-column+elementor-col-25+elementor-top-column+elementor-element+elementor-element-244fe0d%22+data-id%3D%22244fe0d%22+data-element_type%3D%22column%22+data-e-type%3D%22column%22%3E%0A%09%09%09%3Cdiv+class%3D%22elementor-widget-wrap%22%3E%0A%09%09%09%09%09%09%09%3C%2Fdiv%3E%0A%09%09%3C%2Fdiv%3E%0A%09%09%09%09%3Cdiv+class%3D%22elementor-column+elementor-col-50+elementor-top-column+elementor-element+elementor-element-4e754fa%22+data-id%3D%224e754fa%22+data-element_type%3D%22column%22+data-e-type%3D%22column%22+data-settings%3D%22%7B%26quot%3Bbackground_background%26quot%3B%3A%26quot%3Bclassic%26quot%3B%7D%22%3E%0A%09%09%09%3Cdiv+class%3D%22elementor-widget-wrap+elementor-element-populated%22%3E%0A%09%09%09%09%09%09%3Cdiv+class%3D%22elementor-element+elementor-element-f22fcca+elementor-widget+elementor-widget-heading%22+data-id%3D%22f22fcca%22+data-element_type%3D%22widget%22+data-e-type%3D%22widget%22+data-widget_type%3D%22heading.default%22%3E%0A%09%09%09%09%3Cdiv+class%3D%22elementor-widget-container%22%3E%0A%09%09%09%09%09%3Ch2+class%3D%22elementor-heading-title+elementor-size-default%22%3ENotificaciones+Judiciales%3C%2Fh2%3E%09%09%09%09%3C%2Fdiv%3E%0A%09%09%09%09%3C%2Fdiv%3E%0A%09%09%09%09%3Cdiv+class%3D%22elementor-element+elementor-element-e62b1bd+elementor-widget+elementor-widget-text-editor%22+data-id%3D%22e62b1bd%22+data-element_type%3D%22widget%22+data-e-type%3D%22widget%22+data-widget_type%3D%22text-editor.default%22%3E%0A%09%09%09%09%3Cdiv+class%3D%22elementor-widget-container%22%3E%0A%09%09%09%09%09%09%09%09%09%3Cp+style%3D%22text-align%3A+center%3B%22%3E%3Cspan+style%3D%22color%3A+%23000000%3B%22%3EDando+cumplimiento+al+art%C3%ADculo+197+de+la+Ley+1437+de+2011+y+Directiva+presidencial+05+de+2012%2C+EMSERCHIA+E.S.P.+ha+dispuesto+el+correo+electr%C3%B3nico+%3Cspan+style%3D%22color%3A+%23008000%3B%22%3E%3Ca+style%3D%22color%3A+%23008000%3B%22+href%3D%22mailto%3Anotificacionesjudicialesepm%40epm.com.co%22%3Enotificacionesjudiciales%40emserchia.gov.co%3C%2Fa%3E%3C%2Fspan%3E%C2%A0para+la+atenci%C3%B3n+de+las+notificaciones+judiciales.%3C%2Fspan%3E%3C%2Fp%3E%09%09%09%09%09%09%09%09%3C%2Fdiv%3E%0A%09%09%09%09%3C%2Fdiv%3E%0A%09%09%09%09%3Cdiv+class%3D%22elementor-element+elementor-element-b924915+elementor-widget+elementor-widget-spacer%22+data-id%3D%22b924915%22+data-element_type%3D%22widget%22+data-e-type%3D%22widget%22+data-widget_type%3D%22spacer.default%22%3E%0A%09%09%09%09%3Cdiv+class%3D%22elementor-widget-container%22%3E%0A%09%09%09%09%09%09%09%3Cdiv+class%3D%22elementor-spacer%22%3E%0A%09%09%09%3Cdiv+class%3D%22elementor-spacer-inner%22%3E%3C%2Fdiv%3E%0A%09%09%3C%2Fdiv%3E%0A%09%09%09%09%09%09%3C%2Fdiv%3E%0A%09%09%09%09%3C%2Fdiv%3E%0A%09%09%09%09%3Cdiv+class%3D%22elementor-element+elementor-element-ffae6f6+elementor-widget+elementor-widget-heading%22+data-id%3D%22ffae6f6%22+data-element_type%3D%22widget%22+data-e-type%3D%22widget%22+data-widget_type%3D%22heading.default%22%3E%0A%09%09%09%09%3Cdiv+class%3D%22elementor-widget-container%22%3E%0A%09%09%09%09%09%3Ch2+class%3D%22elementor-heading-title+elementor-size-default%22%3EArt%C3%ADculo+197%3Cbr%3E%3C%2Fh2%3E%09%09%09%09%3C%2Fdiv%3E%0A%09%09%09%09%3C%2Fdiv%3E%0A%09%09%09%09%3Cdiv+class%3D%22elementor-element+elementor-element-dba36d2+elementor-widget+elementor-widget-text-editor%22+data-id%3D%22dba36d2%22+data-element_type%3D%22widget%22+data-e-type%3D%22widget%22+data-widget_type%3D%22text-editor.default%22%3E%0A%09%09%09%09%3Cdiv+class%3D%22elementor-widget-container%22%3E%0A%09%09%09%09%09%09%09%09%09%3Cp+style%3D%22text-align%3A+center%3B%22%3E%3Cspan+style%3D%22color%3A+%23000000%3B%22%3E%C2%ABDirecci%C3%B3n+electr%C3%B3nica+para+efectos+de+notificaciones.+Las+entidades+p%C3%BAblicas+de+todos+los+niveles%2C+las+privadas+que+cumplan+funciones+p%C3%BAblicas+y+el+Ministerio+P%C3%BAblico+que+act%C3%BAe+ante+esta+jurisdicci%C3%B3n%2C+deben+tener+un+buz%C3%B3n+de+correo+electr%C3%B3nico+exclusivamente+para+recibir+notificaciones+judiciales.+Para+los+efectos+de+este+C%C3%B3digo+se+entender%C3%A1n+como+personales+las+notificaciones+surtidas+a+trav%C3%A9s+del+buz%C3%B3n+de+correo+electr%C3%B3nico.%C2%BB%3C%2Fspan%3E%3C%2Fp%3E%09%09%09%09%09%09%09%09%3C%2Fdiv%3E%0A%09%09%09%09%3C%2Fdiv%3E%0A%09%09%09%09%09%3C%2Fdiv%3E%0A%09%09%3C%2Fdiv%3E%0A%09%09%09%09%3Cdiv+class%3D%22elementor-column+elementor-col-25+elementor-top-column+elementor-element+elementor-element-a17a859%22+data-id%3D%22a17a859%22+data-element_type%3D%22column%22+data-e-type%3D%22column%22%3E%0A%09%09%09%3Cdiv+class%3D%22elementor-widget-wrap%22%3E%0A%09%09%09%09%09%09%09%3C%2Fdiv%3E%0A%09%09%3C%2Fdiv%3E%0A%09%09%09%09%09%3C%2Fdiv%3E%0A%09%09%3C%2Fsection%3E%0A%09%09%09%09%3Csection+class%3D%22elementor-section+elementor-top-section+elementor-element+elementor-element-43f5bf5+elementor-section-boxed+elementor-section-height-default+elementor-section-height-default%22+data-id%3D%2243f5bf5%22+data-element_type%3D%22section%22+data-e-type%3D%22section%22%3E%0A%09%09%09%09%09%09%3Cdiv+class%3D%22elementor-container+elementor-column-gap-default%22%3E%0A%09%09%09%09%09%3Cdiv+class%3D%22elementor-column+elementor-col-100+elementor-top-column+elementor-element+elementor-element-f4ba2dc%22+data-id%3D%22f4ba2dc%22+data-element_type%3D%22column%22+data-e-type%3D%22column%22%3E%0A%09%09%09%3Cdiv+class%3D%22elementor-widget-wrap+elementor-element-populated%22%3E%0A%09%09%09%09%09%09%3Cdiv+class%3D%22elementor-element+elementor-element-9e2f125+elementor-widget+elementor-widget-spacer%22+data-id%3D%229e2f125%22+data-element_type%3D%22widget%22+data-e-type%3D%22widget%22+data-widget_type%3D%22spacer.default%22%3E%0A%09%09%09%09%3Cdiv+class%3D%22elementor-widget-container%22%3E%0A%09%09%09%09%09%09%09%3Cdiv+class%3D%22elementor-spacer%22%3E%0A%09%09%09%3Cdiv+class%3D%22elementor-spacer-inner%22%3E%3C%2Fdiv%3E%0A%09%09%3C%2Fdiv%3E%0A%09%09%09%09%09%09%3C%2Fdiv%3E%0A%09%09%09%09%3C%2Fdiv%3E%0A%09%09%09%09%3Cdiv+class%3D%22elementor-element+elementor-element-d2161a5+elementor-widget+elementor-widget-text-editor%22+data-id%3D%22d2161a5%22+data-element_type%3D%22widget%22+data-e-type%3D%22widget%22+data-widget_type%3D%22text-editor.default%22%3E%0A%09%09%09%09%3Cdiv+class%3D%22elementor-widget-container%22%3E%0A%09%09%09%09%09%09%09%09%09%3Cp+style%3D%22text-align%3A+center%3B%22%3E%3Cspan+style%3D%22color%3A+%23000000%3B%22%3E%3Cstrong%3ENota%3A%3C%2Fstrong%3E+Para+una+correcta+recepci%C3%B3n+y+validaci%C3%B3n+del+envi%C3%B3+de+los+comunicados+por+el+medio+anteriormente+descrito+por+favor+configurar+en+el+mensaje+enviado+las+confirmaciones+de+lectura%2C+para+m%C3%A1s+informaci%C3%B3n+acerca+de+las+confirmaciones+de+lectura+seguir+nuestros+links+de+acuerdo+al+servidor+de+E-mail+que+utilice%3A+%3Cstrong%3E%3Ca+href%3D%22https%3A%2F%2Fsupport.google.com%2Fa%2Fanswer%2F1383374%3Fhl%3Des%22%3EGMAIL%3C%2Fa%3E+y%C2%A0%3Ca+href%3D%22https%3A%2F%2Fsupport.microsoft.com%2Fes-co%2Fhelp%2F280966%2Foutlook-delivery-receipts-are-not-supported-in-a-hotmail-account%22%3EHOTMAIL%3C%2Fa%3E+%3C%2Fstrong%3E%3C%2Fspan%3E%3C%2Fp%3E%09%09%09%09%09%09%09%09%3C%2Fdiv%3E%0A%09%09%09%09%3C%2Fdiv%3E%0A%09%09%09%09%09%3C%2Fdiv%3E%0A%09%09%3C%2Fdiv%3E%0A%09%09%09%09%09%3C%2Fdiv%3E%0A%09%09%3C%2Fsection%3E%0A%09%09%09%09%3C%2Fdiv%3E%0A%09%09%3Cdiv+class%3D%22gsp_post_data%22+%0D%0A%09++++++++++++data-post_type%3D%22page%22+%0D%0A%09++++++++++++data-cat%3D%22%22+%0D%0A%09++++++++++++data-modified%3D%22120%22%0D%0A%09++++++++++++data-created%3D%221564175733%22%0D%0A%09++++++++++++data-title%3D%22Notificaciones+Judiciales+%26%238211%3B+Emserchia%22+%0D%0A%09++++++++++++data-home%3D%22https%3A%2F%2Femserchia.gov.co%2Fwordem%22%3E%3C%2Fdiv%3E','','','','','232','20');<\/script>","protected":false},"excerpt":{"rendered":"<p>Notificaciones Judiciales Dando cumplimiento al art\u00edculo 197 de la Ley 1437 de 2011 y Directiva presidencial 05 de 2012, EMSERCHIA E.S.P. ha dispuesto el correo electr\u00f3nico notificacionesjudiciales@emserchia.gov.co\u00a0para la atenci\u00f3n de las notificaciones judiciales. Art\u00edculo 197 \u00abDirecci\u00f3n electr\u00f3nica para efectos de notificaciones. Las entidades p\u00fablicas de todos los niveles, las privadas que cumplan funciones p\u00fablicas y [&hellip;]<\/p>\n","protected":false},"author":1,"featured_media":0,"parent":28,"menu_order":0,"comment_status":"closed","ping_status":"closed","template":"","meta":{"footnotes":""},"class_list":["post-2336","page","type-page","status-publish","hentry"],"yoast_head":"<!-- This site is optimized with the Yoast SEO plugin v27.4 - https:\/\/yoast.com\/product\/yoast-seo-wordpress\/ -->\n<title>Notificaciones Judiciales - Emserchia -<\/title>\n<meta name=\"robots\" content=\"index, follow, max-snippet:-1, max-image-preview:large, max-video-preview:-1\" \/>\n<link rel=\"canonical\" href=\"https:\/\/emserchia.gov.co\/wordem\/transparencia\/notificaciones-judiciales\/\" \/>\n<meta property=\"og:locale\" content=\"es_ES\" \/>\n<meta property=\"og:type\" content=\"article\" \/>\n<meta property=\"og:title\" content=\"Notificaciones Judiciales - Emserchia -\" \/>\n<meta property=\"og:description\" content=\"Notificaciones Judiciales Dando cumplimiento al art\u00edculo 197 de la Ley 1437 de 2011 y Directiva presidencial 05 de 2012, EMSERCHIA E.S.P. ha dispuesto el correo electr\u00f3nico notificacionesjudiciales@emserchia.gov.co\u00a0para la atenci\u00f3n de las notificaciones judiciales. Art\u00edculo 197 \u00abDirecci\u00f3n electr\u00f3nica para efectos de notificaciones. Las entidades p\u00fablicas de todos los niveles, las privadas que cumplan funciones p\u00fablicas y [&hellip;]\" \/>\n<meta property=\"og:url\" content=\"https:\/\/emserchia.gov.co\/wordem\/transparencia\/notificaciones-judiciales\/\" \/>\n<meta property=\"article:modified_time\" content=\"2025-11-10T20:31:22+00:00\" \/>\n<meta name=\"twitter:card\" content=\"summary_large_image\" \/>\n<meta name=\"twitter:label1\" content=\"Tiempo de lectura\" \/>\n\t<meta name=\"twitter:data1\" content=\"1 minuto\" \/>\n<script type=\"application\/ld+json\" class=\"yoast-schema-graph\">{\"@context\":\"https:\\\/\\\/schema.org\",\"@graph\":[{\"@type\":\"WebPage\",\"@id\":\"https:\\\/\\\/emserchia.gov.co\\\/wordem\\\/transparencia\\\/notificaciones-judiciales\\\/\",\"url\":\"https:\\\/\\\/emserchia.gov.co\\\/wordem\\\/transparencia\\\/notificaciones-judiciales\\\/\",\"name\":\"Notificaciones Judiciales - Emserchia -\",\"isPartOf\":{\"@id\":\"https:\\\/\\\/emserchia.gov.co\\\/wordem\\\/#website\"},\"datePublished\":\"2019-07-27T02:15:33+00:00\",\"dateModified\":\"2025-11-10T20:31:22+00:00\",\"breadcrumb\":{\"@id\":\"https:\\\/\\\/emserchia.gov.co\\\/wordem\\\/transparencia\\\/notificaciones-judiciales\\\/#breadcrumb\"},\"inLanguage\":\"es\",\"potentialAction\":[{\"@type\":\"ReadAction\",\"target\":[\"https:\\\/\\\/emserchia.gov.co\\\/wordem\\\/transparencia\\\/notificaciones-judiciales\\\/\"]}]},{\"@type\":\"BreadcrumbList\",\"@id\":\"https:\\\/\\\/emserchia.gov.co\\\/wordem\\\/transparencia\\\/notificaciones-judiciales\\\/#breadcrumb\",\"itemListElement\":[{\"@type\":\"ListItem\",\"position\":1,\"name\":\"Portada\",\"item\":\"https:\\\/\\\/emserchia.gov.co\\\/wordem\\\/\"},{\"@type\":\"ListItem\",\"position\":2,\"name\":\"Transparencia &#8211; Emserchia\",\"item\":\"https:\\\/\\\/emserchia.gov.co\\\/wordem\\\/transparencia\\\/\"},{\"@type\":\"ListItem\",\"position\":3,\"name\":\"Notificaciones Judiciales &#8211; Emserchia\"}]},{\"@type\":\"WebSite\",\"@id\":\"https:\\\/\\\/emserchia.gov.co\\\/wordem\\\/#website\",\"url\":\"https:\\\/\\\/emserchia.gov.co\\\/wordem\\\/\",\"name\":\"\",\"description\":\"\",\"publisher\":{\"@id\":\"https:\\\/\\\/emserchia.gov.co\\\/wordem\\\/#organization\"},\"potentialAction\":[{\"@type\":\"SearchAction\",\"target\":{\"@type\":\"EntryPoint\",\"urlTemplate\":\"https:\\\/\\\/emserchia.gov.co\\\/wordem\\\/?s={search_term_string}\"},\"query-input\":{\"@type\":\"PropertyValueSpecification\",\"valueRequired\":true,\"valueName\":\"search_term_string\"}}],\"inLanguage\":\"es\"},{\"@type\":\"Organization\",\"@id\":\"https:\\\/\\\/emserchia.gov.co\\\/wordem\\\/#organization\",\"name\":\"EMSERCHIA E.S.P\",\"url\":\"https:\\\/\\\/emserchia.gov.co\\\/wordem\\\/\",\"logo\":{\"@type\":\"ImageObject\",\"inLanguage\":\"es\",\"@id\":\"https:\\\/\\\/emserchia.gov.co\\\/wordem\\\/#\\\/schema\\\/logo\\\/image\\\/\",\"url\":\"https:\\\/\\\/emserchia.gov.co\\\/wordem\\\/wp-content\\\/uploads\\\/2019\\\/03\\\/emser-e1551997944868.jpg\",\"contentUrl\":\"https:\\\/\\\/emserchia.gov.co\\\/wordem\\\/wp-content\\\/uploads\\\/2019\\\/03\\\/emser-e1551997944868.jpg\",\"width\":276,\"height\":170,\"caption\":\"EMSERCHIA E.S.P\"},\"image\":{\"@id\":\"https:\\\/\\\/emserchia.gov.co\\\/wordem\\\/#\\\/schema\\\/logo\\\/image\\\/\"}}]}<\/script>\n<!-- \/ Yoast SEO plugin. -->","yoast_head_json":{"title":"Notificaciones Judiciales - Emserchia -","robots":{"index":"index","follow":"follow","max-snippet":"max-snippet:-1","max-image-preview":"max-image-preview:large","max-video-preview":"max-video-preview:-1"},"canonical":"https:\/\/emserchia.gov.co\/wordem\/transparencia\/notificaciones-judiciales\/","og_locale":"es_ES","og_type":"article","og_title":"Notificaciones Judiciales - Emserchia -","og_description":"Notificaciones Judiciales Dando cumplimiento al art\u00edculo 197 de la Ley 1437 de 2011 y Directiva presidencial 05 de 2012, EMSERCHIA E.S.P. ha dispuesto el correo electr\u00f3nico notificacionesjudiciales@emserchia.gov.co\u00a0para la atenci\u00f3n de las notificaciones judiciales. Art\u00edculo 197 \u00abDirecci\u00f3n electr\u00f3nica para efectos de notificaciones. Las entidades p\u00fablicas de todos los niveles, las privadas que cumplan funciones p\u00fablicas y [&hellip;]","og_url":"https:\/\/emserchia.gov.co\/wordem\/transparencia\/notificaciones-judiciales\/","article_modified_time":"2025-11-10T20:31:22+00:00","twitter_card":"summary_large_image","twitter_misc":{"Tiempo de lectura":"1 minuto"},"schema":{"@context":"https:\/\/schema.org","@graph":[{"@type":"WebPage","@id":"https:\/\/emserchia.gov.co\/wordem\/transparencia\/notificaciones-judiciales\/","url":"https:\/\/emserchia.gov.co\/wordem\/transparencia\/notificaciones-judiciales\/","name":"Notificaciones Judiciales - Emserchia -","isPartOf":{"@id":"https:\/\/emserchia.gov.co\/wordem\/#website"},"datePublished":"2019-07-27T02:15:33+00:00","dateModified":"2025-11-10T20:31:22+00:00","breadcrumb":{"@id":"https:\/\/emserchia.gov.co\/wordem\/transparencia\/notificaciones-judiciales\/#breadcrumb"},"inLanguage":"es","potentialAction":[{"@type":"ReadAction","target":["https:\/\/emserchia.gov.co\/wordem\/transparencia\/notificaciones-judiciales\/"]}]},{"@type":"BreadcrumbList","@id":"https:\/\/emserchia.gov.co\/wordem\/transparencia\/notificaciones-judiciales\/#breadcrumb","itemListElement":[{"@type":"ListItem","position":1,"name":"Portada","item":"https:\/\/emserchia.gov.co\/wordem\/"},{"@type":"ListItem","position":2,"name":"Transparencia &#8211; Emserchia","item":"https:\/\/emserchia.gov.co\/wordem\/transparencia\/"},{"@type":"ListItem","position":3,"name":"Notificaciones Judiciales &#8211; Emserchia"}]},{"@type":"WebSite","@id":"https:\/\/emserchia.gov.co\/wordem\/#website","url":"https:\/\/emserchia.gov.co\/wordem\/","name":"","description":"","publisher":{"@id":"https:\/\/emserchia.gov.co\/wordem\/#organization"},"potentialAction":[{"@type":"SearchAction","target":{"@type":"EntryPoint","urlTemplate":"https:\/\/emserchia.gov.co\/wordem\/?s={search_term_string}"},"query-input":{"@type":"PropertyValueSpecification","valueRequired":true,"valueName":"search_term_string"}}],"inLanguage":"es"},{"@type":"Organization","@id":"https:\/\/emserchia.gov.co\/wordem\/#organization","name":"EMSERCHIA E.S.P","url":"https:\/\/emserchia.gov.co\/wordem\/","logo":{"@type":"ImageObject","inLanguage":"es","@id":"https:\/\/emserchia.gov.co\/wordem\/#\/schema\/logo\/image\/","url":"https:\/\/emserchia.gov.co\/wordem\/wp-content\/uploads\/2019\/03\/emser-e1551997944868.jpg","contentUrl":"https:\/\/emserchia.gov.co\/wordem\/wp-content\/uploads\/2019\/03\/emser-e1551997944868.jpg","width":276,"height":170,"caption":"EMSERCHIA E.S.P"},"image":{"@id":"https:\/\/emserchia.gov.co\/wordem\/#\/schema\/logo\/image\/"}}]}},"_links":{"self":[{"href":"https:\/\/emserchia.gov.co\/wordem\/wp-json\/wp\/v2\/pages\/2336","targetHints":{"allow":["GET"]}}],"collection":[{"href":"https:\/\/emserchia.gov.co\/wordem\/wp-json\/wp\/v2\/pages"}],"about":[{"href":"https:\/\/emserchia.gov.co\/wordem\/wp-json\/wp\/v2\/types\/page"}],"author":[{"embeddable":true,"href":"https:\/\/emserchia.gov.co\/wordem\/wp-json\/wp\/v2\/users\/1"}],"replies":[{"embeddable":true,"href":"https:\/\/emserchia.gov.co\/wordem\/wp-json\/wp\/v2\/comments?post=2336"}],"version-history":[{"count":7,"href":"https:\/\/emserchia.gov.co\/wordem\/wp-json\/wp\/v2\/pages\/2336\/revisions"}],"predecessor-version":[{"id":10550,"href":"https:\/\/emserchia.gov.co\/wordem\/wp-json\/wp\/v2\/pages\/2336\/revisions\/10550"}],"up":[{"embeddable":true,"href":"https:\/\/emserchia.gov.co\/wordem\/wp-json\/wp\/v2\/pages\/28"}],"wp:attachment":[{"href":"https:\/\/emserchia.gov.co\/wordem\/wp-json\/wp\/v2\/media?parent=2336"}],"curies":[{"name":"wp","href":"https:\/\/api.w.org\/{rel}","templated":true}]}}