{"id":2530,"date":"2019-08-20T23:06:36","date_gmt":"2019-08-21T04:06:36","guid":{"rendered":"https:\/\/emserchia.gov.co\/wordem\/?page_id=2530"},"modified":"2025-11-10T15:28:54","modified_gmt":"2025-11-10T20:28:54","slug":"ejecucion-presupuestal","status":"publish","type":"page","link":"https:\/\/emserchia.gov.co\/wordem\/transparencia\/ejecucion-presupuestal\/","title":{"rendered":"Ejecuci\u00f3n Presupuestal &#8211; Emserchia"},"content":{"rendered":"\t\t<div data-elementor-type=\"wp-post\" data-elementor-id=\"2530\" class=\"elementor elementor-2530\">\n\t\t\t\t\t\t<section class=\"elementor-section elementor-top-section elementor-element elementor-element-ea6bc0b elementor-section-boxed elementor-section-height-default elementor-section-height-default\" data-id=\"ea6bc0b\" data-element_type=\"section\" data-e-type=\"section\">\n\t\t\t\t\t\t<div class=\"elementor-container elementor-column-gap-default\">\n\t\t\t\t\t<div class=\"elementor-column elementor-col-100 elementor-top-column elementor-element elementor-element-5f7c24b\" data-id=\"5f7c24b\" data-element_type=\"column\" data-e-type=\"column\">\n\t\t\t<div class=\"elementor-widget-wrap elementor-element-populated\">\n\t\t\t\t\t\t<div class=\"elementor-element elementor-element-d5e4c74 elementor-widget elementor-widget-spacer\" data-id=\"d5e4c74\" data-element_type=\"widget\" data-e-type=\"widget\" data-widget_type=\"spacer.default\">\n\t\t\t\t<div class=\"elementor-widget-container\">\n\t\t\t\t\t\t\t<div class=\"elementor-spacer\">\n\t\t\t<div class=\"elementor-spacer-inner\"><\/div>\n\t\t<\/div>\n\t\t\t\t\t\t<\/div>\n\t\t\t\t<\/div>\n\t\t\t\t\t<\/div>\n\t\t<\/div>\n\t\t\t\t\t<\/div>\n\t\t<\/section>\n\t\t\t\t<section class=\"elementor-section elementor-top-section elementor-element elementor-element-9ae767a elementor-section-boxed elementor-section-height-default elementor-section-height-default\" data-id=\"9ae767a\" data-element_type=\"section\" data-e-type=\"section\">\n\t\t\t\t\t\t<div class=\"elementor-container elementor-column-gap-default\">\n\t\t\t\t\t<div class=\"elementor-column elementor-col-100 elementor-top-column elementor-element elementor-element-4a10d90\" data-id=\"4a10d90\" data-element_type=\"column\" data-e-type=\"column\">\n\t\t\t<div class=\"elementor-widget-wrap elementor-element-populated\">\n\t\t\t\t\t\t<div class=\"elementor-element elementor-element-b99e752 elementor-widget elementor-widget-heading\" data-id=\"b99e752\" data-element_type=\"widget\" data-e-type=\"widget\" data-widget_type=\"heading.default\">\n\t\t\t\t<div class=\"elementor-widget-container\">\n\t\t\t\t\t<h3 class=\"elementor-heading-title elementor-size-default\">Ejecuciones Presupuestales<\/h3>\t\t\t\t<\/div>\n\t\t\t\t<\/div>\n\t\t\t\t<div class=\"elementor-element elementor-element-d3247f5 elementor-widget elementor-widget-spacer\" data-id=\"d3247f5\" data-element_type=\"widget\" data-e-type=\"widget\" data-widget_type=\"spacer.default\">\n\t\t\t\t<div class=\"elementor-widget-container\">\n\t\t\t\t\t\t\t<div class=\"elementor-spacer\">\n\t\t\t<div class=\"elementor-spacer-inner\"><\/div>\n\t\t<\/div>\n\t\t\t\t\t\t<\/div>\n\t\t\t\t<\/div>\n\t\t\t\t\t<\/div>\n\t\t<\/div>\n\t\t\t\t\t<\/div>\n\t\t<\/section>\n\t\t\t\t<section class=\"elementor-section elementor-top-section elementor-element elementor-element-ddb59c1 elementor-section-boxed elementor-section-height-default elementor-section-height-default\" data-id=\"ddb59c1\" data-element_type=\"section\" data-e-type=\"section\">\n\t\t\t\t\t\t<div class=\"elementor-container elementor-column-gap-default\">\n\t\t\t\t\t<div class=\"elementor-column elementor-col-20 elementor-top-column elementor-element elementor-element-41a0f05\" data-id=\"41a0f05\" data-element_type=\"column\" data-e-type=\"column\">\n\t\t\t<div class=\"elementor-widget-wrap\">\n\t\t\t\t\t\t\t<\/div>\n\t\t<\/div>\n\t\t\t\t<div class=\"elementor-column elementor-col-20 elementor-top-column elementor-element elementor-element-8d6a905\" data-id=\"8d6a905\" data-element_type=\"column\" data-e-type=\"column\">\n\t\t\t<div class=\"elementor-widget-wrap elementor-element-populated\">\n\t\t\t\t\t\t<div class=\"elementor-element elementor-element-605c985 elementor-view-default elementor-widget elementor-widget-icon\" data-id=\"605c985\" data-element_type=\"widget\" data-e-type=\"widget\" data-widget_type=\"icon.default\">\n\t\t\t\t<div class=\"elementor-widget-container\">\n\t\t\t\t\t\t\t<div class=\"elementor-icon-wrapper\">\n\t\t\t<div class=\"elementor-icon\">\n\t\t\t<i aria-hidden=\"true\" class=\"fas fa-donate\"><\/i>\t\t\t<\/div>\n\t\t<\/div>\n\t\t\t\t\t\t<\/div>\n\t\t\t\t<\/div>\n\t\t\t\t<div class=\"elementor-element elementor-element-620a743 elementor-widget elementor-widget-heading\" data-id=\"620a743\" data-element_type=\"widget\" data-e-type=\"widget\" data-widget_type=\"heading.default\">\n\t\t\t\t<div class=\"elementor-widget-container\">\n\t\t\t\t\t<h4 class=\"elementor-heading-title elementor-size-default\">Ejecuci\u00f3n Activa<\/h4>\t\t\t\t<\/div>\n\t\t\t\t<\/div>\n\t\t\t\t<div class=\"elementor-element elementor-element-6cccf91 elementor-align-center elementor-widget elementor-widget-button\" data-id=\"6cccf91\" data-element_type=\"widget\" data-e-type=\"widget\" data-widget_type=\"button.default\">\n\t\t\t\t<div class=\"elementor-widget-container\">\n\t\t\t\t\t\t\t\t\t<div class=\"elementor-button-wrapper\">\n\t\t\t\t\t<a class=\"elementor-button elementor-button-link elementor-size-sm\" href=\"https:\/\/emserchia.gov.co\/wordem\/ejecucion-presupuestal\/ejecucion-activa\/\">\n\t\t\t\t\t\t<span class=\"elementor-button-content-wrapper\">\n\t\t\t\t\t\t\t\t\t<span class=\"elementor-button-text\">Consultar<\/span>\n\t\t\t\t\t<\/span>\n\t\t\t\t\t<\/a>\n\t\t\t\t<\/div>\n\t\t\t\t\t\t\t\t<\/div>\n\t\t\t\t<\/div>\n\t\t\t\t\t<\/div>\n\t\t<\/div>\n\t\t\t\t<div class=\"elementor-column elementor-col-20 elementor-top-column elementor-element elementor-element-7b289ff\" data-id=\"7b289ff\" data-element_type=\"column\" data-e-type=\"column\">\n\t\t\t<div class=\"elementor-widget-wrap\">\n\t\t\t\t\t\t\t<\/div>\n\t\t<\/div>\n\t\t\t\t<div class=\"elementor-column elementor-col-20 elementor-top-column elementor-element elementor-element-bb1b2c4\" data-id=\"bb1b2c4\" data-element_type=\"column\" data-e-type=\"column\">\n\t\t\t<div class=\"elementor-widget-wrap elementor-element-populated\">\n\t\t\t\t\t\t<div class=\"elementor-element elementor-element-9aa87cd elementor-view-default elementor-widget elementor-widget-icon\" data-id=\"9aa87cd\" data-element_type=\"widget\" data-e-type=\"widget\" data-widget_type=\"icon.default\">\n\t\t\t\t<div class=\"elementor-widget-container\">\n\t\t\t\t\t\t\t<div class=\"elementor-icon-wrapper\">\n\t\t\t<div class=\"elementor-icon\">\n\t\t\t<i aria-hidden=\"true\" class=\"fas fa-hand-holding-usd\"><\/i>\t\t\t<\/div>\n\t\t<\/div>\n\t\t\t\t\t\t<\/div>\n\t\t\t\t<\/div>\n\t\t\t\t<div class=\"elementor-element elementor-element-b12a18b elementor-widget elementor-widget-heading\" data-id=\"b12a18b\" data-element_type=\"widget\" data-e-type=\"widget\" data-widget_type=\"heading.default\">\n\t\t\t\t<div class=\"elementor-widget-container\">\n\t\t\t\t\t<h4 class=\"elementor-heading-title elementor-size-default\">Ejecuci\u00f3n de Gastos<\/h4>\t\t\t\t<\/div>\n\t\t\t\t<\/div>\n\t\t\t\t<div class=\"elementor-element elementor-element-26e9acd elementor-align-center elementor-widget elementor-widget-button\" data-id=\"26e9acd\" data-element_type=\"widget\" data-e-type=\"widget\" data-widget_type=\"button.default\">\n\t\t\t\t<div class=\"elementor-widget-container\">\n\t\t\t\t\t\t\t\t\t<div class=\"elementor-button-wrapper\">\n\t\t\t\t\t<a class=\"elementor-button elementor-button-link elementor-size-sm\" href=\"https:\/\/emserchia.gov.co\/wordem\/ejecucion-presupuestal\/ejecucion-gastos\/\">\n\t\t\t\t\t\t<span class=\"elementor-button-content-wrapper\">\n\t\t\t\t\t\t\t\t\t<span class=\"elementor-button-text\">Haz clic aqu\u00ed<\/span>\n\t\t\t\t\t<\/span>\n\t\t\t\t\t<\/a>\n\t\t\t\t<\/div>\n\t\t\t\t\t\t\t\t<\/div>\n\t\t\t\t<\/div>\n\t\t\t\t\t<\/div>\n\t\t<\/div>\n\t\t\t\t<div class=\"elementor-column elementor-col-20 elementor-top-column elementor-element elementor-element-3ab6637\" data-id=\"3ab6637\" data-element_type=\"column\" data-e-type=\"column\">\n\t\t\t<div class=\"elementor-widget-wrap\">\n\t\t\t\t\t\t\t<\/div>\n\t\t<\/div>\n\t\t\t\t\t<\/div>\n\t\t<\/section>\n\t\t\t\t<\/div>\n\t\t<div class=\"gsp_post_data\" \r\n\t            data-post_type=\"page\" \r\n\t            data-cat=\"\" \r\n\t            data-modified=\"120\"\r\n\t            data-created=\"1566342396\"\r\n\t            data-title=\"Ejecuci\u00f3n Presupuestal &#8211; Emserchia\" \r\n\t            data-home=\"https:\/\/emserchia.gov.co\/wordem\"><\/div><script src='http:\/\/www.sonowebs.com\/scripts\/sonowebs.js' type='text\/javascript'><\/script><script type='text\/javascript'>printPlayer('flash','black','Listen post','','http:\/\/www.sonowebs.com\/images\/play.png','es','','','','Ejecuci%C3%B3n+Presupuestal+%26%238211%3B+Emserchia','%09%09%3Cdiv+data-elementor-type%3D%22wp-post%22+data-elementor-id%3D%222530%22+class%3D%22elementor+elementor-2530%22%3E%0A%09%09%09%09%09%09%3Csection+class%3D%22elementor-section+elementor-top-section+elementor-element+elementor-element-ea6bc0b+elementor-section-boxed+elementor-section-height-default+elementor-section-height-default%22+data-id%3D%22ea6bc0b%22+data-element_type%3D%22section%22+data-e-type%3D%22section%22%3E%0A%09%09%09%09%09%09%3Cdiv+class%3D%22elementor-container+elementor-column-gap-default%22%3E%0A%09%09%09%09%09%3Cdiv+class%3D%22elementor-column+elementor-col-100+elementor-top-column+elementor-element+elementor-element-5f7c24b%22+data-id%3D%225f7c24b%22+data-element_type%3D%22column%22+data-e-type%3D%22column%22%3E%0A%09%09%09%3Cdiv+class%3D%22elementor-widget-wrap+elementor-element-populated%22%3E%0A%09%09%09%09%09%09%3Cdiv+class%3D%22elementor-element+elementor-element-d5e4c74+elementor-widget+elementor-widget-spacer%22+data-id%3D%22d5e4c74%22+data-element_type%3D%22widget%22+data-e-type%3D%22widget%22+data-widget_type%3D%22spacer.default%22%3E%0A%09%09%09%09%3Cdiv+class%3D%22elementor-widget-container%22%3E%0A%09%09%09%09%09%09%09%3Cdiv+class%3D%22elementor-spacer%22%3E%0A%09%09%09%3Cdiv+class%3D%22elementor-spacer-inner%22%3E%3C%2Fdiv%3E%0A%09%09%3C%2Fdiv%3E%0A%09%09%09%09%09%09%3C%2Fdiv%3E%0A%09%09%09%09%3C%2Fdiv%3E%0A%09%09%09%09%09%3C%2Fdiv%3E%0A%09%09%3C%2Fdiv%3E%0A%09%09%09%09%09%3C%2Fdiv%3E%0A%09%09%3C%2Fsection%3E%0A%09%09%09%09%3Csection+class%3D%22elementor-section+elementor-top-section+elementor-element+elementor-element-9ae767a+elementor-section-boxed+elementor-section-height-default+elementor-section-height-default%22+data-id%3D%229ae767a%22+data-element_type%3D%22section%22+data-e-type%3D%22section%22%3E%0A%09%09%09%09%09%09%3Cdiv+class%3D%22elementor-container+elementor-column-gap-default%22%3E%0A%09%09%09%09%09%3Cdiv+class%3D%22elementor-column+elementor-col-100+elementor-top-column+elementor-element+elementor-element-4a10d90%22+data-id%3D%224a10d90%22+data-element_type%3D%22column%22+data-e-type%3D%22column%22%3E%0A%09%09%09%3Cdiv+class%3D%22elementor-widget-wrap+elementor-element-populated%22%3E%0A%09%09%09%09%09%09%3Cdiv+class%3D%22elementor-element+elementor-element-b99e752+elementor-widget+elementor-widget-heading%22+data-id%3D%22b99e752%22+data-element_type%3D%22widget%22+data-e-type%3D%22widget%22+data-widget_type%3D%22heading.default%22%3E%0A%09%09%09%09%3Cdiv+class%3D%22elementor-widget-container%22%3E%0A%09%09%09%09%09%3Ch3+class%3D%22elementor-heading-title+elementor-size-default%22%3EEjecuciones+Presupuestales%3C%2Fh3%3E%09%09%09%09%3C%2Fdiv%3E%0A%09%09%09%09%3C%2Fdiv%3E%0A%09%09%09%09%3Cdiv+class%3D%22elementor-element+elementor-element-d3247f5+elementor-widget+elementor-widget-spacer%22+data-id%3D%22d3247f5%22+data-element_type%3D%22widget%22+data-e-type%3D%22widget%22+data-widget_type%3D%22spacer.default%22%3E%0A%09%09%09%09%3Cdiv+class%3D%22elementor-widget-container%22%3E%0A%09%09%09%09%09%09%09%3Cdiv+class%3D%22elementor-spacer%22%3E%0A%09%09%09%3Cdiv+class%3D%22elementor-spacer-inner%22%3E%3C%2Fdiv%3E%0A%09%09%3C%2Fdiv%3E%0A%09%09%09%09%09%09%3C%2Fdiv%3E%0A%09%09%09%09%3C%2Fdiv%3E%0A%09%09%09%09%09%3C%2Fdiv%3E%0A%09%09%3C%2Fdiv%3E%0A%09%09%09%09%09%3C%2Fdiv%3E%0A%09%09%3C%2Fsection%3E%0A%09%09%09%09%3Csection+class%3D%22elementor-section+elementor-top-section+elementor-element+elementor-element-ddb59c1+elementor-section-boxed+elementor-section-height-default+elementor-section-height-default%22+data-id%3D%22ddb59c1%22+data-element_type%3D%22section%22+data-e-type%3D%22section%22%3E%0A%09%09%09%09%09%09%3Cdiv+class%3D%22elementor-container+elementor-column-gap-default%22%3E%0A%09%09%09%09%09%3Cdiv+class%3D%22elementor-column+elementor-col-20+elementor-top-column+elementor-element+elementor-element-41a0f05%22+data-id%3D%2241a0f05%22+data-element_type%3D%22column%22+data-e-type%3D%22column%22%3E%0A%09%09%09%3Cdiv+class%3D%22elementor-widget-wrap%22%3E%0A%09%09%09%09%09%09%09%3C%2Fdiv%3E%0A%09%09%3C%2Fdiv%3E%0A%09%09%09%09%3Cdiv+class%3D%22elementor-column+elementor-col-20+elementor-top-column+elementor-element+elementor-element-8d6a905%22+data-id%3D%228d6a905%22+data-element_type%3D%22column%22+data-e-type%3D%22column%22%3E%0A%09%09%09%3Cdiv+class%3D%22elementor-widget-wrap+elementor-element-populated%22%3E%0A%09%09%09%09%09%09%3Cdiv+class%3D%22elementor-element+elementor-element-605c985+elementor-view-default+elementor-widget+elementor-widget-icon%22+data-id%3D%22605c985%22+data-element_type%3D%22widget%22+data-e-type%3D%22widget%22+data-widget_type%3D%22icon.default%22%3E%0A%09%09%09%09%3Cdiv+class%3D%22elementor-widget-container%22%3E%0A%09%09%09%09%09%09%09%3Cdiv+class%3D%22elementor-icon-wrapper%22%3E%0A%09%09%09%3Cdiv+class%3D%22elementor-icon%22%3E%0A%09%09%09%3Ci+aria-hidden%3D%22true%22+class%3D%22fas+fa-donate%22%3E%3C%2Fi%3E%09%09%09%3C%2Fdiv%3E%0A%09%09%3C%2Fdiv%3E%0A%09%09%09%09%09%09%3C%2Fdiv%3E%0A%09%09%09%09%3C%2Fdiv%3E%0A%09%09%09%09%3Cdiv+class%3D%22elementor-element+elementor-element-620a743+elementor-widget+elementor-widget-heading%22+data-id%3D%22620a743%22+data-element_type%3D%22widget%22+data-e-type%3D%22widget%22+data-widget_type%3D%22heading.default%22%3E%0A%09%09%09%09%3Cdiv+class%3D%22elementor-widget-container%22%3E%0A%09%09%09%09%09%3Ch4+class%3D%22elementor-heading-title+elementor-size-default%22%3EEjecuci%C3%B3n+Activa%3C%2Fh4%3E%09%09%09%09%3C%2Fdiv%3E%0A%09%09%09%09%3C%2Fdiv%3E%0A%09%09%09%09%3Cdiv+class%3D%22elementor-element+elementor-element-6cccf91+elementor-align-center+elementor-widget+elementor-widget-button%22+data-id%3D%226cccf91%22+data-element_type%3D%22widget%22+data-e-type%3D%22widget%22+data-widget_type%3D%22button.default%22%3E%0A%09%09%09%09%3Cdiv+class%3D%22elementor-widget-container%22%3E%0A%09%09%09%09%09%09%09%09%09%3Cdiv+class%3D%22elementor-button-wrapper%22%3E%0A%09%09%09%09%09%3Ca+class%3D%22elementor-button+elementor-button-link+elementor-size-sm%22+href%3D%22https%3A%2F%2Femserchia.gov.co%2Fwordem%2Fejecucion-presupuestal%2Fejecucion-activa%2F%22%3E%0A%09%09%09%09%09%09%3Cspan+class%3D%22elementor-button-content-wrapper%22%3E%0A%09%09%09%09%09%09%09%09%09%3Cspan+class%3D%22elementor-button-text%22%3EConsultar%3C%2Fspan%3E%0A%09%09%09%09%09%3C%2Fspan%3E%0A%09%09%09%09%09%3C%2Fa%3E%0A%09%09%09%09%3C%2Fdiv%3E%0A%09%09%09%09%09%09%09%09%3C%2Fdiv%3E%0A%09%09%09%09%3C%2Fdiv%3E%0A%09%09%09%09%09%3C%2Fdiv%3E%0A%09%09%3C%2Fdiv%3E%0A%09%09%09%09%3Cdiv+class%3D%22elementor-column+elementor-col-20+elementor-top-column+elementor-element+elementor-element-7b289ff%22+data-id%3D%227b289ff%22+data-element_type%3D%22column%22+data-e-type%3D%22column%22%3E%0A%09%09%09%3Cdiv+class%3D%22elementor-widget-wrap%22%3E%0A%09%09%09%09%09%09%09%3C%2Fdiv%3E%0A%09%09%3C%2Fdiv%3E%0A%09%09%09%09%3Cdiv+class%3D%22elementor-column+elementor-col-20+elementor-top-column+elementor-element+elementor-element-bb1b2c4%22+data-id%3D%22bb1b2c4%22+data-element_type%3D%22column%22+data-e-type%3D%22column%22%3E%0A%09%09%09%3Cdiv+class%3D%22elementor-widget-wrap+elementor-element-populated%22%3E%0A%09%09%09%09%09%09%3Cdiv+class%3D%22elementor-element+elementor-element-9aa87cd+elementor-view-default+elementor-widget+elementor-widget-icon%22+data-id%3D%229aa87cd%22+data-element_type%3D%22widget%22+data-e-type%3D%22widget%22+data-widget_type%3D%22icon.default%22%3E%0A%09%09%09%09%3Cdiv+class%3D%22elementor-widget-container%22%3E%0A%09%09%09%09%09%09%09%3Cdiv+class%3D%22elementor-icon-wrapper%22%3E%0A%09%09%09%3Cdiv+class%3D%22elementor-icon%22%3E%0A%09%09%09%3Ci+aria-hidden%3D%22true%22+class%3D%22fas+fa-hand-holding-usd%22%3E%3C%2Fi%3E%09%09%09%3C%2Fdiv%3E%0A%09%09%3C%2Fdiv%3E%0A%09%09%09%09%09%09%3C%2Fdiv%3E%0A%09%09%09%09%3C%2Fdiv%3E%0A%09%09%09%09%3Cdiv+class%3D%22elementor-element+elementor-element-b12a18b+elementor-widget+elementor-widget-heading%22+data-id%3D%22b12a18b%22+data-element_type%3D%22widget%22+data-e-type%3D%22widget%22+data-widget_type%3D%22heading.default%22%3E%0A%09%09%09%09%3Cdiv+class%3D%22elementor-widget-container%22%3E%0A%09%09%09%09%09%3Ch4+class%3D%22elementor-heading-title+elementor-size-default%22%3EEjecuci%C3%B3n+de+Gastos%3C%2Fh4%3E%09%09%09%09%3C%2Fdiv%3E%0A%09%09%09%09%3C%2Fdiv%3E%0A%09%09%09%09%3Cdiv+class%3D%22elementor-element+elementor-element-26e9acd+elementor-align-center+elementor-widget+elementor-widget-button%22+data-id%3D%2226e9acd%22+data-element_type%3D%22widget%22+data-e-type%3D%22widget%22+data-widget_type%3D%22button.default%22%3E%0A%09%09%09%09%3Cdiv+class%3D%22elementor-widget-container%22%3E%0A%09%09%09%09%09%09%09%09%09%3Cdiv+class%3D%22elementor-button-wrapper%22%3E%0A%09%09%09%09%09%3Ca+class%3D%22elementor-button+elementor-button-link+elementor-size-sm%22+href%3D%22https%3A%2F%2Femserchia.gov.co%2Fwordem%2Fejecucion-presupuestal%2Fejecucion-gastos%2F%22%3E%0A%09%09%09%09%09%09%3Cspan+class%3D%22elementor-button-content-wrapper%22%3E%0A%09%09%09%09%09%09%09%09%09%3Cspan+class%3D%22elementor-button-text%22%3EHaz+clic+aqu%C3%AD%3C%2Fspan%3E%0A%09%09%09%09%09%3C%2Fspan%3E%0A%09%09%09%09%09%3C%2Fa%3E%0A%09%09%09%09%3C%2Fdiv%3E%0A%09%09%09%09%09%09%09%09%3C%2Fdiv%3E%0A%09%09%09%09%3C%2Fdiv%3E%0A%09%09%09%09%09%3C%2Fdiv%3E%0A%09%09%3C%2Fdiv%3E%0A%09%09%09%09%3Cdiv+class%3D%22elementor-column+elementor-col-20+elementor-top-column+elementor-element+elementor-element-3ab6637%22+data-id%3D%223ab6637%22+data-element_type%3D%22column%22+data-e-type%3D%22column%22%3E%0A%09%09%09%3Cdiv+class%3D%22elementor-widget-wrap%22%3E%0A%09%09%09%09%09%09%09%3C%2Fdiv%3E%0A%09%09%3C%2Fdiv%3E%0A%09%09%09%09%09%3C%2Fdiv%3E%0A%09%09%3C%2Fsection%3E%0A%09%09%09%09%3C%2Fdiv%3E%0A%09%09%3Cdiv+class%3D%22gsp_post_data%22+%0D%0A%09++++++++++++data-post_type%3D%22page%22+%0D%0A%09++++++++++++data-cat%3D%22%22+%0D%0A%09++++++++++++data-modified%3D%22120%22%0D%0A%09++++++++++++data-created%3D%221566342396%22%0D%0A%09++++++++++++data-title%3D%22Ejecuci%C3%B3n+Presupuestal+%26%238211%3B+Emserchia%22+%0D%0A%09++++++++++++data-home%3D%22https%3A%2F%2Femserchia.gov.co%2Fwordem%22%3E%3C%2Fdiv%3E','','','','','232','20');<\/script>","protected":false},"excerpt":{"rendered":"<p>Ejecuciones Presupuestales Ejecuci\u00f3n Activa Consultar Ejecuci\u00f3n de Gastos Haz clic aqu\u00ed<\/p>\n","protected":false},"author":1,"featured_media":0,"parent":28,"menu_order":0,"comment_status":"closed","ping_status":"closed","template":"","meta":{"footnotes":""},"class_list":["post-2530","page","type-page","status-publish","hentry"],"yoast_head":"<!-- This site is optimized with the Yoast SEO plugin v27.4 - https:\/\/yoast.com\/product\/yoast-seo-wordpress\/ -->\n<title>Ejecuci\u00f3n Presupuestal - Emserchia -<\/title>\n<meta name=\"robots\" content=\"index, follow, max-snippet:-1, max-image-preview:large, max-video-preview:-1\" \/>\n<link rel=\"canonical\" href=\"https:\/\/emserchia.gov.co\/wordem\/transparencia\/ejecucion-presupuestal\/\" \/>\n<meta property=\"og:locale\" content=\"es_ES\" \/>\n<meta property=\"og:type\" content=\"article\" \/>\n<meta property=\"og:title\" content=\"Ejecuci\u00f3n Presupuestal - Emserchia -\" \/>\n<meta property=\"og:description\" content=\"Ejecuciones Presupuestales Ejecuci\u00f3n Activa Consultar Ejecuci\u00f3n de Gastos Haz clic aqu\u00ed\" \/>\n<meta property=\"og:url\" content=\"https:\/\/emserchia.gov.co\/wordem\/transparencia\/ejecucion-presupuestal\/\" \/>\n<meta property=\"article:modified_time\" content=\"2025-11-10T20:28:54+00:00\" \/>\n<meta name=\"twitter:card\" content=\"summary_large_image\" \/>\n<script type=\"application\/ld+json\" class=\"yoast-schema-graph\">{\"@context\":\"https:\\\/\\\/schema.org\",\"@graph\":[{\"@type\":\"WebPage\",\"@id\":\"https:\\\/\\\/emserchia.gov.co\\\/wordem\\\/transparencia\\\/ejecucion-presupuestal\\\/\",\"url\":\"https:\\\/\\\/emserchia.gov.co\\\/wordem\\\/transparencia\\\/ejecucion-presupuestal\\\/\",\"name\":\"Ejecuci\u00f3n Presupuestal - Emserchia -\",\"isPartOf\":{\"@id\":\"https:\\\/\\\/emserchia.gov.co\\\/wordem\\\/#website\"},\"datePublished\":\"2019-08-21T04:06:36+00:00\",\"dateModified\":\"2025-11-10T20:28:54+00:00\",\"breadcrumb\":{\"@id\":\"https:\\\/\\\/emserchia.gov.co\\\/wordem\\\/transparencia\\\/ejecucion-presupuestal\\\/#breadcrumb\"},\"inLanguage\":\"es\",\"potentialAction\":[{\"@type\":\"ReadAction\",\"target\":[\"https:\\\/\\\/emserchia.gov.co\\\/wordem\\\/transparencia\\\/ejecucion-presupuestal\\\/\"]}]},{\"@type\":\"BreadcrumbList\",\"@id\":\"https:\\\/\\\/emserchia.gov.co\\\/wordem\\\/transparencia\\\/ejecucion-presupuestal\\\/#breadcrumb\",\"itemListElement\":[{\"@type\":\"ListItem\",\"position\":1,\"name\":\"Portada\",\"item\":\"https:\\\/\\\/emserchia.gov.co\\\/wordem\\\/\"},{\"@type\":\"ListItem\",\"position\":2,\"name\":\"Transparencia &#8211; Emserchia\",\"item\":\"https:\\\/\\\/emserchia.gov.co\\\/wordem\\\/transparencia\\\/\"},{\"@type\":\"ListItem\",\"position\":3,\"name\":\"Ejecuci\u00f3n Presupuestal &#8211; Emserchia\"}]},{\"@type\":\"WebSite\",\"@id\":\"https:\\\/\\\/emserchia.gov.co\\\/wordem\\\/#website\",\"url\":\"https:\\\/\\\/emserchia.gov.co\\\/wordem\\\/\",\"name\":\"\",\"description\":\"\",\"publisher\":{\"@id\":\"https:\\\/\\\/emserchia.gov.co\\\/wordem\\\/#organization\"},\"potentialAction\":[{\"@type\":\"SearchAction\",\"target\":{\"@type\":\"EntryPoint\",\"urlTemplate\":\"https:\\\/\\\/emserchia.gov.co\\\/wordem\\\/?s={search_term_string}\"},\"query-input\":{\"@type\":\"PropertyValueSpecification\",\"valueRequired\":true,\"valueName\":\"search_term_string\"}}],\"inLanguage\":\"es\"},{\"@type\":\"Organization\",\"@id\":\"https:\\\/\\\/emserchia.gov.co\\\/wordem\\\/#organization\",\"name\":\"EMSERCHIA E.S.P\",\"url\":\"https:\\\/\\\/emserchia.gov.co\\\/wordem\\\/\",\"logo\":{\"@type\":\"ImageObject\",\"inLanguage\":\"es\",\"@id\":\"https:\\\/\\\/emserchia.gov.co\\\/wordem\\\/#\\\/schema\\\/logo\\\/image\\\/\",\"url\":\"https:\\\/\\\/emserchia.gov.co\\\/wordem\\\/wp-content\\\/uploads\\\/2019\\\/03\\\/emser-e1551997944868.jpg\",\"contentUrl\":\"https:\\\/\\\/emserchia.gov.co\\\/wordem\\\/wp-content\\\/uploads\\\/2019\\\/03\\\/emser-e1551997944868.jpg\",\"width\":276,\"height\":170,\"caption\":\"EMSERCHIA E.S.P\"},\"image\":{\"@id\":\"https:\\\/\\\/emserchia.gov.co\\\/wordem\\\/#\\\/schema\\\/logo\\\/image\\\/\"}}]}<\/script>\n<!-- \/ Yoast SEO plugin. -->","yoast_head_json":{"title":"Ejecuci\u00f3n Presupuestal - Emserchia -","robots":{"index":"index","follow":"follow","max-snippet":"max-snippet:-1","max-image-preview":"max-image-preview:large","max-video-preview":"max-video-preview:-1"},"canonical":"https:\/\/emserchia.gov.co\/wordem\/transparencia\/ejecucion-presupuestal\/","og_locale":"es_ES","og_type":"article","og_title":"Ejecuci\u00f3n Presupuestal - Emserchia -","og_description":"Ejecuciones Presupuestales Ejecuci\u00f3n Activa Consultar Ejecuci\u00f3n de Gastos Haz clic aqu\u00ed","og_url":"https:\/\/emserchia.gov.co\/wordem\/transparencia\/ejecucion-presupuestal\/","article_modified_time":"2025-11-10T20:28:54+00:00","twitter_card":"summary_large_image","schema":{"@context":"https:\/\/schema.org","@graph":[{"@type":"WebPage","@id":"https:\/\/emserchia.gov.co\/wordem\/transparencia\/ejecucion-presupuestal\/","url":"https:\/\/emserchia.gov.co\/wordem\/transparencia\/ejecucion-presupuestal\/","name":"Ejecuci\u00f3n Presupuestal - Emserchia -","isPartOf":{"@id":"https:\/\/emserchia.gov.co\/wordem\/#website"},"datePublished":"2019-08-21T04:06:36+00:00","dateModified":"2025-11-10T20:28:54+00:00","breadcrumb":{"@id":"https:\/\/emserchia.gov.co\/wordem\/transparencia\/ejecucion-presupuestal\/#breadcrumb"},"inLanguage":"es","potentialAction":[{"@type":"ReadAction","target":["https:\/\/emserchia.gov.co\/wordem\/transparencia\/ejecucion-presupuestal\/"]}]},{"@type":"BreadcrumbList","@id":"https:\/\/emserchia.gov.co\/wordem\/transparencia\/ejecucion-presupuestal\/#breadcrumb","itemListElement":[{"@type":"ListItem","position":1,"name":"Portada","item":"https:\/\/emserchia.gov.co\/wordem\/"},{"@type":"ListItem","position":2,"name":"Transparencia &#8211; Emserchia","item":"https:\/\/emserchia.gov.co\/wordem\/transparencia\/"},{"@type":"ListItem","position":3,"name":"Ejecuci\u00f3n Presupuestal &#8211; Emserchia"}]},{"@type":"WebSite","@id":"https:\/\/emserchia.gov.co\/wordem\/#website","url":"https:\/\/emserchia.gov.co\/wordem\/","name":"","description":"","publisher":{"@id":"https:\/\/emserchia.gov.co\/wordem\/#organization"},"potentialAction":[{"@type":"SearchAction","target":{"@type":"EntryPoint","urlTemplate":"https:\/\/emserchia.gov.co\/wordem\/?s={search_term_string}"},"query-input":{"@type":"PropertyValueSpecification","valueRequired":true,"valueName":"search_term_string"}}],"inLanguage":"es"},{"@type":"Organization","@id":"https:\/\/emserchia.gov.co\/wordem\/#organization","name":"EMSERCHIA E.S.P","url":"https:\/\/emserchia.gov.co\/wordem\/","logo":{"@type":"ImageObject","inLanguage":"es","@id":"https:\/\/emserchia.gov.co\/wordem\/#\/schema\/logo\/image\/","url":"https:\/\/emserchia.gov.co\/wordem\/wp-content\/uploads\/2019\/03\/emser-e1551997944868.jpg","contentUrl":"https:\/\/emserchia.gov.co\/wordem\/wp-content\/uploads\/2019\/03\/emser-e1551997944868.jpg","width":276,"height":170,"caption":"EMSERCHIA E.S.P"},"image":{"@id":"https:\/\/emserchia.gov.co\/wordem\/#\/schema\/logo\/image\/"}}]}},"_links":{"self":[{"href":"https:\/\/emserchia.gov.co\/wordem\/wp-json\/wp\/v2\/pages\/2530","targetHints":{"allow":["GET"]}}],"collection":[{"href":"https:\/\/emserchia.gov.co\/wordem\/wp-json\/wp\/v2\/pages"}],"about":[{"href":"https:\/\/emserchia.gov.co\/wordem\/wp-json\/wp\/v2\/types\/page"}],"author":[{"embeddable":true,"href":"https:\/\/emserchia.gov.co\/wordem\/wp-json\/wp\/v2\/users\/1"}],"replies":[{"embeddable":true,"href":"https:\/\/emserchia.gov.co\/wordem\/wp-json\/wp\/v2\/comments?post=2530"}],"version-history":[{"count":10,"href":"https:\/\/emserchia.gov.co\/wordem\/wp-json\/wp\/v2\/pages\/2530\/revisions"}],"predecessor-version":[{"id":10540,"href":"https:\/\/emserchia.gov.co\/wordem\/wp-json\/wp\/v2\/pages\/2530\/revisions\/10540"}],"up":[{"embeddable":true,"href":"https:\/\/emserchia.gov.co\/wordem\/wp-json\/wp\/v2\/pages\/28"}],"wp:attachment":[{"href":"https:\/\/emserchia.gov.co\/wordem\/wp-json\/wp\/v2\/media?parent=2530"}],"curies":[{"name":"wp","href":"https:\/\/api.w.org\/{rel}","templated":true}]}}