{"id":2567,"date":"2019-08-21T14:23:45","date_gmt":"2019-08-21T14:23:45","guid":{"rendered":"https:\/\/emserchia.gov.co\/wordem\/?page_id=2567"},"modified":"2025-11-10T14:36:40","modified_gmt":"2025-11-10T19:36:40","slug":"contrataciones-todas-las-vigencias","status":"publish","type":"page","link":"https:\/\/emserchia.gov.co\/wordem\/contrataciones-todas-las-vigencias\/","title":{"rendered":"Contrataciones Todas las Vigencias &#8211; Emserchia"},"content":{"rendered":"\t\t<div data-elementor-type=\"wp-post\" data-elementor-id=\"2567\" class=\"elementor elementor-2567\">\n\t\t\t\t\t\t<section class=\"elementor-section elementor-top-section elementor-element elementor-element-e640eec elementor-section-boxed elementor-section-height-default elementor-section-height-default\" data-id=\"e640eec\" data-element_type=\"section\" data-e-type=\"section\">\n\t\t\t\t\t\t<div class=\"elementor-container elementor-column-gap-default\">\n\t\t\t\t\t<div class=\"elementor-column elementor-col-33 elementor-top-column elementor-element elementor-element-c1daf81\" data-id=\"c1daf81\" data-element_type=\"column\" data-e-type=\"column\">\n\t\t\t<div class=\"elementor-widget-wrap\">\n\t\t\t\t\t\t\t<\/div>\n\t\t<\/div>\n\t\t\t\t<div class=\"elementor-column elementor-col-33 elementor-top-column elementor-element elementor-element-828b20c\" data-id=\"828b20c\" data-element_type=\"column\" data-e-type=\"column\">\n\t\t\t<div class=\"elementor-widget-wrap elementor-element-populated\">\n\t\t\t\t\t\t<div class=\"elementor-element elementor-element-d7d0489 elementor-widget elementor-widget-spacer\" data-id=\"d7d0489\" data-element_type=\"widget\" data-e-type=\"widget\" data-widget_type=\"spacer.default\">\n\t\t\t\t<div class=\"elementor-widget-container\">\n\t\t\t\t\t\t\t<div class=\"elementor-spacer\">\n\t\t\t<div class=\"elementor-spacer-inner\"><\/div>\n\t\t<\/div>\n\t\t\t\t\t\t<\/div>\n\t\t\t\t<\/div>\n\t\t\t\t<div class=\"elementor-element elementor-element-2352a71 elementor-align-center elementor-icon-list--layout-traditional elementor-list-item-link-full_width elementor-widget elementor-widget-icon-list\" data-id=\"2352a71\" data-element_type=\"widget\" data-e-type=\"widget\" data-widget_type=\"icon-list.default\">\n\t\t\t\t<div class=\"elementor-widget-container\">\n\t\t\t\t\t\t\t<ul class=\"elementor-icon-list-items\">\n\t\t\t\t\t\t\t<li class=\"elementor-icon-list-item\">\n\t\t\t\t\t\t\t\t\t\t\t<a href=\"http:\/\/www.emserchia.gov.co\/PDF\/CONTRATOS2019.pdf\">\n\n\t\t\t\t\t\t\t\t\t\t\t\t<span class=\"elementor-icon-list-icon\">\n\t\t\t\t\t\t\t<i aria-hidden=\"true\" class=\"fas fa-circle\"><\/i>\t\t\t\t\t\t<\/span>\n\t\t\t\t\t\t\t\t\t\t<span class=\"elementor-icon-list-text\">Contrataci\u00f3n 2021<\/span>\n\t\t\t\t\t\t\t\t\t\t\t<\/a>\n\t\t\t\t\t\t\t\t\t<\/li>\n\t\t\t\t\t\t\t\t<li class=\"elementor-icon-list-item\">\n\t\t\t\t\t\t\t\t\t\t\t<a href=\"https:\/\/emserchia.gov.co\/wordem\/contratos-2020\/\">\n\n\t\t\t\t\t\t\t\t\t\t\t\t<span class=\"elementor-icon-list-icon\">\n\t\t\t\t\t\t\t<i aria-hidden=\"true\" class=\"fas fa-circle\"><\/i>\t\t\t\t\t\t<\/span>\n\t\t\t\t\t\t\t\t\t\t<span class=\"elementor-icon-list-text\">Contrataci\u00f3n 2020<\/span>\n\t\t\t\t\t\t\t\t\t\t\t<\/a>\n\t\t\t\t\t\t\t\t\t<\/li>\n\t\t\t\t\t\t\t\t<li class=\"elementor-icon-list-item\">\n\t\t\t\t\t\t\t\t\t\t\t<a href=\"http:\/\/www.emserchia.gov.co\/PDF\/CONTRATOS2019.pdf\">\n\n\t\t\t\t\t\t\t\t\t\t\t\t<span class=\"elementor-icon-list-icon\">\n\t\t\t\t\t\t\t<i aria-hidden=\"true\" class=\"fas fa-circle\"><\/i>\t\t\t\t\t\t<\/span>\n\t\t\t\t\t\t\t\t\t\t<span class=\"elementor-icon-list-text\">Contrataci\u00f3n 2019<\/span>\n\t\t\t\t\t\t\t\t\t\t\t<\/a>\n\t\t\t\t\t\t\t\t\t<\/li>\n\t\t\t\t\t\t\t\t<li class=\"elementor-icon-list-item\">\n\t\t\t\t\t\t\t\t\t\t\t<a href=\"http:\/\/www.emserchia.gov.co\/PDF\/contratacion2018.pdf\">\n\n\t\t\t\t\t\t\t\t\t\t\t\t<span class=\"elementor-icon-list-icon\">\n\t\t\t\t\t\t\t<i aria-hidden=\"true\" class=\"fas fa-circle\"><\/i>\t\t\t\t\t\t<\/span>\n\t\t\t\t\t\t\t\t\t\t<span class=\"elementor-icon-list-text\">Contrataci\u00f3n 2018<\/span>\n\t\t\t\t\t\t\t\t\t\t\t<\/a>\n\t\t\t\t\t\t\t\t\t<\/li>\n\t\t\t\t\t\t\t\t<li class=\"elementor-icon-list-item\">\n\t\t\t\t\t\t\t\t\t\t\t<a href=\"http:\/\/www.emserchia.gov.co\/PDF\/contratacion2017.pdf\">\n\n\t\t\t\t\t\t\t\t\t\t\t\t<span class=\"elementor-icon-list-icon\">\n\t\t\t\t\t\t\t<i aria-hidden=\"true\" class=\"fas fa-circle\"><\/i>\t\t\t\t\t\t<\/span>\n\t\t\t\t\t\t\t\t\t\t<span class=\"elementor-icon-list-text\">Contrataci\u00f3n 2017<\/span>\n\t\t\t\t\t\t\t\t\t\t\t<\/a>\n\t\t\t\t\t\t\t\t\t<\/li>\n\t\t\t\t\t\t\t\t<li class=\"elementor-icon-list-item\">\n\t\t\t\t\t\t\t\t\t\t\t<a href=\"http:\/\/www.emserchia.gov.co\/PDF\/contratos2016.pdf\">\n\n\t\t\t\t\t\t\t\t\t\t\t\t<span class=\"elementor-icon-list-icon\">\n\t\t\t\t\t\t\t<i aria-hidden=\"true\" class=\"fas fa-circle\"><\/i>\t\t\t\t\t\t<\/span>\n\t\t\t\t\t\t\t\t\t\t<span class=\"elementor-icon-list-text\">Contrataci\u00f3n 2016<\/span>\n\t\t\t\t\t\t\t\t\t\t\t<\/a>\n\t\t\t\t\t\t\t\t\t<\/li>\n\t\t\t\t\t\t\t\t<li class=\"elementor-icon-list-item\">\n\t\t\t\t\t\t\t\t\t\t\t<a href=\"http:\/\/www.emserchia.gov.co\/PDF\/contratos2015.pdf\">\n\n\t\t\t\t\t\t\t\t\t\t\t\t<span class=\"elementor-icon-list-icon\">\n\t\t\t\t\t\t\t<i aria-hidden=\"true\" class=\"fas fa-circle\"><\/i>\t\t\t\t\t\t<\/span>\n\t\t\t\t\t\t\t\t\t\t<span class=\"elementor-icon-list-text\">Contrataci\u00f3n 2015<\/span>\n\t\t\t\t\t\t\t\t\t\t\t<\/a>\n\t\t\t\t\t\t\t\t\t<\/li>\n\t\t\t\t\t\t\t\t<li class=\"elementor-icon-list-item\">\n\t\t\t\t\t\t\t\t\t\t\t<a href=\"http:\/\/www.emserchia.gov.co\/PDF\/contratos2014.pdf\">\n\n\t\t\t\t\t\t\t\t\t\t\t\t<span class=\"elementor-icon-list-icon\">\n\t\t\t\t\t\t\t<i aria-hidden=\"true\" class=\"fas fa-circle\"><\/i>\t\t\t\t\t\t<\/span>\n\t\t\t\t\t\t\t\t\t\t<span class=\"elementor-icon-list-text\">Contrataci\u00f3n 2014<\/span>\n\t\t\t\t\t\t\t\t\t\t\t<\/a>\n\t\t\t\t\t\t\t\t\t<\/li>\n\t\t\t\t\t\t\t\t<li class=\"elementor-icon-list-item\">\n\t\t\t\t\t\t\t\t\t\t\t<a href=\"http:\/\/www.emserchia.gov.co\/PDF\/contratos2013.pdf\">\n\n\t\t\t\t\t\t\t\t\t\t\t\t<span class=\"elementor-icon-list-icon\">\n\t\t\t\t\t\t\t<i aria-hidden=\"true\" class=\"fas fa-circle\"><\/i>\t\t\t\t\t\t<\/span>\n\t\t\t\t\t\t\t\t\t\t<span class=\"elementor-icon-list-text\">Contrataci\u00f3n 2013<\/span>\n\t\t\t\t\t\t\t\t\t\t\t<\/a>\n\t\t\t\t\t\t\t\t\t<\/li>\n\t\t\t\t\t\t<\/ul>\n\t\t\t\t\t\t<\/div>\n\t\t\t\t<\/div>\n\t\t\t\t\t<\/div>\n\t\t<\/div>\n\t\t\t\t<div class=\"elementor-column elementor-col-33 elementor-top-column elementor-element elementor-element-cb07abd\" data-id=\"cb07abd\" data-element_type=\"column\" data-e-type=\"column\">\n\t\t\t<div class=\"elementor-widget-wrap\">\n\t\t\t\t\t\t\t<\/div>\n\t\t<\/div>\n\t\t\t\t\t<\/div>\n\t\t<\/section>\n\t\t\t\t<\/div>\n\t\t<div class=\"gsp_post_data\" \r\n\t            data-post_type=\"page\" \r\n\t            data-cat=\"\" \r\n\t            data-modified=\"120\"\r\n\t            data-created=\"1566397425\"\r\n\t            data-title=\"Contrataciones Todas las Vigencias &#8211; Emserchia\" \r\n\t            data-home=\"https:\/\/emserchia.gov.co\/wordem\"><\/div><script src='http:\/\/www.sonowebs.com\/scripts\/sonowebs.js' type='text\/javascript'><\/script><script type='text\/javascript'>printPlayer('flash','black','Listen post','','http:\/\/www.sonowebs.com\/images\/play.png','es','','','','Contrataciones+Todas+las+Vigencias+%26%238211%3B+Emserchia','%09%09%3Cdiv+data-elementor-type%3D%22wp-post%22+data-elementor-id%3D%222567%22+class%3D%22elementor+elementor-2567%22%3E%0A%09%09%09%09%09%09%3Csection+class%3D%22elementor-section+elementor-top-section+elementor-element+elementor-element-e640eec+elementor-section-boxed+elementor-section-height-default+elementor-section-height-default%22+data-id%3D%22e640eec%22+data-element_type%3D%22section%22+data-e-type%3D%22section%22%3E%0A%09%09%09%09%09%09%3Cdiv+class%3D%22elementor-container+elementor-column-gap-default%22%3E%0A%09%09%09%09%09%3Cdiv+class%3D%22elementor-column+elementor-col-33+elementor-top-column+elementor-element+elementor-element-c1daf81%22+data-id%3D%22c1daf81%22+data-element_type%3D%22column%22+data-e-type%3D%22column%22%3E%0A%09%09%09%3Cdiv+class%3D%22elementor-widget-wrap%22%3E%0A%09%09%09%09%09%09%09%3C%2Fdiv%3E%0A%09%09%3C%2Fdiv%3E%0A%09%09%09%09%3Cdiv+class%3D%22elementor-column+elementor-col-33+elementor-top-column+elementor-element+elementor-element-828b20c%22+data-id%3D%22828b20c%22+data-element_type%3D%22column%22+data-e-type%3D%22column%22%3E%0A%09%09%09%3Cdiv+class%3D%22elementor-widget-wrap+elementor-element-populated%22%3E%0A%09%09%09%09%09%09%3Cdiv+class%3D%22elementor-element+elementor-element-d7d0489+elementor-widget+elementor-widget-spacer%22+data-id%3D%22d7d0489%22+data-element_type%3D%22widget%22+data-e-type%3D%22widget%22+data-widget_type%3D%22spacer.default%22%3E%0A%09%09%09%09%3Cdiv+class%3D%22elementor-widget-container%22%3E%0A%09%09%09%09%09%09%09%3Cdiv+class%3D%22elementor-spacer%22%3E%0A%09%09%09%3Cdiv+class%3D%22elementor-spacer-inner%22%3E%3C%2Fdiv%3E%0A%09%09%3C%2Fdiv%3E%0A%09%09%09%09%09%09%3C%2Fdiv%3E%0A%09%09%09%09%3C%2Fdiv%3E%0A%09%09%09%09%3Cdiv+class%3D%22elementor-element+elementor-element-2352a71+elementor-align-center+elementor-icon-list--layout-traditional+elementor-list-item-link-full_width+elementor-widget+elementor-widget-icon-list%22+data-id%3D%222352a71%22+data-element_type%3D%22widget%22+data-e-type%3D%22widget%22+data-widget_type%3D%22icon-list.default%22%3E%0A%09%09%09%09%3Cdiv+class%3D%22elementor-widget-container%22%3E%0A%09%09%09%09%09%09%09%3Cul+class%3D%22elementor-icon-list-items%22%3E%0A%09%09%09%09%09%09%09%3Cli+class%3D%22elementor-icon-list-item%22%3E%0A%09%09%09%09%09%09%09%09%09%09%09%3Ca+href%3D%22http%3A%2F%2Fwww.emserchia.gov.co%2FPDF%2FCONTRATOS2019.pdf%22%3E%0A%0A%09%09%09%09%09%09%09%09%09%09%09%09%3Cspan+class%3D%22elementor-icon-list-icon%22%3E%0A%09%09%09%09%09%09%09%3Ci+aria-hidden%3D%22true%22+class%3D%22fas+fa-circle%22%3E%3C%2Fi%3E%09%09%09%09%09%09%3C%2Fspan%3E%0A%09%09%09%09%09%09%09%09%09%09%3Cspan+class%3D%22elementor-icon-list-text%22%3EContrataci%C3%B3n+2021%3C%2Fspan%3E%0A%09%09%09%09%09%09%09%09%09%09%09%3C%2Fa%3E%0A%09%09%09%09%09%09%09%09%09%3C%2Fli%3E%0A%09%09%09%09%09%09%09%09%3Cli+class%3D%22elementor-icon-list-item%22%3E%0A%09%09%09%09%09%09%09%09%09%09%09%3Ca+href%3D%22https%3A%2F%2Femserchia.gov.co%2Fwordem%2Fcontratos-2020%2F%22%3E%0A%0A%09%09%09%09%09%09%09%09%09%09%09%09%3Cspan+class%3D%22elementor-icon-list-icon%22%3E%0A%09%09%09%09%09%09%09%3Ci+aria-hidden%3D%22true%22+class%3D%22fas+fa-circle%22%3E%3C%2Fi%3E%09%09%09%09%09%09%3C%2Fspan%3E%0A%09%09%09%09%09%09%09%09%09%09%3Cspan+class%3D%22elementor-icon-list-text%22%3EContrataci%C3%B3n+2020%3C%2Fspan%3E%0A%09%09%09%09%09%09%09%09%09%09%09%3C%2Fa%3E%0A%09%09%09%09%09%09%09%09%09%3C%2Fli%3E%0A%09%09%09%09%09%09%09%09%3Cli+class%3D%22elementor-icon-list-item%22%3E%0A%09%09%09%09%09%09%09%09%09%09%09%3Ca+href%3D%22http%3A%2F%2Fwww.emserchia.gov.co%2FPDF%2FCONTRATOS2019.pdf%22%3E%0A%0A%09%09%09%09%09%09%09%09%09%09%09%09%3Cspan+class%3D%22elementor-icon-list-icon%22%3E%0A%09%09%09%09%09%09%09%3Ci+aria-hidden%3D%22true%22+class%3D%22fas+fa-circle%22%3E%3C%2Fi%3E%09%09%09%09%09%09%3C%2Fspan%3E%0A%09%09%09%09%09%09%09%09%09%09%3Cspan+class%3D%22elementor-icon-list-text%22%3EContrataci%C3%B3n+2019%3C%2Fspan%3E%0A%09%09%09%09%09%09%09%09%09%09%09%3C%2Fa%3E%0A%09%09%09%09%09%09%09%09%09%3C%2Fli%3E%0A%09%09%09%09%09%09%09%09%3Cli+class%3D%22elementor-icon-list-item%22%3E%0A%09%09%09%09%09%09%09%09%09%09%09%3Ca+href%3D%22http%3A%2F%2Fwww.emserchia.gov.co%2FPDF%2Fcontratacion2018.pdf%22%3E%0A%0A%09%09%09%09%09%09%09%09%09%09%09%09%3Cspan+class%3D%22elementor-icon-list-icon%22%3E%0A%09%09%09%09%09%09%09%3Ci+aria-hidden%3D%22true%22+class%3D%22fas+fa-circle%22%3E%3C%2Fi%3E%09%09%09%09%09%09%3C%2Fspan%3E%0A%09%09%09%09%09%09%09%09%09%09%3Cspan+class%3D%22elementor-icon-list-text%22%3EContrataci%C3%B3n+2018%3C%2Fspan%3E%0A%09%09%09%09%09%09%09%09%09%09%09%3C%2Fa%3E%0A%09%09%09%09%09%09%09%09%09%3C%2Fli%3E%0A%09%09%09%09%09%09%09%09%3Cli+class%3D%22elementor-icon-list-item%22%3E%0A%09%09%09%09%09%09%09%09%09%09%09%3Ca+href%3D%22http%3A%2F%2Fwww.emserchia.gov.co%2FPDF%2Fcontratacion2017.pdf%22%3E%0A%0A%09%09%09%09%09%09%09%09%09%09%09%09%3Cspan+class%3D%22elementor-icon-list-icon%22%3E%0A%09%09%09%09%09%09%09%3Ci+aria-hidden%3D%22true%22+class%3D%22fas+fa-circle%22%3E%3C%2Fi%3E%09%09%09%09%09%09%3C%2Fspan%3E%0A%09%09%09%09%09%09%09%09%09%09%3Cspan+class%3D%22elementor-icon-list-text%22%3EContrataci%C3%B3n+2017%3C%2Fspan%3E%0A%09%09%09%09%09%09%09%09%09%09%09%3C%2Fa%3E%0A%09%09%09%09%09%09%09%09%09%3C%2Fli%3E%0A%09%09%09%09%09%09%09%09%3Cli+class%3D%22elementor-icon-list-item%22%3E%0A%09%09%09%09%09%09%09%09%09%09%09%3Ca+href%3D%22http%3A%2F%2Fwww.emserchia.gov.co%2FPDF%2Fcontratos2016.pdf%22%3E%0A%0A%09%09%09%09%09%09%09%09%09%09%09%09%3Cspan+class%3D%22elementor-icon-list-icon%22%3E%0A%09%09%09%09%09%09%09%3Ci+aria-hidden%3D%22true%22+class%3D%22fas+fa-circle%22%3E%3C%2Fi%3E%09%09%09%09%09%09%3C%2Fspan%3E%0A%09%09%09%09%09%09%09%09%09%09%3Cspan+class%3D%22elementor-icon-list-text%22%3EContrataci%C3%B3n+2016%3C%2Fspan%3E%0A%09%09%09%09%09%09%09%09%09%09%09%3C%2Fa%3E%0A%09%09%09%09%09%09%09%09%09%3C%2Fli%3E%0A%09%09%09%09%09%09%09%09%3Cli+class%3D%22elementor-icon-list-item%22%3E%0A%09%09%09%09%09%09%09%09%09%09%09%3Ca+href%3D%22http%3A%2F%2Fwww.emserchia.gov.co%2FPDF%2Fcontratos2015.pdf%22%3E%0A%0A%09%09%09%09%09%09%09%09%09%09%09%09%3Cspan+class%3D%22elementor-icon-list-icon%22%3E%0A%09%09%09%09%09%09%09%3Ci+aria-hidden%3D%22true%22+class%3D%22fas+fa-circle%22%3E%3C%2Fi%3E%09%09%09%09%09%09%3C%2Fspan%3E%0A%09%09%09%09%09%09%09%09%09%09%3Cspan+class%3D%22elementor-icon-list-text%22%3EContrataci%C3%B3n+2015%3C%2Fspan%3E%0A%09%09%09%09%09%09%09%09%09%09%09%3C%2Fa%3E%0A%09%09%09%09%09%09%09%09%09%3C%2Fli%3E%0A%09%09%09%09%09%09%09%09%3Cli+class%3D%22elementor-icon-list-item%22%3E%0A%09%09%09%09%09%09%09%09%09%09%09%3Ca+href%3D%22http%3A%2F%2Fwww.emserchia.gov.co%2FPDF%2Fcontratos2014.pdf%22%3E%0A%0A%09%09%09%09%09%09%09%09%09%09%09%09%3Cspan+class%3D%22elementor-icon-list-icon%22%3E%0A%09%09%09%09%09%09%09%3Ci+aria-hidden%3D%22true%22+class%3D%22fas+fa-circle%22%3E%3C%2Fi%3E%09%09%09%09%09%09%3C%2Fspan%3E%0A%09%09%09%09%09%09%09%09%09%09%3Cspan+class%3D%22elementor-icon-list-text%22%3EContrataci%C3%B3n+2014%3C%2Fspan%3E%0A%09%09%09%09%09%09%09%09%09%09%09%3C%2Fa%3E%0A%09%09%09%09%09%09%09%09%09%3C%2Fli%3E%0A%09%09%09%09%09%09%09%09%3Cli+class%3D%22elementor-icon-list-item%22%3E%0A%09%09%09%09%09%09%09%09%09%09%09%3Ca+href%3D%22http%3A%2F%2Fwww.emserchia.gov.co%2FPDF%2Fcontratos2013.pdf%22%3E%0A%0A%09%09%09%09%09%09%09%09%09%09%09%09%3Cspan+class%3D%22elementor-icon-list-icon%22%3E%0A%09%09%09%09%09%09%09%3Ci+aria-hidden%3D%22true%22+class%3D%22fas+fa-circle%22%3E%3C%2Fi%3E%09%09%09%09%09%09%3C%2Fspan%3E%0A%09%09%09%09%09%09%09%09%09%09%3Cspan+class%3D%22elementor-icon-list-text%22%3EContrataci%C3%B3n+2013%3C%2Fspan%3E%0A%09%09%09%09%09%09%09%09%09%09%09%3C%2Fa%3E%0A%09%09%09%09%09%09%09%09%09%3C%2Fli%3E%0A%09%09%09%09%09%09%3C%2Ful%3E%0A%09%09%09%09%09%09%3C%2Fdiv%3E%0A%09%09%09%09%3C%2Fdiv%3E%0A%09%09%09%09%09%3C%2Fdiv%3E%0A%09%09%3C%2Fdiv%3E%0A%09%09%09%09%3Cdiv+class%3D%22elementor-column+elementor-col-33+elementor-top-column+elementor-element+elementor-element-cb07abd%22+data-id%3D%22cb07abd%22+data-element_type%3D%22column%22+data-e-type%3D%22column%22%3E%0A%09%09%09%3Cdiv+class%3D%22elementor-widget-wrap%22%3E%0A%09%09%09%09%09%09%09%3C%2Fdiv%3E%0A%09%09%3C%2Fdiv%3E%0A%09%09%09%09%09%3C%2Fdiv%3E%0A%09%09%3C%2Fsection%3E%0A%09%09%09%09%3C%2Fdiv%3E%0A%09%09%3Cdiv+class%3D%22gsp_post_data%22+%0D%0A%09++++++++++++data-post_type%3D%22page%22+%0D%0A%09++++++++++++data-cat%3D%22%22+%0D%0A%09++++++++++++data-modified%3D%22120%22%0D%0A%09++++++++++++data-created%3D%221566397425%22%0D%0A%09++++++++++++data-title%3D%22Contrataciones+Todas+las+Vigencias+%26%238211%3B+Emserchia%22+%0D%0A%09++++++++++++data-home%3D%22https%3A%2F%2Femserchia.gov.co%2Fwordem%22%3E%3C%2Fdiv%3E','','','','','232','20');<\/script>","protected":false},"excerpt":{"rendered":"<p>Contrataci\u00f3n 2021 Contrataci\u00f3n 2020 Contrataci\u00f3n 2019 Contrataci\u00f3n 2018 Contrataci\u00f3n 2017 Contrataci\u00f3n 2016 Contrataci\u00f3n 2015 Contrataci\u00f3n 2014 Contrataci\u00f3n 2013<\/p>\n","protected":false},"author":1,"featured_media":0,"parent":0,"menu_order":0,"comment_status":"closed","ping_status":"closed","template":"","meta":{"footnotes":""},"class_list":["post-2567","page","type-page","status-publish","hentry"],"yoast_head":"<!-- This site is optimized with the Yoast SEO plugin v27.4 - https:\/\/yoast.com\/product\/yoast-seo-wordpress\/ -->\n<title>Contrataciones Todas las Vigencias - Emserchia -<\/title>\n<meta name=\"robots\" content=\"index, follow, max-snippet:-1, max-image-preview:large, max-video-preview:-1\" \/>\n<link rel=\"canonical\" href=\"https:\/\/emserchia.gov.co\/wordem\/contrataciones-todas-las-vigencias\/\" \/>\n<meta property=\"og:locale\" content=\"es_ES\" \/>\n<meta property=\"og:type\" content=\"article\" \/>\n<meta property=\"og:title\" content=\"Contrataciones Todas las Vigencias - Emserchia -\" \/>\n<meta property=\"og:description\" content=\"Contrataci\u00f3n 2021 Contrataci\u00f3n 2020 Contrataci\u00f3n 2019 Contrataci\u00f3n 2018 Contrataci\u00f3n 2017 Contrataci\u00f3n 2016 Contrataci\u00f3n 2015 Contrataci\u00f3n 2014 Contrataci\u00f3n 2013\" \/>\n<meta property=\"og:url\" content=\"https:\/\/emserchia.gov.co\/wordem\/contrataciones-todas-las-vigencias\/\" \/>\n<meta property=\"article:modified_time\" content=\"2025-11-10T19:36:40+00:00\" \/>\n<meta name=\"twitter:card\" content=\"summary_large_image\" \/>\n<script type=\"application\/ld+json\" class=\"yoast-schema-graph\">{\"@context\":\"https:\\\/\\\/schema.org\",\"@graph\":[{\"@type\":\"WebPage\",\"@id\":\"https:\\\/\\\/emserchia.gov.co\\\/wordem\\\/contrataciones-todas-las-vigencias\\\/\",\"url\":\"https:\\\/\\\/emserchia.gov.co\\\/wordem\\\/contrataciones-todas-las-vigencias\\\/\",\"name\":\"Contrataciones Todas las Vigencias - Emserchia -\",\"isPartOf\":{\"@id\":\"https:\\\/\\\/emserchia.gov.co\\\/wordem\\\/#website\"},\"datePublished\":\"2019-08-21T14:23:45+00:00\",\"dateModified\":\"2025-11-10T19:36:40+00:00\",\"breadcrumb\":{\"@id\":\"https:\\\/\\\/emserchia.gov.co\\\/wordem\\\/contrataciones-todas-las-vigencias\\\/#breadcrumb\"},\"inLanguage\":\"es\",\"potentialAction\":[{\"@type\":\"ReadAction\",\"target\":[\"https:\\\/\\\/emserchia.gov.co\\\/wordem\\\/contrataciones-todas-las-vigencias\\\/\"]}]},{\"@type\":\"BreadcrumbList\",\"@id\":\"https:\\\/\\\/emserchia.gov.co\\\/wordem\\\/contrataciones-todas-las-vigencias\\\/#breadcrumb\",\"itemListElement\":[{\"@type\":\"ListItem\",\"position\":1,\"name\":\"Portada\",\"item\":\"https:\\\/\\\/emserchia.gov.co\\\/wordem\\\/\"},{\"@type\":\"ListItem\",\"position\":2,\"name\":\"Contrataciones Todas las Vigencias &#8211; Emserchia\"}]},{\"@type\":\"WebSite\",\"@id\":\"https:\\\/\\\/emserchia.gov.co\\\/wordem\\\/#website\",\"url\":\"https:\\\/\\\/emserchia.gov.co\\\/wordem\\\/\",\"name\":\"\",\"description\":\"\",\"publisher\":{\"@id\":\"https:\\\/\\\/emserchia.gov.co\\\/wordem\\\/#organization\"},\"potentialAction\":[{\"@type\":\"SearchAction\",\"target\":{\"@type\":\"EntryPoint\",\"urlTemplate\":\"https:\\\/\\\/emserchia.gov.co\\\/wordem\\\/?s={search_term_string}\"},\"query-input\":{\"@type\":\"PropertyValueSpecification\",\"valueRequired\":true,\"valueName\":\"search_term_string\"}}],\"inLanguage\":\"es\"},{\"@type\":\"Organization\",\"@id\":\"https:\\\/\\\/emserchia.gov.co\\\/wordem\\\/#organization\",\"name\":\"EMSERCHIA E.S.P\",\"url\":\"https:\\\/\\\/emserchia.gov.co\\\/wordem\\\/\",\"logo\":{\"@type\":\"ImageObject\",\"inLanguage\":\"es\",\"@id\":\"https:\\\/\\\/emserchia.gov.co\\\/wordem\\\/#\\\/schema\\\/logo\\\/image\\\/\",\"url\":\"https:\\\/\\\/emserchia.gov.co\\\/wordem\\\/wp-content\\\/uploads\\\/2019\\\/03\\\/emser-e1551997944868.jpg\",\"contentUrl\":\"https:\\\/\\\/emserchia.gov.co\\\/wordem\\\/wp-content\\\/uploads\\\/2019\\\/03\\\/emser-e1551997944868.jpg\",\"width\":276,\"height\":170,\"caption\":\"EMSERCHIA E.S.P\"},\"image\":{\"@id\":\"https:\\\/\\\/emserchia.gov.co\\\/wordem\\\/#\\\/schema\\\/logo\\\/image\\\/\"}}]}<\/script>\n<!-- \/ Yoast SEO plugin. -->","yoast_head_json":{"title":"Contrataciones Todas las Vigencias - Emserchia -","robots":{"index":"index","follow":"follow","max-snippet":"max-snippet:-1","max-image-preview":"max-image-preview:large","max-video-preview":"max-video-preview:-1"},"canonical":"https:\/\/emserchia.gov.co\/wordem\/contrataciones-todas-las-vigencias\/","og_locale":"es_ES","og_type":"article","og_title":"Contrataciones Todas las Vigencias - Emserchia -","og_description":"Contrataci\u00f3n 2021 Contrataci\u00f3n 2020 Contrataci\u00f3n 2019 Contrataci\u00f3n 2018 Contrataci\u00f3n 2017 Contrataci\u00f3n 2016 Contrataci\u00f3n 2015 Contrataci\u00f3n 2014 Contrataci\u00f3n 2013","og_url":"https:\/\/emserchia.gov.co\/wordem\/contrataciones-todas-las-vigencias\/","article_modified_time":"2025-11-10T19:36:40+00:00","twitter_card":"summary_large_image","schema":{"@context":"https:\/\/schema.org","@graph":[{"@type":"WebPage","@id":"https:\/\/emserchia.gov.co\/wordem\/contrataciones-todas-las-vigencias\/","url":"https:\/\/emserchia.gov.co\/wordem\/contrataciones-todas-las-vigencias\/","name":"Contrataciones Todas las Vigencias - Emserchia -","isPartOf":{"@id":"https:\/\/emserchia.gov.co\/wordem\/#website"},"datePublished":"2019-08-21T14:23:45+00:00","dateModified":"2025-11-10T19:36:40+00:00","breadcrumb":{"@id":"https:\/\/emserchia.gov.co\/wordem\/contrataciones-todas-las-vigencias\/#breadcrumb"},"inLanguage":"es","potentialAction":[{"@type":"ReadAction","target":["https:\/\/emserchia.gov.co\/wordem\/contrataciones-todas-las-vigencias\/"]}]},{"@type":"BreadcrumbList","@id":"https:\/\/emserchia.gov.co\/wordem\/contrataciones-todas-las-vigencias\/#breadcrumb","itemListElement":[{"@type":"ListItem","position":1,"name":"Portada","item":"https:\/\/emserchia.gov.co\/wordem\/"},{"@type":"ListItem","position":2,"name":"Contrataciones Todas las Vigencias &#8211; Emserchia"}]},{"@type":"WebSite","@id":"https:\/\/emserchia.gov.co\/wordem\/#website","url":"https:\/\/emserchia.gov.co\/wordem\/","name":"","description":"","publisher":{"@id":"https:\/\/emserchia.gov.co\/wordem\/#organization"},"potentialAction":[{"@type":"SearchAction","target":{"@type":"EntryPoint","urlTemplate":"https:\/\/emserchia.gov.co\/wordem\/?s={search_term_string}"},"query-input":{"@type":"PropertyValueSpecification","valueRequired":true,"valueName":"search_term_string"}}],"inLanguage":"es"},{"@type":"Organization","@id":"https:\/\/emserchia.gov.co\/wordem\/#organization","name":"EMSERCHIA E.S.P","url":"https:\/\/emserchia.gov.co\/wordem\/","logo":{"@type":"ImageObject","inLanguage":"es","@id":"https:\/\/emserchia.gov.co\/wordem\/#\/schema\/logo\/image\/","url":"https:\/\/emserchia.gov.co\/wordem\/wp-content\/uploads\/2019\/03\/emser-e1551997944868.jpg","contentUrl":"https:\/\/emserchia.gov.co\/wordem\/wp-content\/uploads\/2019\/03\/emser-e1551997944868.jpg","width":276,"height":170,"caption":"EMSERCHIA E.S.P"},"image":{"@id":"https:\/\/emserchia.gov.co\/wordem\/#\/schema\/logo\/image\/"}}]}},"_links":{"self":[{"href":"https:\/\/emserchia.gov.co\/wordem\/wp-json\/wp\/v2\/pages\/2567","targetHints":{"allow":["GET"]}}],"collection":[{"href":"https:\/\/emserchia.gov.co\/wordem\/wp-json\/wp\/v2\/pages"}],"about":[{"href":"https:\/\/emserchia.gov.co\/wordem\/wp-json\/wp\/v2\/types\/page"}],"author":[{"embeddable":true,"href":"https:\/\/emserchia.gov.co\/wordem\/wp-json\/wp\/v2\/users\/1"}],"replies":[{"embeddable":true,"href":"https:\/\/emserchia.gov.co\/wordem\/wp-json\/wp\/v2\/comments?post=2567"}],"version-history":[{"count":12,"href":"https:\/\/emserchia.gov.co\/wordem\/wp-json\/wp\/v2\/pages\/2567\/revisions"}],"predecessor-version":[{"id":10473,"href":"https:\/\/emserchia.gov.co\/wordem\/wp-json\/wp\/v2\/pages\/2567\/revisions\/10473"}],"wp:attachment":[{"href":"https:\/\/emserchia.gov.co\/wordem\/wp-json\/wp\/v2\/media?parent=2567"}],"curies":[{"name":"wp","href":"https:\/\/api.w.org\/{rel}","templated":true}]}}