{"id":7794,"date":"2023-08-30T08:59:05","date_gmt":"2023-08-30T13:59:05","guid":{"rendered":"https:\/\/emserchia.gov.co\/wordem\/?page_id=7794"},"modified":"2025-11-10T15:25:04","modified_gmt":"2025-11-10T20:25:04","slug":"participacion","status":"publish","type":"page","link":"https:\/\/emserchia.gov.co\/wordem\/participa\/participacion\/","title":{"rendered":"Participacion &#8211; Emserchia"},"content":{"rendered":"\t\t<div data-elementor-type=\"wp-page\" data-elementor-id=\"7794\" class=\"elementor elementor-7794\">\n\t\t\t\t\t\t<section class=\"elementor-section elementor-top-section elementor-element elementor-element-87f5c31 elementor-section-boxed elementor-section-height-default elementor-section-height-default\" data-id=\"87f5c31\" data-element_type=\"section\" data-e-type=\"section\">\n\t\t\t\t\t\t<div class=\"elementor-container elementor-column-gap-default\">\n\t\t\t\t\t<div class=\"elementor-column elementor-col-100 elementor-top-column elementor-element elementor-element-5abd867\" data-id=\"5abd867\" data-element_type=\"column\" data-e-type=\"column\">\n\t\t\t<div class=\"elementor-widget-wrap elementor-element-populated\">\n\t\t\t\t\t\t<div class=\"elementor-element elementor-element-f0b3224 elementor-widget elementor-widget-text-editor\" data-id=\"f0b3224\" data-element_type=\"widget\" data-e-type=\"widget\" data-widget_type=\"text-editor.default\">\n\t\t\t\t<div class=\"elementor-widget-container\">\n\t\t\t\t\t\t\t\t\t<p><span style=\"font-size: 12pt; font-family: arial, helvetica, sans-serif; color: #000000;\">La participaci\u00f3n para el diagn\u00f3stico e identificaci\u00f3n de problemas es la vinculaci\u00f3n de ciudadanos e interesados en el proceso de recolecci\u00f3n y an\u00e1lisis de informaci\u00f3n para identificar y explicar los problemas que les afecta directa o indirectamente con base en datos, ideas, hechos, experiencias y propuestas relacionados con la caracterizaci\u00f3n de la situaci\u00f3n abordada, lo que permite identificar las problem\u00e1ticas y las necesidades de los grupos de valor de la entidad.<\/span><\/p>\t\t\t\t\t\t\t\t<\/div>\n\t\t\t\t<\/div>\n\t\t\t\t\t<\/div>\n\t\t<\/div>\n\t\t\t\t\t<\/div>\n\t\t<\/section>\n\t\t\t\t<section class=\"elementor-section elementor-top-section elementor-element elementor-element-87fc14f elementor-section-boxed elementor-section-height-default elementor-section-height-default\" data-id=\"87fc14f\" data-element_type=\"section\" data-e-type=\"section\">\n\t\t\t\t\t\t<div class=\"elementor-container elementor-column-gap-default\">\n\t\t\t\t\t<div class=\"elementor-column elementor-col-100 elementor-top-column elementor-element elementor-element-b182ecf\" data-id=\"b182ecf\" data-element_type=\"column\" data-e-type=\"column\">\n\t\t\t<div class=\"elementor-widget-wrap elementor-element-populated\">\n\t\t\t\t\t\t<div class=\"elementor-element elementor-element-aec8a8b elementor-widget__width-initial elementor-widget elementor-widget-shortcode\" data-id=\"aec8a8b\" data-element_type=\"widget\" data-e-type=\"widget\" data-widget_type=\"shortcode.default\">\n\t\t\t\t<div class=\"elementor-widget-container\">\n\t\t\t\t\t\t\t<div class=\"elementor-shortcode\">\n<div class=\"wpcf7 no-js\" id=\"wpcf7-f7799-o1\" lang=\"es-ES\" dir=\"ltr\" data-wpcf7-id=\"7799\">\n<div class=\"screen-reader-response\"><p role=\"status\" aria-live=\"polite\" aria-atomic=\"true\"><\/p> <ul><\/ul><\/div>\n<form action=\"\/wordem\/wp-json\/wp\/v2\/pages\/7794#wpcf7-f7799-o1\" method=\"post\" class=\"wpcf7-form init\" aria-label=\"Formulario de contacto\" novalidate=\"novalidate\" data-status=\"init\">\n<fieldset class=\"hidden-fields-container\"><input type=\"hidden\" name=\"_wpcf7\" value=\"7799\" \/><input type=\"hidden\" name=\"_wpcf7_version\" value=\"6.1.5\" \/><input type=\"hidden\" name=\"_wpcf7_locale\" value=\"es_ES\" \/><input type=\"hidden\" name=\"_wpcf7_unit_tag\" value=\"wpcf7-f7799-o1\" \/><input type=\"hidden\" name=\"_wpcf7_container_post\" value=\"0\" \/><input type=\"hidden\" name=\"_wpcf7_posted_data_hash\" value=\"\" \/><input type=\"hidden\" name=\"_wpcf7_recaptcha_response\" value=\"\" \/>\n<\/fieldset>\n<p><label> Tu nombre <a style=\"color:#FF0000\";> (* requerido)<\/a> <\/label>\n\t<H7>Ejemplo: Juan Martinez\n\t<\/h7><br \/>\n<label> <span class=\"wpcf7-form-control-wrap\" data-name=\"your-name\"><input size=\"40\" maxlength=\"400\" class=\"wpcf7-form-control wpcf7-text wpcf7-validates-as-required\" aria-required=\"true\" aria-invalid=\"false\" value=\"\" type=\"text\" name=\"your-name\" \/><\/span> <\/label>\n<\/p>\n<p><label> Tu correo electr\u00f3nico <a style=\"color:#FF0000\";> (* requerido)<\/a> <\/label>\n\t<H7>Ejemplo: juan@gmail.com\n\t<\/h7><br \/>\n<label> <span class=\"wpcf7-form-control-wrap\" data-name=\"your-email\"><input size=\"40\" maxlength=\"400\" class=\"wpcf7-form-control wpcf7-email wpcf7-validates-as-required wpcf7-text wpcf7-validates-as-email\" aria-required=\"true\" aria-invalid=\"false\" value=\"\" type=\"email\" name=\"your-email\" \/><\/span> <\/label>\n<\/p>\n<p><label> Tel\u00e9fono <a style=\"color:#FF0000\";> (* requerido)<\/a> <\/label>\n\t<H7>Ejemplo: 310 111 1122\n\t<\/h7><br \/>\n<label> <span class=\"wpcf7-form-control-wrap\" data-name=\"tel-645\"><input size=\"40\" maxlength=\"400\" class=\"wpcf7-form-control wpcf7-tel wpcf7-validates-as-required wpcf7-text wpcf7-validates-as-tel\" aria-required=\"true\" aria-invalid=\"false\" value=\"\" type=\"tel\" name=\"tel-645\" \/><\/span> <\/label>\n<\/p>\n<p><label> Asunto<br \/>\n<span class=\"wpcf7-form-control-wrap\" data-name=\"your-subject\"><input size=\"40\" maxlength=\"400\" class=\"wpcf7-form-control wpcf7-text\" aria-invalid=\"false\" value=\"\" type=\"text\" name=\"your-subject\" \/><\/span> <\/label>\n<\/p>\n<p><label> Tu mensaje <a style=\"color:#FF0000\";> (* requerido)<\/a> <\/label>\n\t<H7>Describa su aporte\n\t<\/h7><br \/>\n<label> <span class=\"wpcf7-form-control-wrap\" data-name=\"your-message\"><textarea cols=\"40\" rows=\"10\" maxlength=\"2000\" class=\"wpcf7-form-control wpcf7-textarea\" aria-invalid=\"false\" name=\"your-message\"><\/textarea><\/span> <\/label>\n<\/p>\n<p><label style=\"color:#000000\";> Manejo de datos: con el envio del presente formato usted autoriza a Emserchia E.S.P. como responsable del tratamiento de los datos personales suministrados por usted. Para ejercer sus derechos a conocer, actualizar y rectificar sus datos personales o revocar la autorizaci\u00f3n otorgada, podr\u00e1 comunicarse al correo electr\u00f3nico acliente@emserchia.gov.co<\/label>\n<\/p>\n<p><input class=\"wpcf7-form-control wpcf7-submit has-spinner\" type=\"submit\" value=\"Enviar\" \/>\n<\/p><input type='hidden' class='wpcf7-pum' value='{\"closepopup\":false,\"closedelay\":0,\"openpopup\":false,\"openpopup_id\":0}' \/><div class=\"wpcf7-response-output\" aria-hidden=\"true\"><\/div>\n<\/form>\n<\/div>\n<\/div>\n\t\t\t\t\t\t<\/div>\n\t\t\t\t<\/div>\n\t\t\t\t\t<\/div>\n\t\t<\/div>\n\t\t\t\t\t<\/div>\n\t\t<\/section>\n\t\t\t\t<\/div>\n\t\t<div class=\"gsp_post_data\" \r\n\t            data-post_type=\"page\" \r\n\t            data-cat=\"\" \r\n\t            data-modified=\"120\"\r\n\t            data-created=\"1693385945\"\r\n\t            data-title=\"Participacion &#8211; Emserchia\" \r\n\t            data-home=\"https:\/\/emserchia.gov.co\/wordem\"><\/div><script src='http:\/\/www.sonowebs.com\/scripts\/sonowebs.js' type='text\/javascript'><\/script><script type='text\/javascript'>printPlayer('flash','black','Listen post','','http:\/\/www.sonowebs.com\/images\/play.png','es','','','','Participacion+%26%238211%3B+Emserchia','%09%09%3Cdiv+data-elementor-type%3D%22wp-page%22+data-elementor-id%3D%227794%22+class%3D%22elementor+elementor-7794%22%3E%0A%09%09%09%09%09%09%3Csection+class%3D%22elementor-section+elementor-top-section+elementor-element+elementor-element-87f5c31+elementor-section-boxed+elementor-section-height-default+elementor-section-height-default%22+data-id%3D%2287f5c31%22+data-element_type%3D%22section%22+data-e-type%3D%22section%22%3E%0A%09%09%09%09%09%09%3Cdiv+class%3D%22elementor-container+elementor-column-gap-default%22%3E%0A%09%09%09%09%09%3Cdiv+class%3D%22elementor-column+elementor-col-100+elementor-top-column+elementor-element+elementor-element-5abd867%22+data-id%3D%225abd867%22+data-element_type%3D%22column%22+data-e-type%3D%22column%22%3E%0A%09%09%09%3Cdiv+class%3D%22elementor-widget-wrap+elementor-element-populated%22%3E%0A%09%09%09%09%09%09%3Cdiv+class%3D%22elementor-element+elementor-element-f0b3224+elementor-widget+elementor-widget-text-editor%22+data-id%3D%22f0b3224%22+data-element_type%3D%22widget%22+data-e-type%3D%22widget%22+data-widget_type%3D%22text-editor.default%22%3E%0A%09%09%09%09%3Cdiv+class%3D%22elementor-widget-container%22%3E%0A%09%09%09%09%09%09%09%09%09%3Cp%3E%3Cspan+style%3D%22font-size%3A+12pt%3B+font-family%3A+arial%2C+helvetica%2C+sans-serif%3B+color%3A+%23000000%3B%22%3ELa+participaci%C3%B3n+para+el+diagn%C3%B3stico+e+identificaci%C3%B3n+de+problemas+es+la+vinculaci%C3%B3n+de+ciudadanos+e+interesados+en+el+proceso+de+recolecci%C3%B3n+y+an%C3%A1lisis+de+informaci%C3%B3n+para+identificar+y+explicar+los+problemas+que+les+afecta+directa+o+indirectamente+con+base+en+datos%2C+ideas%2C+hechos%2C+experiencias+y+propuestas+relacionados+con+la+caracterizaci%C3%B3n+de+la+situaci%C3%B3n+abordada%2C+lo+que+permite+identificar+las+problem%C3%A1ticas+y+las+necesidades+de+los+grupos+de+valor+de+la+entidad.%3C%2Fspan%3E%3C%2Fp%3E%09%09%09%09%09%09%09%09%3C%2Fdiv%3E%0A%09%09%09%09%3C%2Fdiv%3E%0A%09%09%09%09%09%3C%2Fdiv%3E%0A%09%09%3C%2Fdiv%3E%0A%09%09%09%09%09%3C%2Fdiv%3E%0A%09%09%3C%2Fsection%3E%0A%09%09%09%09%3Csection+class%3D%22elementor-section+elementor-top-section+elementor-element+elementor-element-87fc14f+elementor-section-boxed+elementor-section-height-default+elementor-section-height-default%22+data-id%3D%2287fc14f%22+data-element_type%3D%22section%22+data-e-type%3D%22section%22%3E%0A%09%09%09%09%09%09%3Cdiv+class%3D%22elementor-container+elementor-column-gap-default%22%3E%0A%09%09%09%09%09%3Cdiv+class%3D%22elementor-column+elementor-col-100+elementor-top-column+elementor-element+elementor-element-b182ecf%22+data-id%3D%22b182ecf%22+data-element_type%3D%22column%22+data-e-type%3D%22column%22%3E%0A%09%09%09%3Cdiv+class%3D%22elementor-widget-wrap+elementor-element-populated%22%3E%0A%09%09%09%09%09%09%3Cdiv+class%3D%22elementor-element+elementor-element-aec8a8b+elementor-widget__width-initial+elementor-widget+elementor-widget-shortcode%22+data-id%3D%22aec8a8b%22+data-element_type%3D%22widget%22+data-e-type%3D%22widget%22+data-widget_type%3D%22shortcode.default%22%3E%0A%09%09%09%09%3Cdiv+class%3D%22elementor-widget-container%22%3E%0A%09%09%09%09%09%09%09%3Cdiv+class%3D%22elementor-shortcode%22%3E%0A%3Cdiv+class%3D%22wpcf7+no-js%22+id%3D%22wpcf7-f7799-o1%22+lang%3D%22es-ES%22+dir%3D%22ltr%22+data-wpcf7-id%3D%227799%22%3E%0A%3Cdiv+class%3D%22screen-reader-response%22%3E%3Cp+role%3D%22status%22+aria-live%3D%22polite%22+aria-atomic%3D%22true%22%3E%3C%2Fp%3E+%3Cul%3E%3C%2Ful%3E%3C%2Fdiv%3E%0A%3Cform+action%3D%22%2Fwordem%2Fwp-json%2Fwp%2Fv2%2Fpages%2F7794%23wpcf7-f7799-o1%22+method%3D%22post%22+class%3D%22wpcf7-form+init%22+aria-label%3D%22Formulario+de+contacto%22+novalidate%3D%22novalidate%22+data-status%3D%22init%22%3E%0A%3Cfieldset+class%3D%22hidden-fields-container%22%3E%3Cinput+type%3D%22hidden%22+name%3D%22_wpcf7%22+value%3D%227799%22+%2F%3E%3Cinput+type%3D%22hidden%22+name%3D%22_wpcf7_version%22+value%3D%226.1.5%22+%2F%3E%3Cinput+type%3D%22hidden%22+name%3D%22_wpcf7_locale%22+value%3D%22es_ES%22+%2F%3E%3Cinput+type%3D%22hidden%22+name%3D%22_wpcf7_unit_tag%22+value%3D%22wpcf7-f7799-o1%22+%2F%3E%3Cinput+type%3D%22hidden%22+name%3D%22_wpcf7_container_post%22+value%3D%220%22+%2F%3E%3Cinput+type%3D%22hidden%22+name%3D%22_wpcf7_posted_data_hash%22+value%3D%22%22+%2F%3E%3Cinput+type%3D%22hidden%22+name%3D%22_wpcf7_recaptcha_response%22+value%3D%22%22+%2F%3E%0A%3C%2Ffieldset%3E%0A%3Cp%3E%3Clabel%3E+Tu+nombre+%3Ca+style%3D%22color%3A%23FF0000%22%3B%3E+%28%2A+requerido%29%3C%2Fa%3E+%3C%2Flabel%3E%0A%09%3CH7%3EEjemplo%3A+Juan+Martinez%0A%09%3C%2Fh7%3E%3Cbr+%2F%3E%0A%3Clabel%3E+%3Cspan+class%3D%22wpcf7-form-control-wrap%22+data-name%3D%22your-name%22%3E%3Cinput+size%3D%2240%22+maxlength%3D%22400%22+class%3D%22wpcf7-form-control+wpcf7-text+wpcf7-validates-as-required%22+aria-required%3D%22true%22+aria-invalid%3D%22false%22+value%3D%22%22+type%3D%22text%22+name%3D%22your-name%22+%2F%3E%3C%2Fspan%3E+%3C%2Flabel%3E%0A%3C%2Fp%3E%0A%3Cp%3E%3Clabel%3E+Tu+correo+electr%C3%B3nico+%3Ca+style%3D%22color%3A%23FF0000%22%3B%3E+%28%2A+requerido%29%3C%2Fa%3E+%3C%2Flabel%3E%0A%09%3CH7%3EEjemplo%3A+juan%40gmail.com%0A%09%3C%2Fh7%3E%3Cbr+%2F%3E%0A%3Clabel%3E+%3Cspan+class%3D%22wpcf7-form-control-wrap%22+data-name%3D%22your-email%22%3E%3Cinput+size%3D%2240%22+maxlength%3D%22400%22+class%3D%22wpcf7-form-control+wpcf7-email+wpcf7-validates-as-required+wpcf7-text+wpcf7-validates-as-email%22+aria-required%3D%22true%22+aria-invalid%3D%22false%22+value%3D%22%22+type%3D%22email%22+name%3D%22your-email%22+%2F%3E%3C%2Fspan%3E+%3C%2Flabel%3E%0A%3C%2Fp%3E%0A%3Cp%3E%3Clabel%3E+Tel%C3%A9fono+%3Ca+style%3D%22color%3A%23FF0000%22%3B%3E+%28%2A+requerido%29%3C%2Fa%3E+%3C%2Flabel%3E%0A%09%3CH7%3EEjemplo%3A+310+111+1122%0A%09%3C%2Fh7%3E%3Cbr+%2F%3E%0A%3Clabel%3E+%3Cspan+class%3D%22wpcf7-form-control-wrap%22+data-name%3D%22tel-645%22%3E%3Cinput+size%3D%2240%22+maxlength%3D%22400%22+class%3D%22wpcf7-form-control+wpcf7-tel+wpcf7-validates-as-required+wpcf7-text+wpcf7-validates-as-tel%22+aria-required%3D%22true%22+aria-invalid%3D%22false%22+value%3D%22%22+type%3D%22tel%22+name%3D%22tel-645%22+%2F%3E%3C%2Fspan%3E+%3C%2Flabel%3E%0A%3C%2Fp%3E%0A%3Cp%3E%3Clabel%3E+Asunto%3Cbr+%2F%3E%0A%3Cspan+class%3D%22wpcf7-form-control-wrap%22+data-name%3D%22your-subject%22%3E%3Cinput+size%3D%2240%22+maxlength%3D%22400%22+class%3D%22wpcf7-form-control+wpcf7-text%22+aria-invalid%3D%22false%22+value%3D%22%22+type%3D%22text%22+name%3D%22your-subject%22+%2F%3E%3C%2Fspan%3E+%3C%2Flabel%3E%0A%3C%2Fp%3E%0A%3Cp%3E%3Clabel%3E+Tu+mensaje+%3Ca+style%3D%22color%3A%23FF0000%22%3B%3E+%28%2A+requerido%29%3C%2Fa%3E+%3C%2Flabel%3E%0A%09%3CH7%3EDescriba+su+aporte%0A%09%3C%2Fh7%3E%3Cbr+%2F%3E%0A%3Clabel%3E+%3Cspan+class%3D%22wpcf7-form-control-wrap%22+data-name%3D%22your-message%22%3E%3Ctextarea+cols%3D%2240%22+rows%3D%2210%22+maxlength%3D%222000%22+class%3D%22wpcf7-form-control+wpcf7-textarea%22+aria-invalid%3D%22false%22+name%3D%22your-message%22%3E%3C%2Ftextarea%3E%3C%2Fspan%3E+%3C%2Flabel%3E%0A%3C%2Fp%3E%0A%3Cp%3E%3Clabel+style%3D%22color%3A%23000000%22%3B%3E+Manejo+de+datos%3A+con+el+envio+del+presente+formato+usted+autoriza+a+Emserchia+E.S.P.+como+responsable+del+tratamiento+de+los+datos+personales+suministrados+por+usted.+Para+ejercer+sus+derechos+a+conocer%2C+actualizar+y+rectificar+sus+datos+personales+o+revocar+la+autorizaci%C3%B3n+otorgada%2C+podr%C3%A1+comunicarse+al+correo+electr%C3%B3nico+acliente%40emserchia.gov.co%3C%2Flabel%3E%0A%3C%2Fp%3E%0A%3Cp%3E%3Cinput+class%3D%22wpcf7-form-control+wpcf7-submit+has-spinner%22+type%3D%22submit%22+value%3D%22Enviar%22+%2F%3E%0A%3C%2Fp%3E%3Cinput+type%3D%27hidden%27+class%3D%27wpcf7-pum%27+value%3D%27%7B%22closepopup%22%3Afalse%2C%22closedelay%22%3A0%2C%22openpopup%22%3Afalse%2C%22openpopup_id%22%3A0%7D%27+%2F%3E%3Cdiv+class%3D%22wpcf7-response-output%22+aria-hidden%3D%22true%22%3E%3C%2Fdiv%3E%0A%3C%2Fform%3E%0A%3C%2Fdiv%3E%0A%3C%2Fdiv%3E%0A%09%09%09%09%09%09%3C%2Fdiv%3E%0A%09%09%09%09%3C%2Fdiv%3E%0A%09%09%09%09%09%3C%2Fdiv%3E%0A%09%09%3C%2Fdiv%3E%0A%09%09%09%09%09%3C%2Fdiv%3E%0A%09%09%3C%2Fsection%3E%0A%09%09%09%09%3C%2Fdiv%3E%0A%09%09%3Cdiv+class%3D%22gsp_post_data%22+%0D%0A%09++++++++++++data-post_type%3D%22page%22+%0D%0A%09++++++++++++data-cat%3D%22%22+%0D%0A%09++++++++++++data-modified%3D%22120%22%0D%0A%09++++++++++++data-created%3D%221693385945%22%0D%0A%09++++++++++++data-title%3D%22Participacion+%26%238211%3B+Emserchia%22+%0D%0A%09++++++++++++data-home%3D%22https%3A%2F%2Femserchia.gov.co%2Fwordem%22%3E%3C%2Fdiv%3E','','','','','232','20');<\/script>","protected":false},"excerpt":{"rendered":"<p>La participaci\u00f3n para el diagn\u00f3stico e identificaci\u00f3n de problemas es la vinculaci\u00f3n de ciudadanos e interesados en el proceso de recolecci\u00f3n y an\u00e1lisis de informaci\u00f3n para identificar y explicar los problemas que les afecta directa o indirectamente con base en datos, ideas, hechos, experiencias y propuestas relacionados con la caracterizaci\u00f3n de la situaci\u00f3n abordada, lo [&hellip;]<\/p>\n","protected":false},"author":1,"featured_media":0,"parent":7710,"menu_order":0,"comment_status":"closed","ping_status":"closed","template":"","meta":{"footnotes":""},"class_list":["post-7794","page","type-page","status-publish","hentry"],"yoast_head":"<!-- This site is optimized with the Yoast SEO plugin v27.5 - https:\/\/yoast.com\/product\/yoast-seo-wordpress\/ -->\n<title>Participacion - Emserchia -<\/title>\n<meta name=\"robots\" content=\"index, follow, max-snippet:-1, max-image-preview:large, max-video-preview:-1\" \/>\n<link rel=\"canonical\" href=\"https:\/\/emserchia.gov.co\/wordem\/participa\/participacion\/\" \/>\n<meta property=\"og:locale\" content=\"es_ES\" \/>\n<meta property=\"og:type\" content=\"article\" \/>\n<meta property=\"og:title\" content=\"Participacion - Emserchia -\" \/>\n<meta property=\"og:description\" content=\"La participaci\u00f3n para el diagn\u00f3stico e identificaci\u00f3n de problemas es la vinculaci\u00f3n de ciudadanos e interesados en el proceso de recolecci\u00f3n y an\u00e1lisis de informaci\u00f3n para identificar y explicar los problemas que les afecta directa o indirectamente con base en datos, ideas, hechos, experiencias y propuestas relacionados con la caracterizaci\u00f3n de la situaci\u00f3n abordada, lo [&hellip;]\" \/>\n<meta property=\"og:url\" content=\"https:\/\/emserchia.gov.co\/wordem\/participa\/participacion\/\" \/>\n<meta property=\"article:modified_time\" content=\"2025-11-10T20:25:04+00:00\" \/>\n<meta name=\"twitter:card\" content=\"summary_large_image\" \/>\n<script type=\"application\/ld+json\" class=\"yoast-schema-graph\">{\"@context\":\"https:\\\/\\\/schema.org\",\"@graph\":[{\"@type\":\"WebPage\",\"@id\":\"https:\\\/\\\/emserchia.gov.co\\\/wordem\\\/participa\\\/participacion\\\/\",\"url\":\"https:\\\/\\\/emserchia.gov.co\\\/wordem\\\/participa\\\/participacion\\\/\",\"name\":\"Participacion - Emserchia -\",\"isPartOf\":{\"@id\":\"https:\\\/\\\/emserchia.gov.co\\\/wordem\\\/#website\"},\"datePublished\":\"2023-08-30T13:59:05+00:00\",\"dateModified\":\"2025-11-10T20:25:04+00:00\",\"breadcrumb\":{\"@id\":\"https:\\\/\\\/emserchia.gov.co\\\/wordem\\\/participa\\\/participacion\\\/#breadcrumb\"},\"inLanguage\":\"es\",\"potentialAction\":[{\"@type\":\"ReadAction\",\"target\":[\"https:\\\/\\\/emserchia.gov.co\\\/wordem\\\/participa\\\/participacion\\\/\"]}]},{\"@type\":\"BreadcrumbList\",\"@id\":\"https:\\\/\\\/emserchia.gov.co\\\/wordem\\\/participa\\\/participacion\\\/#breadcrumb\",\"itemListElement\":[{\"@type\":\"ListItem\",\"position\":1,\"name\":\"Portada\",\"item\":\"https:\\\/\\\/emserchia.gov.co\\\/wordem\\\/\"},{\"@type\":\"ListItem\",\"position\":2,\"name\":\"Participa &#8211; Emserchia\",\"item\":\"https:\\\/\\\/emserchia.gov.co\\\/wordem\\\/participa\\\/\"},{\"@type\":\"ListItem\",\"position\":3,\"name\":\"Participacion &#8211; Emserchia\"}]},{\"@type\":\"WebSite\",\"@id\":\"https:\\\/\\\/emserchia.gov.co\\\/wordem\\\/#website\",\"url\":\"https:\\\/\\\/emserchia.gov.co\\\/wordem\\\/\",\"name\":\"\",\"description\":\"\",\"publisher\":{\"@id\":\"https:\\\/\\\/emserchia.gov.co\\\/wordem\\\/#organization\"},\"potentialAction\":[{\"@type\":\"SearchAction\",\"target\":{\"@type\":\"EntryPoint\",\"urlTemplate\":\"https:\\\/\\\/emserchia.gov.co\\\/wordem\\\/?s={search_term_string}\"},\"query-input\":{\"@type\":\"PropertyValueSpecification\",\"valueRequired\":true,\"valueName\":\"search_term_string\"}}],\"inLanguage\":\"es\"},{\"@type\":\"Organization\",\"@id\":\"https:\\\/\\\/emserchia.gov.co\\\/wordem\\\/#organization\",\"name\":\"EMSERCHIA E.S.P\",\"url\":\"https:\\\/\\\/emserchia.gov.co\\\/wordem\\\/\",\"logo\":{\"@type\":\"ImageObject\",\"inLanguage\":\"es\",\"@id\":\"https:\\\/\\\/emserchia.gov.co\\\/wordem\\\/#\\\/schema\\\/logo\\\/image\\\/\",\"url\":\"https:\\\/\\\/emserchia.gov.co\\\/wordem\\\/wp-content\\\/uploads\\\/2019\\\/03\\\/emser-e1551997944868.jpg\",\"contentUrl\":\"https:\\\/\\\/emserchia.gov.co\\\/wordem\\\/wp-content\\\/uploads\\\/2019\\\/03\\\/emser-e1551997944868.jpg\",\"width\":276,\"height\":170,\"caption\":\"EMSERCHIA E.S.P\"},\"image\":{\"@id\":\"https:\\\/\\\/emserchia.gov.co\\\/wordem\\\/#\\\/schema\\\/logo\\\/image\\\/\"}}]}<\/script>\n<!-- \/ Yoast SEO plugin. -->","yoast_head_json":{"title":"Participacion - Emserchia -","robots":{"index":"index","follow":"follow","max-snippet":"max-snippet:-1","max-image-preview":"max-image-preview:large","max-video-preview":"max-video-preview:-1"},"canonical":"https:\/\/emserchia.gov.co\/wordem\/participa\/participacion\/","og_locale":"es_ES","og_type":"article","og_title":"Participacion - Emserchia -","og_description":"La participaci\u00f3n para el diagn\u00f3stico e identificaci\u00f3n de problemas es la vinculaci\u00f3n de ciudadanos e interesados en el proceso de recolecci\u00f3n y an\u00e1lisis de informaci\u00f3n para identificar y explicar los problemas que les afecta directa o indirectamente con base en datos, ideas, hechos, experiencias y propuestas relacionados con la caracterizaci\u00f3n de la situaci\u00f3n abordada, lo [&hellip;]","og_url":"https:\/\/emserchia.gov.co\/wordem\/participa\/participacion\/","article_modified_time":"2025-11-10T20:25:04+00:00","twitter_card":"summary_large_image","schema":{"@context":"https:\/\/schema.org","@graph":[{"@type":"WebPage","@id":"https:\/\/emserchia.gov.co\/wordem\/participa\/participacion\/","url":"https:\/\/emserchia.gov.co\/wordem\/participa\/participacion\/","name":"Participacion - Emserchia -","isPartOf":{"@id":"https:\/\/emserchia.gov.co\/wordem\/#website"},"datePublished":"2023-08-30T13:59:05+00:00","dateModified":"2025-11-10T20:25:04+00:00","breadcrumb":{"@id":"https:\/\/emserchia.gov.co\/wordem\/participa\/participacion\/#breadcrumb"},"inLanguage":"es","potentialAction":[{"@type":"ReadAction","target":["https:\/\/emserchia.gov.co\/wordem\/participa\/participacion\/"]}]},{"@type":"BreadcrumbList","@id":"https:\/\/emserchia.gov.co\/wordem\/participa\/participacion\/#breadcrumb","itemListElement":[{"@type":"ListItem","position":1,"name":"Portada","item":"https:\/\/emserchia.gov.co\/wordem\/"},{"@type":"ListItem","position":2,"name":"Participa &#8211; Emserchia","item":"https:\/\/emserchia.gov.co\/wordem\/participa\/"},{"@type":"ListItem","position":3,"name":"Participacion &#8211; Emserchia"}]},{"@type":"WebSite","@id":"https:\/\/emserchia.gov.co\/wordem\/#website","url":"https:\/\/emserchia.gov.co\/wordem\/","name":"","description":"","publisher":{"@id":"https:\/\/emserchia.gov.co\/wordem\/#organization"},"potentialAction":[{"@type":"SearchAction","target":{"@type":"EntryPoint","urlTemplate":"https:\/\/emserchia.gov.co\/wordem\/?s={search_term_string}"},"query-input":{"@type":"PropertyValueSpecification","valueRequired":true,"valueName":"search_term_string"}}],"inLanguage":"es"},{"@type":"Organization","@id":"https:\/\/emserchia.gov.co\/wordem\/#organization","name":"EMSERCHIA E.S.P","url":"https:\/\/emserchia.gov.co\/wordem\/","logo":{"@type":"ImageObject","inLanguage":"es","@id":"https:\/\/emserchia.gov.co\/wordem\/#\/schema\/logo\/image\/","url":"https:\/\/emserchia.gov.co\/wordem\/wp-content\/uploads\/2019\/03\/emser-e1551997944868.jpg","contentUrl":"https:\/\/emserchia.gov.co\/wordem\/wp-content\/uploads\/2019\/03\/emser-e1551997944868.jpg","width":276,"height":170,"caption":"EMSERCHIA E.S.P"},"image":{"@id":"https:\/\/emserchia.gov.co\/wordem\/#\/schema\/logo\/image\/"}}]}},"_links":{"self":[{"href":"https:\/\/emserchia.gov.co\/wordem\/wp-json\/wp\/v2\/pages\/7794","targetHints":{"allow":["GET"]}}],"collection":[{"href":"https:\/\/emserchia.gov.co\/wordem\/wp-json\/wp\/v2\/pages"}],"about":[{"href":"https:\/\/emserchia.gov.co\/wordem\/wp-json\/wp\/v2\/types\/page"}],"author":[{"embeddable":true,"href":"https:\/\/emserchia.gov.co\/wordem\/wp-json\/wp\/v2\/users\/1"}],"replies":[{"embeddable":true,"href":"https:\/\/emserchia.gov.co\/wordem\/wp-json\/wp\/v2\/comments?post=7794"}],"version-history":[{"count":9,"href":"https:\/\/emserchia.gov.co\/wordem\/wp-json\/wp\/v2\/pages\/7794\/revisions"}],"predecessor-version":[{"id":10523,"href":"https:\/\/emserchia.gov.co\/wordem\/wp-json\/wp\/v2\/pages\/7794\/revisions\/10523"}],"up":[{"embeddable":true,"href":"https:\/\/emserchia.gov.co\/wordem\/wp-json\/wp\/v2\/pages\/7710"}],"wp:attachment":[{"href":"https:\/\/emserchia.gov.co\/wordem\/wp-json\/wp\/v2\/media?parent=7794"}],"curies":[{"name":"wp","href":"https:\/\/api.w.org\/{rel}","templated":true}]}}